{"id":12309,"date":"2020-02-18T14:33:04","date_gmt":"2020-02-18T13:33:04","guid":{"rendered":"http:\/\/ksiegarnia-akademicka.pl\/?post_type=product&#038;p=12309"},"modified":"2020-02-18T14:33:04","modified_gmt":"2020-02-18T13:33:04","slug":"zamkniecie-roku-2019-w-jednostkach-sektora-publicznego","status":"publish","type":"product","link":"https:\/\/ksiegarnia-akademicka.pl\/index.php\/product\/zamkniecie-roku-2019-w-jednostkach-sektora-publicznego\/","title":{"rendered":"Zamkni\u0119cie roku 2019 w jednostkach sektora publicznego"},"content":{"rendered":"<p>Autor:<br \/>\nIzabela \u015awiderek<br \/>\nAnna Zienkiewicz<br \/>\nBarbara Jarosz<br \/>\nWydawca: Wiedza i Praktyka<br \/>\nOprawa: Mi\u0119kka<br \/>\nLiczba stron: 306<br \/>\nRok wydania: 2020<br \/>\nJ\u0119zyk wydania: polski<\/p>\n<p>Publikacja zawiera praktyczne zestawienie wszystkich czynno\u015bci zwi\u0105zanych z zamkni\u0119ciem roku w jednostce. Dzi\u0119ki tej publikacji Czytelnik bez k\u0142opotu dokona wszystkich niezb\u0119dnych czynno\u015bci zwi\u0105zanych z przygotowaniem ksi\u0105g rachunkowych do zamkni\u0119cia.<\/p>\n","protected":false},"excerpt":{"rendered":"<p>Autor: Izabela \u015awiderek Anna Zienkiewicz Barbara Jarosz Wydawca: Wiedza i [&hellip;]<\/p>\n","protected":false},"featured_media":12310,"template":"","meta":[],"product_brand":[],"product_cat":[19,7500,7501,23],"product_tag":[472,1496,5275],"class_list":{"0":"post-12309","1":"product","2":"type-product","3":"status-publish","4":"has-post-thumbnail","6":"product_cat-finanse-i-prawo-finansowe","7":"product_cat-finanse-publiczne","8":"product_cat-prawo-finansowe","9":"product_cat-rachunkowosc","10":"product_tag-finanse-publiczne","11":"product_tag-rachunkowosc","12":"product_tag-zamkniecie-roku","14":"first","15":"instock","16":"sale","17":"shipping-taxable","18":"purchasable","19":"product-type-simple"},"_links":{"self":[{"href":"https:\/\/ksiegarnia-akademicka.pl\/index.php\/wp-json\/wp\/v2\/product\/12309","targetHints":{"allow":["GET"]}}],"collection":[{"href":"https:\/\/ksiegarnia-akademicka.pl\/index.php\/wp-json\/wp\/v2\/product"}],"about":[{"href":"https:\/\/ksiegarnia-akademicka.pl\/index.php\/wp-json\/wp\/v2\/types\/product"}],"wp:featuredmedia":[{"embeddable":true,"href":"https:\/\/ksiegarnia-akademicka.pl\/index.php\/wp-json\/wp\/v2\/media\/12310"}],"wp:attachment":[{"href":"https:\/\/ksiegarnia-akademicka.pl\/index.php\/wp-json\/wp\/v2\/media?parent=12309"}],"wp:term":[{"taxonomy":"product_brand","embeddable":true,"href":"https:\/\/ksiegarnia-akademicka.pl\/index.php\/wp-json\/wp\/v2\/product_brand?post=12309"},{"taxonomy":"product_cat","embeddable":true,"href":"https:\/\/ksiegarnia-akademicka.pl\/index.php\/wp-json\/wp\/v2\/product_cat?post=12309"},{"taxonomy":"product_tag","embeddable":true,"href":"https:\/\/ksiegarnia-akademicka.pl\/index.php\/wp-json\/wp\/v2\/product_tag?post=12309"}],"curies":[{"name":"wp","href":"https:\/\/api.w.org\/{rel}","templated":true}]}}