{"id":12307,"date":"2020-02-18T14:31:08","date_gmt":"2020-02-18T13:31:08","guid":{"rendered":"http:\/\/ksiegarnia-akademicka.pl\/?post_type=product&#038;p=12307"},"modified":"2020-02-18T14:31:09","modified_gmt":"2020-02-18T13:31:09","slug":"zamkniecie-roku-2019","status":"publish","type":"product","link":"https:\/\/ksiegarnia-akademicka.pl\/index.php\/product\/zamkniecie-roku-2019\/","title":{"rendered":"Zamkni\u0119cie roku 2019"},"content":{"rendered":"<p>Autor:<br \/>\nKatarzyna Trzpio\u0142a<br \/>\nWydawca: Wiedza i Praktyka<br \/>\nOprawa: Mi\u0119kka<br \/>\nLiczba stron: 360<br \/>\nRok wydania: 2020<br \/>\nJ\u0119zyk wydania: polski<\/p>\n<p>Publikacja zawiera wskaz\u00f3wki jak sporz\u0105dzi\u0107 inwentaryzacje oraz bilans. Podpowiada r\u00f3wnie\u017c jakie dzia\u0142ania trzeba podj\u0105\u0107 gdy przedsi\u0119biorca przechodzi z PKPiR na pe\u0142ne ksi\u0119gi rachunkowe.<\/p>\n","protected":false},"excerpt":{"rendered":"<p>Autor: Katarzyna Trzpio\u0142a Wydawca: Wiedza i Praktyka Oprawa: Mi\u0119kka Liczba [&hellip;]<\/p>\n","protected":false},"featured_media":12308,"template":"","meta":[],"product_brand":[],"product_cat":[23],"product_tag":[1496,5275],"class_list":{"0":"post-12307","1":"product","2":"type-product","3":"status-publish","4":"has-post-thumbnail","6":"product_cat-rachunkowosc","7":"product_tag-rachunkowosc","8":"product_tag-zamkniecie-roku","10":"first","11":"instock","12":"sale","13":"shipping-taxable","14":"purchasable","15":"product-type-simple"},"_links":{"self":[{"href":"https:\/\/ksiegarnia-akademicka.pl\/index.php\/wp-json\/wp\/v2\/product\/12307","targetHints":{"allow":["GET"]}}],"collection":[{"href":"https:\/\/ksiegarnia-akademicka.pl\/index.php\/wp-json\/wp\/v2\/product"}],"about":[{"href":"https:\/\/ksiegarnia-akademicka.pl\/index.php\/wp-json\/wp\/v2\/types\/product"}],"wp:featuredmedia":[{"embeddable":true,"href":"https:\/\/ksiegarnia-akademicka.pl\/index.php\/wp-json\/wp\/v2\/media\/12308"}],"wp:attachment":[{"href":"https:\/\/ksiegarnia-akademicka.pl\/index.php\/wp-json\/wp\/v2\/media?parent=12307"}],"wp:term":[{"taxonomy":"product_brand","embeddable":true,"href":"https:\/\/ksiegarnia-akademicka.pl\/index.php\/wp-json\/wp\/v2\/product_brand?post=12307"},{"taxonomy":"product_cat","embeddable":true,"href":"https:\/\/ksiegarnia-akademicka.pl\/index.php\/wp-json\/wp\/v2\/product_cat?post=12307"},{"taxonomy":"product_tag","embeddable":true,"href":"https:\/\/ksiegarnia-akademicka.pl\/index.php\/wp-json\/wp\/v2\/product_tag?post=12307"}],"curies":[{"name":"wp","href":"https:\/\/api.w.org\/{rel}","templated":true}]}}