{"id":12303,"date":"2020-02-18T14:22:30","date_gmt":"2020-02-18T13:22:30","guid":{"rendered":"http:\/\/ksiegarnia-akademicka.pl\/?post_type=product&#038;p=12303"},"modified":"2020-02-18T14:22:31","modified_gmt":"2020-02-18T13:22:31","slug":"przewodnik-frankowicza","status":"publish","type":"product","link":"https:\/\/ksiegarnia-akademicka.pl\/index.php\/product\/przewodnik-frankowicza\/","title":{"rendered":"Przewodnik frankowicza"},"content":{"rendered":"<p>Autor:<br \/>\nMariusz Korpalski<br \/>\nJacek Czaba\u0144ski<br \/>\nWydawca: Wolters Kluwer<br \/>\nOprawa: Mi\u0119kka<br \/>\nLiczba stron: 160<br \/>\nWydanie: 1<br \/>\nRok wydania: 2020<br \/>\nJ\u0119zyk wydania: polski<\/p>\n<p>Dost\u0119pny po 26 lutego 2020 r.<\/p>\n<p>Publikacja jest po\u015bwi\u0119cona istotnym i aktualnym problemom nurtuj\u0105cym kredytobiorc\u00f3w, ich pe\u0142nomocnik\u00f3w oraz s\u0119dzi\u00f3w prowadz\u0105cych tysi\u0105ce proces\u00f3w wymagaj\u0105cych oceny wa\u017cno\u015bci i skuteczno\u015bci r\u00f3\u017cnego rodzaju um\u00f3w kredytu z elementem walutowym.<\/p>\n<p>Autorzy \u2013 adwokat i dwaj radcy prawni reprezentuj\u0105cy od blisko 10 lat kredytobiorc\u00f3w w sporach s\u0105dowych z bankami \u2013 poruszaj\u0105 wszystkie kwestie sporne opieraj\u0105c si\u0119 na licznych przyk\u0142adach z orzecznictwa s\u0105dowego (tak krajowego, jak i zagranicznego, w tym zw\u0142aszcza Trybuna\u0142u Sprawiedliwo\u015bci Unii Europejskiej) dotycz\u0105cego kredyt\u00f3w indeksowanych\/denominowanych kursem waluty obcej.<br \/>\nCzytelnicy odnajd\u0105 tu m.in. odpowiedzi na nast\u0119puj\u0105ce pytania:<br \/>\nJakie s\u0105 skutki niewa\u017cno\u015bci umowy kredytu?<br \/>\nNa czym polega odfrankowienie i czy mo\u017ce mie\u0107 zastosowanie do mojej umowy?<br \/>\nCzy moja umowa jest kredytem indeksowanym, czy denominowanym i co z tego wynika?<br \/>\nCzy mo\u017cna podwa\u017ca\u0107 wa\u017cno\u015b\u0107 lub skuteczno\u015b\u0107 umowy kredytu gospodarczego?<br \/>\nSzczeg\u00f3lnie warte uwagi s\u0105 ponadto analizy zagadnie\u0144 przedawnienia roszcze\u0144 oraz mo\u017cliwych zarzut\u00f3w wzgl\u0119dem umowy kredytu indeksowanego lub denominowanego kursem waluty obcej.<\/p>\n","protected":false},"excerpt":{"rendered":"<p>Autor: Mariusz Korpalski Jacek Czaba\u0144ski Wydawca: Wolters Kluwer Oprawa: Mi\u0119kka [&hellip;]<\/p>\n","protected":false},"featured_media":12304,"template":"","meta":[],"product_brand":[],"product_cat":[20,7503,19,7501],"product_tag":[411,483,1136],"class_list":{"0":"post-12303","1":"product","2":"type-product","3":"status-publish","4":"has-post-thumbnail","6":"product_cat-bankowosc","7":"product_cat-bankowosc-i-prawo-bankowe","8":"product_cat-finanse-i-prawo-finansowe","9":"product_cat-prawo-finansowe","10":"product_tag-bankowosc","11":"product_tag-prawo-bankowe","12":"product_tag-prawo-finansowe","14":"first","15":"instock","16":"sale","17":"shipping-taxable","18":"purchasable","19":"product-type-simple"},"_links":{"self":[{"href":"https:\/\/ksiegarnia-akademicka.pl\/index.php\/wp-json\/wp\/v2\/product\/12303","targetHints":{"allow":["GET"]}}],"collection":[{"href":"https:\/\/ksiegarnia-akademicka.pl\/index.php\/wp-json\/wp\/v2\/product"}],"about":[{"href":"https:\/\/ksiegarnia-akademicka.pl\/index.php\/wp-json\/wp\/v2\/types\/product"}],"wp:featuredmedia":[{"embeddable":true,"href":"https:\/\/ksiegarnia-akademicka.pl\/index.php\/wp-json\/wp\/v2\/media\/12304"}],"wp:attachment":[{"href":"https:\/\/ksiegarnia-akademicka.pl\/index.php\/wp-json\/wp\/v2\/media?parent=12303"}],"wp:term":[{"taxonomy":"product_brand","embeddable":true,"href":"https:\/\/ksiegarnia-akademicka.pl\/index.php\/wp-json\/wp\/v2\/product_brand?post=12303"},{"taxonomy":"product_cat","embeddable":true,"href":"https:\/\/ksiegarnia-akademicka.pl\/index.php\/wp-json\/wp\/v2\/product_cat?post=12303"},{"taxonomy":"product_tag","embeddable":true,"href":"https:\/\/ksiegarnia-akademicka.pl\/index.php\/wp-json\/wp\/v2\/product_tag?post=12303"}],"curies":[{"name":"wp","href":"https:\/\/api.w.org\/{rel}","templated":true}]}}