{"id":12292,"date":"2020-02-17T09:20:30","date_gmt":"2020-02-17T08:20:30","guid":{"rendered":"http:\/\/ksiegarnia-akademicka.pl\/?post_type=product&#038;p=12292"},"modified":"2020-02-17T09:20:30","modified_gmt":"2020-02-17T08:20:30","slug":"kapitalizm-patchworkowy-w-polsce-i-krajach-europy-srodkowo-wschodniej","status":"publish","type":"product","link":"https:\/\/ksiegarnia-akademicka.pl\/index.php\/product\/kapitalizm-patchworkowy-w-polsce-i-krajach-europy-srodkowo-wschodniej\/","title":{"rendered":"Kapitalizm patchworkowy w Polsce i krajach Europy \u015arodkowo-Wschodniej"},"content":{"rendered":"<p>Redakcja: Ryszard Rapacki<br \/>\nWydawca: PWE<br \/>\nOprawa: Mi\u0119kka<br \/>\nLiczba stron: 396<br \/>\nRok wydania: 2019<br \/>\nJ\u0119zyk wydania: polski<\/p>\n<p>Ksi\u0105\u017cka zawiera wyniki interdyscyplinarnego projektu badawczego osadzonego w nurcie studi\u00f3w por\u00f3wnawczych nad kapitalizmem, realizowanego przez zesp\u00f3\u0142 autor\u00f3w w latach 2015-2019. Przyjmuj\u0105c w punkcie wyj\u015bcia ramy analityczne wykorzystywane w najnowszej literaturze przedmiotu, zakorzenione w paradygmatach nowej ekonomii instytucjonalnej i nowej socjologii ekonomicznej autorzy znacznie rozszerzyli i zmodyfikowali te ramy, tak aby pozwoli\u0142y one uwzgl\u0119dni\u0107 osobliwo\u015bci architektury instytucjonalnej powsta\u0142ej w by\u0142ych krajach socjalistycznych.<\/p>\n<p>Ksi\u0105\u017cka przedstawia obraz empiryczny wy\u0142aniaj\u0105cego si\u0119 postkomunistycznego kapitalizmu w Polsce i dziesi\u0119ciu innych nowych krajach cz\u0142onkowskich Unii Europejskiej z Europy \u015arodkowo-Wschodniej (E\u015aW11) \u2013 Bu\u0142garii, Chorwacji, Czechach, Estonii, Litwie, \u0141otwie, Rumunii, S\u0142owacji, S\u0142owenii i na W\u0119grzech &#8211; pozwalaj\u0105cy lepiej zrozumie\u0107 jego natur\u0119 i najwa\u017cniejsze cechy wyr\u00f3\u017cniaj\u0105ce. G\u0142\u00f3wny nacisk w badaniu zosta\u0142 po\u0142o\u017cony na analiz\u0119 podobie\u0144stwa powstaj\u0105cego w krajach E\u015aW11 \u0142adu instytucjonalnego do czterech modeli zachodnioeuropejskiego kapitalizmu wsp\u00f3\u0142istniej\u0105cych w Unii Europejskiej \u2013 kontynentalnego, anglosaskiego, nordyckiego i \u015br\u00f3dziemnomorskiego. Modele te by\u0142y reprezentowane w badaniu przez najbardziej typowe kraje cz\u0142onkowskie \u201estarej\u201d Unii uciele\u015bniaj\u0105ce dany model, tj. odpowiednio Niemcy (model kontynentalny), Wielk\u0105 Brytani\u0119 (model anglosaski), Szwecj\u0119 (model nordycki) i Hiszpani\u0119\/W\u0142ochy (model \u015br\u00f3dziemnomorski). W analizie por\u00f3wnawczej zosta\u0142a zastosowana autorska metoda wsp\u00f3\u0142czynnik\u00f3w i sze\u015bciok\u0105t\u00f3w podobie\u0144stwa.<\/p>\n<p>Uzyskane wyniki wskazuj\u0105, \u017ce powsta\u0142y w Polsce i w krajach E\u015aW11 \u0142ad instytucjonalny przejawia stosunkowo najwi\u0119ksze podobie\u0144stwo do \u015br\u00f3dziemnomorskiego modelu kapitalizmu. Jednocze\u015bnie jednak do najbardziej wyrazistych cech postkomunistycznego kapitalizmu w Europie \u015arodkowo-Wschodniej nale\u017c\u0105 m.in. jednoczesna blisko\u015b\u0107 instytucjonalna do innych modeli zachodnioeuropejskiego kapitalizmu, niedopasowanie element\u00f3w konstrukcyjnych jego architektury instytucjonalnej i wyra\u017any deficyt komplementarno\u015bci instytucjonalnych. Cechy te sprawiaj\u0105, \u017ce postkomunistyczny \u0142ad instytucjonalny w krajach E\u015aW stanowi nowy, odr\u0119bny od dotychczas istniej\u0105cych w Unii Europejskiej model kapitalizmu, kt\u00f3rego istot\u0119 najlepiej oddaje termin &#8222;kapitalizm patchworkowy&#8221;.<\/p>\n","protected":false},"excerpt":{"rendered":"<p>Redakcja: Ryszard Rapacki Wydawca: PWE Oprawa: Mi\u0119kka Liczba stron: 396 [&hellip;]<\/p>\n","protected":false},"featured_media":12293,"template":"","meta":[],"product_brand":[],"product_cat":[32,17,7498],"product_tag":[337,1859],"class_list":{"0":"post-12292","1":"product","2":"type-product","3":"status-publish","4":"has-post-thumbnail","6":"product_cat-biznes","7":"product_cat-ekonomia","8":"product_cat-teoria-ekonomii","9":"product_tag-ekonomia","10":"product_tag-kapitalizm","12":"first","13":"instock","14":"sale","15":"shipping-taxable","16":"purchasable","17":"product-type-simple"},"_links":{"self":[{"href":"https:\/\/ksiegarnia-akademicka.pl\/index.php\/wp-json\/wp\/v2\/product\/12292","targetHints":{"allow":["GET"]}}],"collection":[{"href":"https:\/\/ksiegarnia-akademicka.pl\/index.php\/wp-json\/wp\/v2\/product"}],"about":[{"href":"https:\/\/ksiegarnia-akademicka.pl\/index.php\/wp-json\/wp\/v2\/types\/product"}],"wp:featuredmedia":[{"embeddable":true,"href":"https:\/\/ksiegarnia-akademicka.pl\/index.php\/wp-json\/wp\/v2\/media\/12293"}],"wp:attachment":[{"href":"https:\/\/ksiegarnia-akademicka.pl\/index.php\/wp-json\/wp\/v2\/media?parent=12292"}],"wp:term":[{"taxonomy":"product_brand","embeddable":true,"href":"https:\/\/ksiegarnia-akademicka.pl\/index.php\/wp-json\/wp\/v2\/product_brand?post=12292"},{"taxonomy":"product_cat","embeddable":true,"href":"https:\/\/ksiegarnia-akademicka.pl\/index.php\/wp-json\/wp\/v2\/product_cat?post=12292"},{"taxonomy":"product_tag","embeddable":true,"href":"https:\/\/ksiegarnia-akademicka.pl\/index.php\/wp-json\/wp\/v2\/product_tag?post=12292"}],"curies":[{"name":"wp","href":"https:\/\/api.w.org\/{rel}","templated":true}]}}