{"id":12284,"date":"2020-02-14T10:07:22","date_gmt":"2020-02-14T09:07:22","guid":{"rendered":"http:\/\/ksiegarnia-akademicka.pl\/?post_type=product&#038;p=12284"},"modified":"2020-02-14T10:07:22","modified_gmt":"2020-02-14T09:07:22","slug":"dostep-do-informacji-publicznej-pytania-i-odpowiedzi-wzory-pism","status":"publish","type":"product","link":"https:\/\/ksiegarnia-akademicka.pl\/index.php\/product\/dostep-do-informacji-publicznej-pytania-i-odpowiedzi-wzory-pism\/","title":{"rendered":"Dost\u0119p do informacji publicznej. Pytania i odpowiedzi. Wzory pism"},"content":{"rendered":"<p>Piotr Sitniewski<br \/>\nWydawnictwo: Wolters Kluwer Polska<br \/>\nRok publikacji: 2020<br \/>\nWydanie: 3<br \/>\nLiczba stron: 328<br \/>\nSeria: Poradniki LEX<br \/>\nRodzaj: Poradnik Wzory pism<br \/>\nOk\u0142adka: mi\u0119kka<br \/>\nFormat: B5<\/p>\n<p>Ksi\u0105\u017cka stanowi syntetyczne zestawienie najwa\u017cniejszych zagadnie\u0144 dotycz\u0105cych realizacji prawa do informacji publicznej \u2013 przedstawionych w formie pyta\u0144 i odpowiedzi. Poruszone tematy s\u0105 odzwierciedleniem praktycznych problem\u00f3w sygnalizowanych w trakcie licznych szkole\u0144 prowadzonych przez autora oraz szeroko odnosz\u0105 si\u0119 do orzecznictwa s\u0105d\u00f3w administracyjnych.<\/p>\n<p>W trzecim wydaniu zwr\u00f3cono szczeg\u00f3ln\u0105 uwag\u0119 na najwa\u017cniejsze orzeczenia s\u0105d\u00f3w administracyjnych, jakie zapad\u0142y od ostatniego wydania, czyli w latach 2017\u20132019 r. Ponadto publikacja zosta\u0142a wzbogacona o nowe wzory pism, dotycz\u0105ce m.in. odmowy udost\u0119pnienia informacji publicznej, jak r\u00f3wnie\u017c o nowe pytania, zwi\u0105zane m.in. z prowadzeniem strony BIP.<\/p>\n<p>Autor wyja\u015bnia, co stanowi informacj\u0119 publiczn\u0105, a ponadto omawia:<\/p>\n<p>zakres podmiotowy i przedmiotowy prawa do informacji publicznej,<br \/>\nformy wniosku o udost\u0119pnienie informacji publicznej,<br \/>\nspos\u00f3b i form\u0119 udost\u0119pnienia informacji publicznej,<br \/>\ntryby udzielenia informacji publicznej,<br \/>\nzasady udzielania odpowiedzi na wniosek,<br \/>\nzagadnienia op\u0142at i koszt\u00f3w.<br \/>\nAdresaci:<br \/>\nPublikacja jest przeznaczona dla os\u00f3b, kt\u00f3re s\u0105 zobowi\u0105zane do stosowania ustawy o dost\u0119pie do informacji publicznej i \u2013 w tym zakresie \u2013 do udzielania informacji publicznych b\u0119d\u0105cych w ich posiadaniu. B\u0119dzie przydatna w szczeg\u00f3lno\u015bci pracownikom urz\u0119d\u00f3w administracji publicznej, administracji s\u0105d\u00f3w, administratorom Biuletynu Informacji Publicznej, radcom prawnym, adwokatom oraz s\u0119dziom s\u0105d\u00f3w powszechnych i administracyjnych.<\/p>\n","protected":false},"excerpt":{"rendered":"<p>Piotr Sitniewski Wydawnictwo: Wolters Kluwer Polska Rok publikacji: 2020 Wydanie: [&hellip;]<\/p>\n","protected":false},"featured_media":12285,"template":"","meta":[],"product_brand":[],"product_cat":[7492,18],"product_tag":[485,6474],"class_list":{"0":"post-12284","1":"product","2":"type-product","3":"status-publish","4":"has-post-thumbnail","6":"product_cat-administracyjne","7":"product_cat-prawo","8":"product_tag-prawo-administracyjne","9":"product_tag-seria-poradniki-lex","11":"first","12":"instock","13":"sale","14":"shipping-taxable","15":"purchasable","16":"product-type-simple"},"_links":{"self":[{"href":"https:\/\/ksiegarnia-akademicka.pl\/index.php\/wp-json\/wp\/v2\/product\/12284","targetHints":{"allow":["GET"]}}],"collection":[{"href":"https:\/\/ksiegarnia-akademicka.pl\/index.php\/wp-json\/wp\/v2\/product"}],"about":[{"href":"https:\/\/ksiegarnia-akademicka.pl\/index.php\/wp-json\/wp\/v2\/types\/product"}],"wp:featuredmedia":[{"embeddable":true,"href":"https:\/\/ksiegarnia-akademicka.pl\/index.php\/wp-json\/wp\/v2\/media\/12285"}],"wp:attachment":[{"href":"https:\/\/ksiegarnia-akademicka.pl\/index.php\/wp-json\/wp\/v2\/media?parent=12284"}],"wp:term":[{"taxonomy":"product_brand","embeddable":true,"href":"https:\/\/ksiegarnia-akademicka.pl\/index.php\/wp-json\/wp\/v2\/product_brand?post=12284"},{"taxonomy":"product_cat","embeddable":true,"href":"https:\/\/ksiegarnia-akademicka.pl\/index.php\/wp-json\/wp\/v2\/product_cat?post=12284"},{"taxonomy":"product_tag","embeddable":true,"href":"https:\/\/ksiegarnia-akademicka.pl\/index.php\/wp-json\/wp\/v2\/product_tag?post=12284"}],"curies":[{"name":"wp","href":"https:\/\/api.w.org\/{rel}","templated":true}]}}