{"id":12260,"date":"2020-02-14T09:11:54","date_gmt":"2020-02-14T08:11:54","guid":{"rendered":"http:\/\/ksiegarnia-akademicka.pl\/?post_type=product&#038;p=12260"},"modified":"2024-12-05T08:05:13","modified_gmt":"2024-12-05T07:05:13","slug":"waskotorowe-wagony-spalinowe","status":"publish","type":"product","link":"https:\/\/ksiegarnia-akademicka.pl\/index.php\/product\/waskotorowe-wagony-spalinowe\/","title":{"rendered":"W\u0105skotorowe wagony spalinowe"},"content":{"rendered":"<p>Autor:<br \/>\nBogdan Pokropi\u0144ski<br \/>\nWydawca: Wydawnictwa Komunikacji i \u0141\u0105czno\u015bci WK\u0141<br \/>\nOprawa: Twarda<br \/>\nLiczba stron: 188<br \/>\nWydanie: 1<br \/>\nRok wydania: 2020<br \/>\nJ\u0119zyk wydania: polski<\/p>\n<p>W ksi\u0105\u017cce przedstawiono wszystkie serie w\u0105skotorowych wagon\u00f3w spalinowych (zwanych te\u017c motorowymi) u\u017cywanych w Polsce od 1926 roku do pocz\u0105tku XXI wieku, na kolejach o szeroko\u015bci tor\u00f3w: 600, 750, 785, 800 i 1000 mm. S\u0105 tu wagony zbudowane zar\u00f3wno w Polsce (przez fabryki oraz \u201emetod\u0105 gospodarcz\u0105\u201d przez warsztaty kolei w\u0105skotorowych), jak i zakupione za granic\u0105 oraz przej\u0119te w 1945 roku po kolejach niemieckich. Opisano budow\u0119 poszczeg\u00f3lnych serii wagon\u00f3w oraz, w miar\u0119 mo\u017cliwo\u015bci, losy poszczeg\u00f3lnych wagon\u00f3w. Og\u00f3\u0142em po w\u0105skich torach w Polsce je\u017adzi\u0142o ponad 130 wagon\u00f3w spalinowych, w chwili obecnej czynnych jest zaledwie kilka, a nieliczne wagony s\u0105 nieczynnymi obiektami muzealnymi.<br \/>\nOdbiorcy: mi\u0142o\u015bnicy kolei, hobbi\u015bci, modelarze oraz wszyscy zainteresowani histori\u0105 kolei polskich.<\/p>\n","protected":false},"excerpt":{"rendered":"<p>Autor: Bogdan Pokropi\u0144ski Wydawca: Wydawnictwa Komunikacji i \u0141\u0105czno\u015bci WK\u0141 Oprawa: [&hellip;]<\/p>\n","protected":false},"featured_media":12261,"template":"","meta":[],"product_brand":[],"product_cat":[41,7923],"product_tag":[5430,7678],"class_list":{"0":"post-12260","1":"product","2":"type-product","3":"status-publish","4":"has-post-thumbnail","6":"product_cat-nauki-techniczne","7":"product_cat-transport-kolejowy","8":"product_tag-kolejnictwo","9":"product_tag-transport-szynowy","11":"first","12":"instock","13":"sale","14":"shipping-taxable","15":"purchasable","16":"product-type-simple"},"_links":{"self":[{"href":"https:\/\/ksiegarnia-akademicka.pl\/index.php\/wp-json\/wp\/v2\/product\/12260","targetHints":{"allow":["GET"]}}],"collection":[{"href":"https:\/\/ksiegarnia-akademicka.pl\/index.php\/wp-json\/wp\/v2\/product"}],"about":[{"href":"https:\/\/ksiegarnia-akademicka.pl\/index.php\/wp-json\/wp\/v2\/types\/product"}],"wp:featuredmedia":[{"embeddable":true,"href":"https:\/\/ksiegarnia-akademicka.pl\/index.php\/wp-json\/wp\/v2\/media\/12261"}],"wp:attachment":[{"href":"https:\/\/ksiegarnia-akademicka.pl\/index.php\/wp-json\/wp\/v2\/media?parent=12260"}],"wp:term":[{"taxonomy":"product_brand","embeddable":true,"href":"https:\/\/ksiegarnia-akademicka.pl\/index.php\/wp-json\/wp\/v2\/product_brand?post=12260"},{"taxonomy":"product_cat","embeddable":true,"href":"https:\/\/ksiegarnia-akademicka.pl\/index.php\/wp-json\/wp\/v2\/product_cat?post=12260"},{"taxonomy":"product_tag","embeddable":true,"href":"https:\/\/ksiegarnia-akademicka.pl\/index.php\/wp-json\/wp\/v2\/product_tag?post=12260"}],"curies":[{"name":"wp","href":"https:\/\/api.w.org\/{rel}","templated":true}]}}