{"id":12236,"date":"2020-02-13T08:40:51","date_gmt":"2020-02-13T07:40:51","guid":{"rendered":"http:\/\/ksiegarnia-akademicka.pl\/?post_type=product&#038;p=12236"},"modified":"2024-12-05T08:06:09","modified_gmt":"2024-12-05T07:06:09","slug":"rachunkowosc-w-zarzadzaniu-projektami-finansowanymi-ze-srodkow-unijnych","status":"publish","type":"product","link":"https:\/\/ksiegarnia-akademicka.pl\/index.php\/product\/rachunkowosc-w-zarzadzaniu-projektami-finansowanymi-ze-srodkow-unijnych\/","title":{"rendered":"Rachunkowo\u015b\u0107 w zarz\u0105dzaniu projektami finansowanymi ze \u015brodk\u00f3w unijnych"},"content":{"rendered":"<p>Krzysztof Dziadek<br \/>\nWydawnictwo: Wolters Kluwer Polska<br \/>\nRok publikacji: 2020<br \/>\nWydanie: 1<br \/>\nLiczba stron: 336<br \/>\nSeria: Poradniki LEX<br \/>\nRodzaj: Poradnik<br \/>\nOk\u0142adka: mi\u0119kka<br \/>\nFormat: A5<\/p>\n<p>Publikacja porz\u0105dkuje wiedz\u0119 z zakresu prowadzenia rachunkowo\u015bci projekt\u00f3w dofinansowanych z funduszy unijnych.<\/p>\n<p>W ksi\u0105\u017cce znajdziesz zagadnienia dotycz\u0105ce m.in.:<\/p>\n<p>dostosowania polityki rachunkowo\u015bci do wymog\u00f3w funduszy unijnych,<br \/>\nuj\u0119cia w ewidencji ksi\u0119gowej zdarze\u0144 zwi\u0105zanych z otrzymanym dofinansowaniem,<br \/>\nwyceny maj\u0105tku sfinansowanego z udzia\u0142em dotacji unijnej,<br \/>\nprezentacji dotacji w sprawozdaniu finansowym.<br \/>\nIco_Gray_17.gif [486 B]   Autor omawia ponadto problemy zwi\u0105zane z opodatkowaniem dotacji na gruncie:<\/p>\n<p>podatk\u00f3w dochodowych, w tym:<br \/>\notrzymanie dotacji a przych\u00f3d podatkowy,<br \/>\nmo\u017cliwo\u015bci zaliczenia do koszt\u00f3w podatkowych wydatk\u00f3w ponoszonych w projektach,<br \/>\nzasady uj\u0119cia w kosztach podatkowych amortyzacji od aktyw\u00f3w trwa\u0142ych wsp\u00f3\u0142finansowanych dotacjami;<br \/>\npodatku od towar\u00f3w i us\u0142ug, w tym:<br \/>\nobowi\u0105zek zap\u0142aty podatku VAT od otrzymanej dotacji,<br \/>\nmo\u017cliwo\u015bci odliczenia VAT od wydatk\u00f3w ponoszonych w projektach.<br \/>\nIco_Gray_17.gif [486 B] W opracowaniu wskazano r\u00f3wnie\u017c przyk\u0142ady rozbudowy ewidencji ksi\u0119gowej zapewniaj\u0105ce pozyskiwanie szczeg\u00f3\u0142owych informacji na temat:<\/p>\n<p>realizowanych projekt\u00f3w, a tak\u017ce<br \/>\nmo\u017cliwo\u015bci tworzenia raport\u00f3w zarz\u0105dczych na podstawie danych z wyodr\u0119bnionej ewidencji ksi\u0119gowej projekt\u00f3w, kt\u00f3re mog\u0105 by\u0107 wykorzystane przez koordynator\u00f3w oraz kontroler\u00f3w do podejmowania decyzji w zakresie:<br \/>\nzarz\u0105dzania kosztami i finansami projektu,<br \/>\nkontroli wykorzystania \u015brodk\u00f3w pieni\u0119\u017cnych oraz<br \/>\nmonitorowania przep\u0142yw\u00f3w pieni\u0119\u017cnych w projekcie.<br \/>\nPublikacja prezentuje wyniki bada\u0144 prowadzonych przez autora ksi\u0105\u017cki w przedsi\u0119biorstwach w zakresie rozwi\u0105za\u0144 stosowanych do prowadzenia wyodr\u0119bnionej ewidencji ksi\u0119gowej projekt\u00f3w unijnych, zakresu informacji finansowych przekazywanych mened\u017cerom do zarz\u0105dzania projektami, problem\u00f3w wyst\u0119puj\u0105cych przy realizacji projekt\u00f3w, a tak\u017ce ocen\u0119 dostosowania sposobu prowadzenia wyodr\u0119bnionej ewidencji ksi\u0119gowej do potrzeb informacyjnych instytucji finansuj\u0105cych oraz mened\u017cer\u00f3w zarz\u0105dzaj\u0105cych tymi projektami.<\/p>\n<p>Adresaci:<br \/>\nKsi\u0105\u017cka jest przeznaczona dla doradc\u00f3w podatkowych, g\u0142\u00f3wnych ksi\u0119gowych, pracownik\u00f3w zatrudnionych w kom\u00f3rkach finansowo-ksi\u0119gowych oraz biurach rachunkowych. B\u0119dzie cennym \u017ar\u00f3d\u0142em wiedzy dla pracownik\u00f3w naukowych, a tak\u017ce student\u00f3w uczelni wy\u017cszych oraz s\u0142uchaczy studi\u00f3w podyplomowych realizuj\u0105cych kursy zwi\u0105zane z problematyk\u0105 rachunkowo\u015bci i zarz\u0105dzania projektami unijnymi.<\/p>\n","protected":false},"excerpt":{"rendered":"<p>Krzysztof Dziadek Wydawnictwo: Wolters Kluwer Polska Rok publikacji: 2020 Wydanie: [&hellip;]<\/p>\n","protected":false},"featured_media":12237,"template":"","meta":[],"product_brand":[],"product_cat":[22,23,25],"product_tag":[1055,1496,250],"class_list":{"0":"post-12236","1":"product","2":"type-product","3":"status-publish","4":"has-post-thumbnail","6":"product_cat-podatki-i-prawo-podatkowe","7":"product_cat-rachunkowosc","8":"product_cat-unia-europejska","9":"product_tag-prawo-podatkowe","10":"product_tag-rachunkowosc","11":"product_tag-unia-europejska","13":"first","14":"instock","15":"sale","16":"shipping-taxable","17":"purchasable","18":"product-type-simple"},"_links":{"self":[{"href":"https:\/\/ksiegarnia-akademicka.pl\/index.php\/wp-json\/wp\/v2\/product\/12236","targetHints":{"allow":["GET"]}}],"collection":[{"href":"https:\/\/ksiegarnia-akademicka.pl\/index.php\/wp-json\/wp\/v2\/product"}],"about":[{"href":"https:\/\/ksiegarnia-akademicka.pl\/index.php\/wp-json\/wp\/v2\/types\/product"}],"wp:featuredmedia":[{"embeddable":true,"href":"https:\/\/ksiegarnia-akademicka.pl\/index.php\/wp-json\/wp\/v2\/media\/12237"}],"wp:attachment":[{"href":"https:\/\/ksiegarnia-akademicka.pl\/index.php\/wp-json\/wp\/v2\/media?parent=12236"}],"wp:term":[{"taxonomy":"product_brand","embeddable":true,"href":"https:\/\/ksiegarnia-akademicka.pl\/index.php\/wp-json\/wp\/v2\/product_brand?post=12236"},{"taxonomy":"product_cat","embeddable":true,"href":"https:\/\/ksiegarnia-akademicka.pl\/index.php\/wp-json\/wp\/v2\/product_cat?post=12236"},{"taxonomy":"product_tag","embeddable":true,"href":"https:\/\/ksiegarnia-akademicka.pl\/index.php\/wp-json\/wp\/v2\/product_tag?post=12236"}],"curies":[{"name":"wp","href":"https:\/\/api.w.org\/{rel}","templated":true}]}}