{"id":12176,"date":"2020-01-25T13:01:03","date_gmt":"2020-01-25T12:01:03","guid":{"rendered":"http:\/\/ksiegarnia-akademicka.pl\/?post_type=product&#038;p=12176"},"modified":"2020-01-25T13:01:41","modified_gmt":"2020-01-25T12:01:41","slug":"pielegniarstwo-operacyjne","status":"publish","type":"product","link":"https:\/\/ksiegarnia-akademicka.pl\/index.php\/product\/pielegniarstwo-operacyjne\/","title":{"rendered":"Piel\u0119gniarstwo operacyjne"},"content":{"rendered":"<p>Maria Ciuru\u015b<br \/>\nWydawnictwo Makmed<br \/>\nWyd. IV,<br \/>\n496 stron,<br \/>\nformat 16,5 \u00d7 24 cm,<br \/>\nblok ksi\u0105\u017cki szyty,<br \/>\noprawa zintegrowana p\u00f3\u0142twarda<br \/>\nISBN 978-83-945573-4-8<\/p>\n<p>SPIS ROZDZIA\u0141\u00d3W<br \/>\nOrganizacja bloku operacyjnego<br \/>\nPersonel bloku operacyjnego<br \/>\nZaka\u017cenia zwi\u0105zane z opiek\u0105 zdrowotn\u0105 u pacjent\u00f3w operowanych<br \/>\nNajwa\u017cniejsze czynniki w zapobieganiu zaka\u017ceniom zwi\u0105zanym z opiek\u0105 zdrowotn\u0105<br \/>\nOpieka oko\u0142ooperacyjna<br \/>\nZdarzenia niepo\u017c\u0105dane w opiece oko\u0142ooperacyjnej<br \/>\nPowszechny program nauczania stowarzyszenia EORNA dla piel\u0119gniarstwa oko\u0142ooperacyjnego<\/p>\n<p>Piel\u0119gniarstwo operacyjne jest specjalistyczn\u0105 dziedzin\u0105 wiedzy medycznej, kt\u00f3ra nie jest obj\u0119ta programem nauczania podczas kszta\u0142cenia piel\u0119gniarek i po\u0142o\u017cnych na studiach licencjackich i magisterskich. Piel\u0119gniarki i po\u0142o\u017cne, kt\u00f3re rozpoczynaj\u0105 prac\u0119 w blokach operacyjnych z konieczno\u015bci zmuszone s\u0105 do uczenia si\u0119 zawodu na stanowisku pracy w szpitalu. Piel\u0119gniarki i po\u0142o\u017cne rozpoczynaj\u0105ce prac\u0119 w trudnej dziedzinie, kt\u00f3r\u0105 jest piel\u0119gniarstwo operacyjne cz\u0119sto zdobywaj\u0105 wiedz\u0119 od swoich starszych kole\u017canek. Zdarza si\u0119, \u017ce jest to wiedza zdezaktualizowana, w du\u017cej mierze oparta na w\u0142asnym, nie modyfikowanym od lat \u201edo\u015bwiadczeniu\u201d.<\/p>\n<p>Obecnie mamy w Polsce wiele nowych, nowoczesnych blok\u00f3w operacyjnych, do kt\u00f3rych s\u0105 przenoszone stare zwyczaje; personel nie mo\u017ce si\u0119 odci\u0105\u0107 od dotychczasowych zachowa\u0144, od z\u0142ej organizacji pracy i \u0142amania wa\u017cnych z punktu widzenia bezpiecze\u0144stwa pacjenta zasad.<\/p>\n<p>Blok operacyjny jest jednym z najwa\u017cniejszych miejsc ka\u017cdego szpitala, w kt\u00f3rym decyduje si\u0119 o \u017cyciu i zdrowiu pacjenta. Aby zapewni\u0107 wysok\u0105 jako\u015b\u0107 us\u0142ug medycznych \u015bwiadczonych przez personel bloku operacyjnego na rzecz chorego cz\u0142owieka wymagaj\u0105cego interwencji chirurgicznej, nale\u017cy dba\u0107 o ci\u0105g\u0142e szkolenie personelu, aktualizowanie wiedzy medycznej, stworzenie prawid\u0142owych warunk\u00f3w pracy, kt\u00f3re pozwol\u0105 na zachowanie zasad ja\u0142owo\u015bci i higieny, aby zapobiega\u0107 ci\u0119\u017ckim zaka\u017ceniom i innym powik\u0142aniom powoduj\u0105cym przed\u0142u\u017cenie pobytu pacjenta w szpitalu, a cz\u0119sto prowadz\u0105cym do \u015bmierci operowanego.<\/p>\n<p>Piel\u0119gniarstwo operacyjne jest jednym z wa\u017cnych ogniw opieki oko\u0142ooperacyjnej. Na sukces lekarza chirurga \u2013 operatora (w ka\u017cdej dziedzinie zabiegowej) oraz zadowolenie operowanego sk\u0142ada si\u0119 praca, do\u015bwiadczenie i odpowiedzialno\u015b\u0107 wielu zespo\u0142\u00f3w medycznych takich jak: piel\u0119gniarki\/po\u0142o\u017cne oddzia\u0142u zabiegowego, lekarze oddzia\u0142u zabiegowego, piel\u0119gniarki i po\u0142o\u017cne bloku operacyjnego (operacyjne i anestezjologiczne), lekarze \u2013 cz\u0142onkowie zespo\u0142u operacyjnego, lekarze anestezjolodzy, perfuzjoni\u015bci, technicy medyczni, fizjoterapeuci, dietetyk, psycholog kliniczny, pracownicy centralnej sterylizatorni, sprz\u0105taczki, architekci szpitali. Ogromn\u0105 rol\u0119 odgrywa te\u017c zesp\u00f3\u0142 os\u00f3b wyposa\u017caj\u0105cych szpital w bezpieczny sprz\u0119t i aparatur\u0119 medyczn\u0105. Wszystkie wymienione zespo\u0142y musz\u0105 ze sob\u0105 wsp\u00f3\u0142pracowa\u0107, komunikowa\u0107 si\u0119 i proponowa\u0107 nowe rozwi\u0105zania usprawniaj\u0105ce organizacj\u0119 pracy i bezpiecze\u0144stwo operowanych pacjent\u00f3w. Od cz\u0142onk\u00f3w poszczeg\u00f3lnych zespo\u0142\u00f3w wymaga si\u0119 wysokich kwalifikacji zawodowych, ci\u0105g\u0142ego i systematycznego aktualizowania wiedzy i do\u015bwiadczenia zawodowego, przestrzegania podstawowych zasad higieny, wzorowej organizacji pracy, uczciwo\u015bci, odpowiedzialno\u015bci zawodowej i samodyscypliny.<\/p>\n<p>Piel\u0119gniarstwo operacyjne doczeka\u0142o si\u0119 ju\u017c czwartego wydania. To wydanie znacznie r\u00f3\u017cni si\u0119 od poprzednich. Czytelnicy znajd\u0105 m.in. zarys historii piel\u0119gniarstwa operacyjnego w Polsce, informacje nt. piel\u0119gniarstwa oko\u0142ooperacyjnego na podstawie programu Europejskiego Stowarzyszenia Piel\u0119gniarek Operacyjnych, opieki oko\u0142ooperacyjnej z uwzgl\u0119dnieniem obowi\u0105zuj\u0105cych rekomendacji i wytycznych naukowych, rozdzia\u0142 dotycz\u0105cy zaka\u017ce\u0144 w opiece zdrowotnej z uwzgl\u0119dnieniem zaka\u017ce\u0144 u pacjent\u00f3w operowanych, dezynfekcji i sterylizacji oraz og\u00f3lnie poj\u0119tej profilaktyki zaka\u017ce\u0144 u pacjent\u00f3w operowanych a tak\u017ce rozdzia\u0142 nt. zdarze\u0144 niepo\u017c\u0105danych u pacjent\u00f3w operowanych.<\/p>\n<p>Ksi\u0105\u017cka jest zatytu\u0142owana Piel\u0119gniarstwo operacyjne ale praktycznie jest adresowana do: wszystkich pracownik\u00f3w, kt\u00f3rzy wykonuj\u0105 procedury inwazyjne (z naruszeniem ci\u0105g\u0142o\u015bci tkanek) w salach operacyjnych, gabinetach zabiegowych, prywatnych praktykach lekarskich w tym w gabinetach stomatologicznych, student\u00f3w kierunk\u00f3w medycznych, pracownik\u00f3w salon\u00f3w, w kt\u00f3rych wykonuje si\u0119 tatua\u017ce, makija\u017c trwa\u0142y i inne zabiegi przebiegaj\u0105ce z nak\u0142uwaniem i nacinaniem tkanek, pracownik\u00f3w centralnych sterylizatorni oraz architekt\u00f3w.<\/p>\n","protected":false},"excerpt":{"rendered":"<p>Maria Ciuru\u015b Wydawnictwo Makmed Wyd. IV, 496 stron, format 16,5 [&hellip;]<\/p>\n","protected":false},"featured_media":12177,"template":"","meta":[],"product_brand":[],"product_cat":[7493,7965],"product_tag":[4645,7966],"class_list":{"0":"post-12176","1":"product","2":"type-product","3":"status-publish","4":"has-post-thumbnail","6":"product_cat-medycyna","7":"product_cat-pielegniarstwo","8":"product_tag-pielegniarstwo","9":"product_tag-pielegniarstwo-operacyjne","11":"first","12":"instock","13":"sale","14":"shipping-taxable","15":"purchasable","16":"product-type-simple"},"_links":{"self":[{"href":"https:\/\/ksiegarnia-akademicka.pl\/index.php\/wp-json\/wp\/v2\/product\/12176","targetHints":{"allow":["GET"]}}],"collection":[{"href":"https:\/\/ksiegarnia-akademicka.pl\/index.php\/wp-json\/wp\/v2\/product"}],"about":[{"href":"https:\/\/ksiegarnia-akademicka.pl\/index.php\/wp-json\/wp\/v2\/types\/product"}],"wp:featuredmedia":[{"embeddable":true,"href":"https:\/\/ksiegarnia-akademicka.pl\/index.php\/wp-json\/wp\/v2\/media\/12177"}],"wp:attachment":[{"href":"https:\/\/ksiegarnia-akademicka.pl\/index.php\/wp-json\/wp\/v2\/media?parent=12176"}],"wp:term":[{"taxonomy":"product_brand","embeddable":true,"href":"https:\/\/ksiegarnia-akademicka.pl\/index.php\/wp-json\/wp\/v2\/product_brand?post=12176"},{"taxonomy":"product_cat","embeddable":true,"href":"https:\/\/ksiegarnia-akademicka.pl\/index.php\/wp-json\/wp\/v2\/product_cat?post=12176"},{"taxonomy":"product_tag","embeddable":true,"href":"https:\/\/ksiegarnia-akademicka.pl\/index.php\/wp-json\/wp\/v2\/product_tag?post=12176"}],"curies":[{"name":"wp","href":"https:\/\/api.w.org\/{rel}","templated":true}]}}