{"id":12174,"date":"2020-01-25T12:55:19","date_gmt":"2020-01-25T11:55:19","guid":{"rendered":"http:\/\/ksiegarnia-akademicka.pl\/?post_type=product&#038;p=12174"},"modified":"2020-01-25T12:55:19","modified_gmt":"2020-01-25T11:55:19","slug":"pielegniarstwo-transkulturowe-podrecznik-dla-studiow-medycznych","status":"publish","type":"product","link":"https:\/\/ksiegarnia-akademicka.pl\/index.php\/product\/pielegniarstwo-transkulturowe-podrecznik-dla-studiow-medycznych\/","title":{"rendered":"Piel\u0119gniarstwo transkulturowe Podr\u0119cznik dla studi\u00f3w medycznych"},"content":{"rendered":"<p>Redakcja: Majda Anna, Og\u00f3rek-T\u0119cza Beata, Zalewska-Pucha\u0142a Joanna<br \/>\nWydawca: PZWL<br \/>\nOprawa: Mi\u0119kka<br \/>\nFormat: 16.5&#215;23.5cm<br \/>\nLiczba stron: 184<br \/>\nWydanie: 1<br \/>\nRok wydania: 2019<br \/>\nJ\u0119zyk wydania: polski<\/p>\n<p>Wst\u0105pienie Polski do Unii Europejskiej spowodowa\u0142o otwarcie granic, nasili\u0142o migracj\u0119 ludno\u015bci z wielu kraj\u00f3w odmiennych kulturowo oraz doprowadzi\u0142o do wzrostu liczby imigrant\u00f3w i uchod\u017ac\u00f3w asymiluj\u0105cych si\u0119 w Polsce. Sytuacja ta wymaga od piel\u0119gniarek nowych umiej\u0119tno\u015bci i postrzegania pacjenta nie tylko przez pryzmat jego problem\u00f3w zdrowotnych, ale tak\u017ce potrzeb duchowych i praktycznych uwarunkowa\u0144 zwi\u0105zanych z wyznawan\u0105 religi\u0105 i pochodzeniem etniczno-kulturowym.<br \/>\nAutorki zapoznaj\u0105 Czytelnik\u00f3w z za\u0142o\u017ceniami najwa\u017cniejszych \u015bwiatowych religii, a nast\u0119pnie w jasny i zwi\u0119z\u0142y spos\u00f3b przedstawiaj\u0105 zadania piel\u0119gniarki i zasady post\u0119powania w stosunku do wyznawc\u00f3w r\u00f3\u017cnych religii, a tak\u017ce mniejszo\u015bci etnicznych.<br \/>\nPublikacja adresowana jest do piel\u0119gniarek i student\u00f3w piel\u0119gniarstwa. Mo\u017ce by\u0107 r\u00f3wnie\u017c przydatna dla po\u0142o\u017cnych, lekarzy, psycholog\u00f3w, rehabilitant\u00f3w, ratownik\u00f3w medycznych, dietetyk\u00f3w i pracownik\u00f3w socjalnych.<\/p>\n","protected":false},"excerpt":{"rendered":"<p>Redakcja: Majda Anna, Og\u00f3rek-T\u0119cza Beata, Zalewska-Pucha\u0142a Joanna Wydawca: PZWL Oprawa: [&hellip;]<\/p>\n","protected":false},"featured_media":12175,"template":"","meta":[],"product_brand":[],"product_cat":[7493,7965],"product_tag":[4645,7971],"class_list":{"0":"post-12174","1":"product","2":"type-product","3":"status-publish","4":"has-post-thumbnail","6":"product_cat-medycyna","7":"product_cat-pielegniarstwo","8":"product_tag-pielegniarstwo","9":"product_tag-pielegniarstwo-kulturowe","11":"first","12":"instock","13":"sale","14":"shipping-taxable","15":"purchasable","16":"product-type-simple"},"_links":{"self":[{"href":"https:\/\/ksiegarnia-akademicka.pl\/index.php\/wp-json\/wp\/v2\/product\/12174","targetHints":{"allow":["GET"]}}],"collection":[{"href":"https:\/\/ksiegarnia-akademicka.pl\/index.php\/wp-json\/wp\/v2\/product"}],"about":[{"href":"https:\/\/ksiegarnia-akademicka.pl\/index.php\/wp-json\/wp\/v2\/types\/product"}],"wp:featuredmedia":[{"embeddable":true,"href":"https:\/\/ksiegarnia-akademicka.pl\/index.php\/wp-json\/wp\/v2\/media\/12175"}],"wp:attachment":[{"href":"https:\/\/ksiegarnia-akademicka.pl\/index.php\/wp-json\/wp\/v2\/media?parent=12174"}],"wp:term":[{"taxonomy":"product_brand","embeddable":true,"href":"https:\/\/ksiegarnia-akademicka.pl\/index.php\/wp-json\/wp\/v2\/product_brand?post=12174"},{"taxonomy":"product_cat","embeddable":true,"href":"https:\/\/ksiegarnia-akademicka.pl\/index.php\/wp-json\/wp\/v2\/product_cat?post=12174"},{"taxonomy":"product_tag","embeddable":true,"href":"https:\/\/ksiegarnia-akademicka.pl\/index.php\/wp-json\/wp\/v2\/product_tag?post=12174"}],"curies":[{"name":"wp","href":"https:\/\/api.w.org\/{rel}","templated":true}]}}