{"id":12155,"date":"2020-01-24T16:25:14","date_gmt":"2020-01-24T15:25:14","guid":{"rendered":"http:\/\/ksiegarnia-akademicka.pl\/?post_type=product&#038;p=12155"},"modified":"2020-01-24T16:25:15","modified_gmt":"2020-01-24T15:25:15","slug":"pielegniarstwo-nefrologiczne","status":"publish","type":"product","link":"https:\/\/ksiegarnia-akademicka.pl\/index.php\/product\/pielegniarstwo-nefrologiczne\/","title":{"rendered":"Piel\u0119gniarstwo nefrologiczne"},"content":{"rendered":"<p>Redakcja: Bia\u0142obrzeska Beata, D\u0119bska-\u015alize\u0144 Alicja<br \/>\nWydawca: PZWL<br \/>\nOprawa: Mi\u0119kka<br \/>\nFormat: 16.5&#215;23.5cm<br \/>\nLiczba stron: 466<br \/>\nWydanie: 1<br \/>\nRok wydania: 2015<br \/>\nJ\u0119zyk wydania: polski<\/p>\n<p>Pierwsza na rynku wydawniczym publikacja z piel\u0119gniarstwa nefrologicznego skierowana do profesjonalist\u00f3w pracuj\u0105cych w zawodzie oraz do student\u00f3w piel\u0119gniarstwa. Wiedza zawarta w niniejszej ksi\u0105\u017cce zosta\u0142a zaktualizowana i poszerzona o najnowsze wytyczne European Dialysis and Transplantation Nurses Association\/European Renal Care Association oraz innych polskich i zagranicznych towarzystw skupiaj\u0105cych specjalist\u00f3w w dziedzinie nefrologii.<br \/>\nW kolejnych rozdzia\u0142ach om\u00f3wiono m.in.::<br \/>\n&#8211; przyczyny i powik\u0142ania schorze\u0144 nefrologicznych,<br \/>\n&#8211; zagadnienia piel\u0119gniarstwa w nefrologii klinicznej,<br \/>\n&#8211; piel\u0119gniarstwo w nefrologii dzieci\u0119cej (po raz pierwszy w literaturze),<br \/>\n&#8211; opiek\u0119 paliatywn\u0105 nad pacjentami nefrologicznymi.<\/p>\n","protected":false},"excerpt":{"rendered":"<p>Redakcja: Bia\u0142obrzeska Beata, D\u0119bska-\u015alize\u0144 Alicja Wydawca: PZWL Oprawa: Mi\u0119kka Format: [&hellip;]<\/p>\n","protected":false},"featured_media":12156,"template":"","meta":[],"product_brand":[],"product_cat":[7493,7965],"product_tag":[7969,4645],"class_list":{"0":"post-12155","1":"product","2":"type-product","3":"status-publish","4":"has-post-thumbnail","6":"product_cat-medycyna","7":"product_cat-pielegniarstwo","8":"product_tag-nefrologia","9":"product_tag-pielegniarstwo","11":"first","12":"instock","13":"sale","14":"shipping-taxable","15":"purchasable","16":"product-type-simple"},"_links":{"self":[{"href":"https:\/\/ksiegarnia-akademicka.pl\/index.php\/wp-json\/wp\/v2\/product\/12155","targetHints":{"allow":["GET"]}}],"collection":[{"href":"https:\/\/ksiegarnia-akademicka.pl\/index.php\/wp-json\/wp\/v2\/product"}],"about":[{"href":"https:\/\/ksiegarnia-akademicka.pl\/index.php\/wp-json\/wp\/v2\/types\/product"}],"wp:featuredmedia":[{"embeddable":true,"href":"https:\/\/ksiegarnia-akademicka.pl\/index.php\/wp-json\/wp\/v2\/media\/12156"}],"wp:attachment":[{"href":"https:\/\/ksiegarnia-akademicka.pl\/index.php\/wp-json\/wp\/v2\/media?parent=12155"}],"wp:term":[{"taxonomy":"product_brand","embeddable":true,"href":"https:\/\/ksiegarnia-akademicka.pl\/index.php\/wp-json\/wp\/v2\/product_brand?post=12155"},{"taxonomy":"product_cat","embeddable":true,"href":"https:\/\/ksiegarnia-akademicka.pl\/index.php\/wp-json\/wp\/v2\/product_cat?post=12155"},{"taxonomy":"product_tag","embeddable":true,"href":"https:\/\/ksiegarnia-akademicka.pl\/index.php\/wp-json\/wp\/v2\/product_tag?post=12155"}],"curies":[{"name":"wp","href":"https:\/\/api.w.org\/{rel}","templated":true}]}}