{"id":12137,"date":"2020-01-24T15:17:54","date_gmt":"2020-01-24T14:17:54","guid":{"rendered":"http:\/\/ksiegarnia-akademicka.pl\/?post_type=product&#038;p=12137"},"modified":"2020-01-24T15:17:55","modified_gmt":"2020-01-24T14:17:55","slug":"pielegniarstwo-anestezjologiczne-2","status":"publish","type":"product","link":"https:\/\/ksiegarnia-akademicka.pl\/index.php\/product\/pielegniarstwo-anestezjologiczne-2\/","title":{"rendered":"Piel\u0119gniarstwo anestezjologiczne"},"content":{"rendered":"<p>Redakcja: Knipfer E. , Kochs E.<br \/>\nWydawca: Edra Urban &amp; Partner<br \/>\nOprawa: Mi\u0119kka<br \/>\nFormat: 11.0&#215;19.0cm<br \/>\nLiczba stron: 240<br \/>\nWydanie: 1<br \/>\nRok wydania: 2017<br \/>\nJ\u0119zyk wydania: polski<\/p>\n<p>Piel\u0119gniarstwo anestezjologiczne to niezast\u0105piony podr\u0119cznik dla piel\u0119gniarek pracuj\u0105cych na blokach operacyjnych i na oddzia\u0142ach intensywnej opieki medycznej, a tak\u017ce student\u00f3w i os\u00f3b przygotowuj\u0105cych si\u0119 do egzaminu specjalizacyjnego z piel\u0119gniarstwa anestezjologicznego i intensywnej opieki, zawieraj\u0105cy fachow\u0105 i aktualn\u0105 \u2013 teoretyczn\u0105 i praktyczn\u0105 \u2013 wiedz\u0119 przydatn\u0105 w sytuacjach trudnych, wymagaj\u0105cych nag\u0142ych interwencji oraz w codziennej pracy.<\/p>\n<p>W niniejszej publikacji mo\u017cna znale\u017a\u0107 informacje na temat najwa\u017cniejszych zagadnie\u0144 dotycz\u0105cych pracy piel\u0119gniarek i personelu bloku operacyjnego, m.in.:<br \/>\n&#8211; metody znieczulenia i ich powik\u0142ania,<br \/>\n&#8211; nadz\u00f3r nad stanem pacjenta podczas znieczulenia,<br \/>\n&#8211; najcz\u0119\u015bciej stosowane leki i ich skutki uboczne,<br \/>\n&#8211; choroby wsp\u00f3\u0142istniej\u0105ce, w kt\u00f3rych nale\u017cy zastosowa\u0107 szczeg\u00f3lne \u015brodki ostro\u017cno\u015bci i jakie one s\u0105,<br \/>\n&#8211; rodzaje aparat\u00f3w do znieczulania i ich dzia\u0142anie,<br \/>\n&#8211; w\u0142a\u015bciwe u\u0142o\u017cenie na stole operacyjnym,<br \/>\n&#8211; ochrona przed wyzi\u0119bieniem pacjenta<br \/>\n&#8211; zasady krwiolecznictwa i p\u0142ynoterapii,<br \/>\n&#8211; trudno\u015bci mog\u0105ce wyst\u0105pi\u0107 w trakcie reanimacji,<br \/>\n&#8211; sposoby leczenia b\u00f3lu u chorego. <\/p>\n<p>Celem autor\u00f3w by\u0142o szczeg\u00f3\u0142owe om\u00f3wienie specyfiki pracy na oddziale anestezjologicznym tak, aby wszystkie wa\u017cne wiadomo\u015bci dost\u0119pne by\u0142y w jednym \u017ar\u00f3dle!<\/p>\n","protected":false},"excerpt":{"rendered":"<p>Redakcja: Knipfer E. , Kochs E. Wydawca: Edra Urban &amp; [&hellip;]<\/p>\n","protected":false},"featured_media":12138,"template":"","meta":[],"product_brand":[],"product_cat":[7493,7965],"product_tag":[4645,7801],"class_list":{"0":"post-12137","1":"product","2":"type-product","3":"status-publish","4":"has-post-thumbnail","6":"product_cat-medycyna","7":"product_cat-pielegniarstwo","8":"product_tag-pielegniarstwo","9":"product_tag-pielegniarstwo-anestezjologiczne","11":"first","12":"instock","13":"sale","14":"shipping-taxable","15":"purchasable","16":"product-type-simple"},"_links":{"self":[{"href":"https:\/\/ksiegarnia-akademicka.pl\/index.php\/wp-json\/wp\/v2\/product\/12137","targetHints":{"allow":["GET"]}}],"collection":[{"href":"https:\/\/ksiegarnia-akademicka.pl\/index.php\/wp-json\/wp\/v2\/product"}],"about":[{"href":"https:\/\/ksiegarnia-akademicka.pl\/index.php\/wp-json\/wp\/v2\/types\/product"}],"wp:featuredmedia":[{"embeddable":true,"href":"https:\/\/ksiegarnia-akademicka.pl\/index.php\/wp-json\/wp\/v2\/media\/12138"}],"wp:attachment":[{"href":"https:\/\/ksiegarnia-akademicka.pl\/index.php\/wp-json\/wp\/v2\/media?parent=12137"}],"wp:term":[{"taxonomy":"product_brand","embeddable":true,"href":"https:\/\/ksiegarnia-akademicka.pl\/index.php\/wp-json\/wp\/v2\/product_brand?post=12137"},{"taxonomy":"product_cat","embeddable":true,"href":"https:\/\/ksiegarnia-akademicka.pl\/index.php\/wp-json\/wp\/v2\/product_cat?post=12137"},{"taxonomy":"product_tag","embeddable":true,"href":"https:\/\/ksiegarnia-akademicka.pl\/index.php\/wp-json\/wp\/v2\/product_tag?post=12137"}],"curies":[{"name":"wp","href":"https:\/\/api.w.org\/{rel}","templated":true}]}}