{"id":12102,"date":"2020-01-16T09:20:50","date_gmt":"2020-01-16T08:20:50","guid":{"rendered":"http:\/\/ksiegarnia-akademicka.pl\/?post_type=product&#038;p=12102"},"modified":"2021-03-22T13:21:15","modified_gmt":"2021-03-22T12:21:15","slug":"apelacje-z-prawa-cywilnego-na-przykladach-i-wzorach","status":"publish","type":"product","link":"https:\/\/ksiegarnia-akademicka.pl\/index.php\/product\/apelacje-z-prawa-cywilnego-na-przykladach-i-wzorach\/","title":{"rendered":"Apelacje z prawa cywilnego na przyk\u0142adach i wzorach"},"content":{"rendered":"<p>Autor: dr Dominika Wetoszka<br \/>\nWydawnictwo: C.H. Beck<br \/>\nSeria: Aplikacje prawnicze<br \/>\nRok wydania: 2021<br \/>\nWydanie: 3<br \/>\nOprawa: Mi\u0119kka<br \/>\nLiczba stron: 168<br \/>\nWymiary: 165&#215;238 mm<br \/>\nWaga: 290 g<\/p>\n<p>Opracowanie ma na celu usystematyzowanie podstawowych kwestii dotycz\u0105cych konstruowania apelacji w sprawach cywilnych.<\/p>\n<p>Stanowi ono kontynuacj\u0119 \u201ePozw\u00f3w w sprawach cywilnych na przyk\u0142adach i wzorach&#8221;, gdy\u017c wi\u0119kszo\u015b\u0107 przyk\u0142ad\u00f3w wyrok\u00f3w opartych jest na tre\u015bci pozw\u00f3w opracowanych w I cz\u0119\u015bci serii.<\/p>\n<p>Od 2009 r. regularnie na egzaminach zawodowych z cz\u0119\u015bci prawa cywilnego pojawia si\u0119 zadanie maj\u0105ce na celu sporz\u0105dzenie apelacji na podstawie dost\u0119pnych akt sprawy, w tym wyroku s\u0105du I instancji. Publikacja skonstruowana zosta\u0142a podobnie, bowiem w cz\u0119\u015bci praktycznej znajduje si\u0119 wyrok s\u0105du I instancji, wz\u00f3r apelacji wraz z uzasadnieniem, a nast\u0119pnie komentarz.<\/p>\n<p>Publikacja zosta\u0142a podzielona na dwie cz\u0119\u015bci \u2013 teoretyczn\u0105 oraz praktyczn\u0105.<\/p>\n<p>Cz\u0119\u015b\u0107 teoretyczna zawiera wytyczne odno\u015bnie do wymog\u00f3w formalnych apelacji. Odwo\u0142uje si\u0119 tak\u017ce do orzecznictwa i literatury przedmiotu.<br \/>\nCz\u0119\u015b\u0107 praktyczna publikacji zawiera kilkana\u015bcie wzor\u00f3w apelacji w sprawach cywilnych, opracowanych na podstawie wyrok\u00f3w s\u0105d\u00f3w powszechnych. Autorzy jako praktycy zwracaj\u0105 uwag\u0119 na kwestie teoretyczne i praktyczne dotycz\u0105ce apelacji, w tym m.in.. Zagadnienie okre\u015blania warto\u015bci przedmiotu zaskar\u017cenia, op\u0142aty od apelacji itp<br \/>\nOpracowanie kieruje si\u0119 w szczeg\u00f3lno\u015bci do aplikant\u00f3w. Publikacja ta b\u0119dzie pomocna podczas sporz\u0105dzania apelacji na zaj\u0119ciach oraz w codziennej pracy w kancelarii. Opracowanie to mo\u017ce okaza\u0107 si\u0119 przydatne r\u00f3wnie\u017c aplikantom przygotowuj\u0105cym si\u0119 do egzaminu zawodowego \u2013 adwokackiego lub radcowskiego.<\/p>\n","protected":false},"excerpt":{"rendered":"<p>Autor: dr Dominika Wetoszka Wydawnictwo: C.H. Beck Seria: Aplikacje prawnicze [&hellip;]<\/p>\n","protected":false},"featured_media":14091,"template":"","meta":[],"product_brand":[],"product_cat":[7491,18],"product_tag":[615,7486],"class_list":{"0":"post-12102","1":"product","2":"type-product","3":"status-publish","4":"has-post-thumbnail","6":"product_cat-cywilne","7":"product_cat-prawo","8":"product_tag-prawo-cywilne","9":"product_tag-seria-apelacje-prawnicze","11":"first","12":"instock","13":"sale","14":"shipping-taxable","15":"purchasable","16":"product-type-simple"},"_links":{"self":[{"href":"https:\/\/ksiegarnia-akademicka.pl\/index.php\/wp-json\/wp\/v2\/product\/12102","targetHints":{"allow":["GET"]}}],"collection":[{"href":"https:\/\/ksiegarnia-akademicka.pl\/index.php\/wp-json\/wp\/v2\/product"}],"about":[{"href":"https:\/\/ksiegarnia-akademicka.pl\/index.php\/wp-json\/wp\/v2\/types\/product"}],"wp:featuredmedia":[{"embeddable":true,"href":"https:\/\/ksiegarnia-akademicka.pl\/index.php\/wp-json\/wp\/v2\/media\/14091"}],"wp:attachment":[{"href":"https:\/\/ksiegarnia-akademicka.pl\/index.php\/wp-json\/wp\/v2\/media?parent=12102"}],"wp:term":[{"taxonomy":"product_brand","embeddable":true,"href":"https:\/\/ksiegarnia-akademicka.pl\/index.php\/wp-json\/wp\/v2\/product_brand?post=12102"},{"taxonomy":"product_cat","embeddable":true,"href":"https:\/\/ksiegarnia-akademicka.pl\/index.php\/wp-json\/wp\/v2\/product_cat?post=12102"},{"taxonomy":"product_tag","embeddable":true,"href":"https:\/\/ksiegarnia-akademicka.pl\/index.php\/wp-json\/wp\/v2\/product_tag?post=12102"}],"curies":[{"name":"wp","href":"https:\/\/api.w.org\/{rel}","templated":true}]}}