{"id":12094,"date":"2020-01-14T13:02:19","date_gmt":"2020-01-14T12:02:19","guid":{"rendered":"http:\/\/ksiegarnia-akademicka.pl\/?post_type=product&#038;p=12094"},"modified":"2024-12-04T16:17:51","modified_gmt":"2024-12-04T15:17:51","slug":"problemy-transportowe-miast-stan-i-kierunki-rozwiazan","status":"publish","type":"product","link":"https:\/\/ksiegarnia-akademicka.pl\/index.php\/product\/problemy-transportowe-miast-stan-i-kierunki-rozwiazan\/","title":{"rendered":"Problemy transportowe miast Stan i kierunki rozwi\u0105za\u0144"},"content":{"rendered":"<p>Autor:<br \/>\nAnna M\u0119\u017cyk<br \/>\nStanis\u0142awa Zamkowska<br \/>\nWydawca: Wydawnictwo Naukowe PWN<br \/>\nOprawa: Mi\u0119kka<br \/>\nFormat: 16.5&#215;23.5cm<br \/>\nLiczba stron: 240<br \/>\nWydanie: 1<br \/>\nRok wydania: 2020<br \/>\nJ\u0119zyk wydania: polski<\/p>\n<p>Publikacja \u201eProblemy transportowe miast. Stan i kierunki rozwi\u0105za\u0144\u201d obejmuje r\u00f3\u017cne aspekty wiedzy potrzebnej do prowadzenia \u015bwiadomej i skutecznej polityki kszta\u0142towania przep\u0142yw\u00f3w ludzi i \u0142adunk\u00f3w miastach tak, aby zapewni\u0107 maksymaln\u0105 funkcjonalno\u015b\u0107 miast i dogodne warunki jego rozwoju, uwzgl\u0119dniaj\u0105c jednocze\u015bnie zar\u00f3wno poziom \u017cycia mieszka\u0144c\u00f3w, jak i wymogi ekologii.<br \/>\nKsi\u0105\u017cka bazuj\u0105c na wytycznych polityki transportowej i ugruntowanych zasadach organizacji transportu, wskazuje praktyczne i skuteczne rozwi\u0105zania wsp\u00f3\u0142czesnych problem\u00f3w transportu w miastach.<br \/>\nNa wyj\u0105tkowo\u015b\u0107 tej publikacji sk\u0142adaj\u0105 si\u0119 nast\u0119puj\u0105ce jej cechy:<br \/>\njest to kompendium aktualnej wiedzy dotycz\u0105cej zasad organizacji transportu w miastach, obejmuje ona wa\u017cne dokumenty UE dot. transportu miejskiego, zgodnie ze zr\u00f3wnowa\u017conym rozwojem, daje gotowe rady, jak przeciwdzia\u0142a\u0107 np. zjawisku kongestii czy zanieczyszczeniom transportowym \u015brodowiska, pokazuje zwi\u0105zki mi\u0119dzy mobilno\u015bci\u0105 a wykluczeniem spo\u0142ecznym, zawiera wiele przyk\u0142ad\u00f3w praktycznych rozwi\u0105za\u0144 problem\u00f3w transportu w miastach w Polsce i na \u015bwiecie. Wydawnictwo Naukowe PWN kieruje t\u0119 pozycj\u0119 do s\u0142uchaczy studi\u00f3w in\u017cynierskich i ekonomicznych na kierunkach zw. z logistyk\u0105 i transportem oraz zarz\u0105dzaniem przestrzeni\u0105 miejsk\u0105, student\u00f3w studi\u00f3w podyplomowych w wymienionym obszarze, ale r\u00f3wnie\u017c do planist\u00f3w, samorz\u0105dowc\u00f3w, administracji publicznej, urbanist\u00f3w i firm consultingowych \u015bwiadcz\u0105cych us\u0142ugi w bran\u017cy TSL.<\/p>\n","protected":false},"excerpt":{"rendered":"<p>Autor: Anna M\u0119\u017cyk Stanis\u0142awa Zamkowska Wydawca: Wydawnictwo Naukowe PWN Oprawa: [&hellip;]<\/p>\n","protected":false},"featured_media":12095,"template":"","meta":[],"product_brand":[],"product_cat":[39,7535],"product_tag":[6687,4314,642],"class_list":{"0":"post-12094","1":"product","2":"type-product","3":"status-publish","4":"has-post-thumbnail","6":"product_cat-srodowisko-prawo-i-zarzadzanie","7":"product_cat-transport-2","8":"product_tag-ekonomika-miasta","9":"product_tag-geografia-ekonomiczna","10":"product_tag-transport","12":"first","13":"instock","14":"sale","15":"shipping-taxable","16":"purchasable","17":"product-type-simple"},"_links":{"self":[{"href":"https:\/\/ksiegarnia-akademicka.pl\/index.php\/wp-json\/wp\/v2\/product\/12094","targetHints":{"allow":["GET"]}}],"collection":[{"href":"https:\/\/ksiegarnia-akademicka.pl\/index.php\/wp-json\/wp\/v2\/product"}],"about":[{"href":"https:\/\/ksiegarnia-akademicka.pl\/index.php\/wp-json\/wp\/v2\/types\/product"}],"wp:featuredmedia":[{"embeddable":true,"href":"https:\/\/ksiegarnia-akademicka.pl\/index.php\/wp-json\/wp\/v2\/media\/12095"}],"wp:attachment":[{"href":"https:\/\/ksiegarnia-akademicka.pl\/index.php\/wp-json\/wp\/v2\/media?parent=12094"}],"wp:term":[{"taxonomy":"product_brand","embeddable":true,"href":"https:\/\/ksiegarnia-akademicka.pl\/index.php\/wp-json\/wp\/v2\/product_brand?post=12094"},{"taxonomy":"product_cat","embeddable":true,"href":"https:\/\/ksiegarnia-akademicka.pl\/index.php\/wp-json\/wp\/v2\/product_cat?post=12094"},{"taxonomy":"product_tag","embeddable":true,"href":"https:\/\/ksiegarnia-akademicka.pl\/index.php\/wp-json\/wp\/v2\/product_tag?post=12094"}],"curies":[{"name":"wp","href":"https:\/\/api.w.org\/{rel}","templated":true}]}}