{"id":1209,"date":"2018-05-22T12:43:08","date_gmt":"2018-05-22T10:43:08","guid":{"rendered":"http:\/\/ksiegarnia-akademicka.pl\/index.php\/product\/wspolnota-pedagogicznego-niepokoju\/"},"modified":"2018-12-06T09:33:59","modified_gmt":"2018-12-06T08:33:59","slug":"wspolnota-pedagogicznego-niepokoju","status":"publish","type":"product","link":"https:\/\/ksiegarnia-akademicka.pl\/index.php\/product\/wspolnota-pedagogicznego-niepokoju\/","title":{"rendered":"Wsp\u00f3lnota pedagogicznego niepokoju"},"content":{"rendered":"<p>Autor:<br \/>\nJoanna (red.) Danilewska<br \/>\nRedakcja: Danilewska Joanna<br \/>\nWydawca: Wydawnictwo Uniwersytetu Jagiello\u0144skiego<br \/>\nOprawa: Mi\u0119kka<br \/>\nFormat: 17.0&#215;24.0cm<br \/>\nLiczba stron: 200<br \/>\nWydanie: 1<br \/>\nRok wydania: 2008<\/p>\n<p>Zamieszczone w ksi\u0105\u017cce teksty tworz\u0105 map\u0119, kt\u00f3ra ma szans\u0119 pom\u00f3c w orientowaniu si\u0119 w \u015bwiecie przepe\u0142nionym \u201emigotaniem znacze\u0144\u201d. Spos\u00f3b przybli\u017cenia tematyki czytelnikowi \u2013zamieszka\u0142emu w \u201erealu\u201d w cywilizacji Gutenberga i zadomowionemu w erze Prometeusza, ale ju\u017c oswojonemu z \u201ewirtualem\u201d i podatnemu na pokusy niesione przez (er\u0119) Hermesa \u2013 sprawia, \u017ce lektura poszczeg\u00f3lnych tekst\u00f3w jest \u017ar\u00f3d\u0142em krytycznego namys\u0142u i projektowania w\u0142asnych rozwi\u0105za\u0144 pal\u0105cych spraw. Os\u0142abia tak\u017ce poczucie osamotnienia, a nawet daje szans\u0119 na do\u015bwiadczanie poczucia przynale\u017cno\u015bci do wsp\u00f3lnoty pedagogicznego niepokoju.<br \/>\n(&#8230;) Niniejszy tom mo\u017cna por\u00f3wna\u0107 do wie\u017cy Babel, b\u0119d\u0105cej metafor\u0105 integracji wok\u00f3\u0142 podzielanych warto\u015bci, sprawno\u015bci komunikacji oraz kooperacji w procesie dzia\u0142ania. Budowniczowie pedagogicznej wie\u017cy Babel, kt\u00f3rych eseje sk\u0142adaj\u0105 si\u0119 na publikacj\u0119, jednocz\u0105 si\u0119 w definiowaniu \u017ar\u00f3de\u0142 niepokoju oraz w poszukiwaniu optymalnych warunk\u00f3w edukacji w sytuacji \u015bcierania si\u0119 cywilizacji, er, epok oraz przenikania typ\u00f3w rzeczywisto\u015bci, w jakich edukacja przebiega. <\/p>\n<p>Z recenzji prof. dr hab. Marii Czerepaniak-Walczak<\/p>\n","protected":false},"excerpt":{"rendered":"<p>Autor: Joanna (red.) Danilewska Redakcja: Danilewska Joanna Wydawca: Wydawnictwo Uniwersytetu [&hellip;]<\/p>\n","protected":false},"featured_media":9105,"template":"","meta":[],"product_brand":[],"product_cat":[28],"product_tag":[1195,51],"class_list":{"0":"post-1209","1":"product","2":"type-product","3":"status-publish","4":"has-post-thumbnail","6":"product_cat-pedagogika","7":"product_tag-edukacja","8":"product_tag-pedagogika","10":"first","11":"instock","12":"sale","13":"shipping-taxable","14":"purchasable","15":"product-type-simple"},"_links":{"self":[{"href":"https:\/\/ksiegarnia-akademicka.pl\/index.php\/wp-json\/wp\/v2\/product\/1209","targetHints":{"allow":["GET"]}}],"collection":[{"href":"https:\/\/ksiegarnia-akademicka.pl\/index.php\/wp-json\/wp\/v2\/product"}],"about":[{"href":"https:\/\/ksiegarnia-akademicka.pl\/index.php\/wp-json\/wp\/v2\/types\/product"}],"wp:featuredmedia":[{"embeddable":true,"href":"https:\/\/ksiegarnia-akademicka.pl\/index.php\/wp-json\/wp\/v2\/media\/9105"}],"wp:attachment":[{"href":"https:\/\/ksiegarnia-akademicka.pl\/index.php\/wp-json\/wp\/v2\/media?parent=1209"}],"wp:term":[{"taxonomy":"product_brand","embeddable":true,"href":"https:\/\/ksiegarnia-akademicka.pl\/index.php\/wp-json\/wp\/v2\/product_brand?post=1209"},{"taxonomy":"product_cat","embeddable":true,"href":"https:\/\/ksiegarnia-akademicka.pl\/index.php\/wp-json\/wp\/v2\/product_cat?post=1209"},{"taxonomy":"product_tag","embeddable":true,"href":"https:\/\/ksiegarnia-akademicka.pl\/index.php\/wp-json\/wp\/v2\/product_tag?post=1209"}],"curies":[{"name":"wp","href":"https:\/\/api.w.org\/{rel}","templated":true}]}}