{"id":12061,"date":"2020-01-13T09:17:59","date_gmt":"2020-01-13T08:17:59","guid":{"rendered":"http:\/\/ksiegarnia-akademicka.pl\/?post_type=product&#038;p=12061"},"modified":"2024-12-04T16:18:33","modified_gmt":"2024-12-04T15:18:33","slug":"globalne-zarzadzanie-gospodarcze-wyzwania-dla-swiatowego-systemu-handlu","status":"publish","type":"product","link":"https:\/\/ksiegarnia-akademicka.pl\/index.php\/product\/globalne-zarzadzanie-gospodarcze-wyzwania-dla-swiatowego-systemu-handlu\/","title":{"rendered":"Globalne zarz\u0105dzanie gospodarcze Wyzwania dla \u015bwiatowego systemu handlu"},"content":{"rendered":"<p>Redakcja: Wr\u00f3bel Anna, J\u0119drzejowska Karina, Rewizorski Marek<br \/>\nWydawca: Scholar<br \/>\nOprawa: Mi\u0119kka<br \/>\nFormat: 17.0&#215;24.0cm<br \/>\nLiczba stron: 162<br \/>\nWydanie: 1<br \/>\nRok wydania: 2020<br \/>\nJ\u0119zyk wydania: polski<\/p>\n<p>Celem ksi\u0105\u017cki jest analiza zmian zachodz\u0105cych w handlowym wymiarze globalnego zarz\u0105dzania gospodarczego.Autorzy odnie\u015bli si\u0119 do wybranych aspekt\u00f3w funkcjonowania \u015bwiatowego systemu handlu, dokonuj\u0105c oceny ich funkcjonalno\u015bci oraz odnosz\u0105c si\u0119 do zwi\u0105zanych z nimi wyzwa\u0144. W kolejnych cz\u0119\u015bciach opracowania om\u00f3wiono m.in.: kwesti\u0119 kryzysu idei globalnego zarz\u0105dzania gospodarczego, problematyk\u0119 post\u0119puj\u0105cej dysfunkcjonalno\u015bci \u015awiatowej Organizacji Handlu oraz zagro\u017ce\u0144 dla wielostronnego systemu handlowego, wybrane aspekty regulacji handlu rolnego i przeszkody dla rozwoju handlu \u015bwiatowego, a tak\u017ce zagadnienia zale\u017cno\u015bci mi\u0119dzy handlem mi\u0119dzynarodowym a rozwojem spo\u0142eczno-gospodarczym na przyk\u0142adzie inicjatywy Aid for Trade i specyfik\u0119 handlu produktami wiedzy.<\/p>\n<p>Prezentowana ksi\u0105\u017cka jest niew\u0105tpliwie cennym wk\u0142adem do dorobku polskich badaczy stosunk\u00f3w mi\u0119dzynarodowych. Na rynku krajowym brakowa\u0142o bowiem dotychczas opracowania przedstawiaj\u0105cego wielow\u0105tkowy aspekt globalnego zarz\u0105dzania w odniesieniu do handlu. Z uwagi na to, \u017ce jest to problem kluczowy dla wsp\u00f3\u0142czesnego \u015bwiata, na ustaleniach autor\u00f3w skorzystaj\u0105 wszyscy zainteresowani wsp\u00f3\u0142czesnymi zjawiskami globalnymi oraz stosunkami mi\u0119dzynarodowymi we wsp\u00f3\u0142zale\u017cnych obszarach \u2013 gospodarczym, politycznym i spo\u0142ecznym. Klarowny j\u0119zyk i przejrzysta struktura poszczeg\u00f3lnych rozdzia\u0142\u00f3w sprawiaj\u0105, \u017ce lektura b\u0119dzie przyst\u0119pna nie tylko dla os\u00f3b zajmuj\u0105cych si\u0119 naukowo i zawodowo wymienionymi zagadnieniami, lecz tak\u017ce dla szerszego grona czytelnik\u00f3w.<\/p>\n<p>z recenzji dr hab. Pauliny Matery, prof. U\u0141<\/p>\n<p>Celowo\u015b\u0107 podj\u0119tej przez autor\u00f3w problematyki badawczej \u2013 zar\u00f3wno w wymiarze poznawczym, jak i praktycznym, a tak\u017ce bior\u0105c pod uwag\u0119 stan i kierunki rozwoju gospodarki \u015bwiatowej oraz zarz\u0105dzania ni\u0105 \u2013 nale\u017cy oceni\u0107 bardzo wysoko.<\/p>\n<p>Autorzy nie ograniczyli si\u0119 wy\u0142\u0105cznie do w\u0105sko postrzeganego, \u201etechnicznego\u201d opisu problemu (podej\u015bcia deskryptywnego), lecz skonstruowali ciekawe i przydatne do przemy\u015ble\u0144 i dyskusji wnioski, oceny oraz prognozy. Uda\u0142o im si\u0119 po\u0142\u0105czy\u0107 sfer\u0119 rozwa\u017ca\u0144 teoretycznych ze sfer\u0105 empiryczn\u0105, co uzna\u0107 nale\u017cy za zabieg udany i zas\u0142uguj\u0105cy na aprobat\u0119. Ksi\u0105\u017cka stanowi solidn\u0105 analiz\u0119 naukow\u0105, \u015bwiadcz\u0105c\u0105 o du\u017cej wiedzy, do\u015bwiadczeniu zawodowym i rzetelnym warsztacie badawczym jej autor\u00f3w.<\/p>\n<p>z recenzji dr. hab. Macieja Walkowskiego, prof. UAM<\/p>\n","protected":false},"excerpt":{"rendered":"<p>Redakcja: Wr\u00f3bel Anna, J\u0119drzejowska Karina, Rewizorski Marek Wydawca: Scholar Oprawa: [&hellip;]<\/p>\n","protected":false},"featured_media":12062,"template":"","meta":[],"product_brand":[],"product_cat":[33,26],"product_tag":[222,537],"class_list":{"0":"post-12061","1":"product","2":"type-product","3":"status-publish","4":"has-post-thumbnail","6":"product_cat-handel","7":"product_cat-miedzynarodowe-stosunki-gospodarcze","8":"product_tag-handel-miedzynarodowy","9":"product_tag-miedzynarodowe-stosunki-gospodarcze","11":"first","12":"instock","13":"sale","14":"shipping-taxable","15":"purchasable","16":"product-type-simple"},"_links":{"self":[{"href":"https:\/\/ksiegarnia-akademicka.pl\/index.php\/wp-json\/wp\/v2\/product\/12061","targetHints":{"allow":["GET"]}}],"collection":[{"href":"https:\/\/ksiegarnia-akademicka.pl\/index.php\/wp-json\/wp\/v2\/product"}],"about":[{"href":"https:\/\/ksiegarnia-akademicka.pl\/index.php\/wp-json\/wp\/v2\/types\/product"}],"wp:featuredmedia":[{"embeddable":true,"href":"https:\/\/ksiegarnia-akademicka.pl\/index.php\/wp-json\/wp\/v2\/media\/12062"}],"wp:attachment":[{"href":"https:\/\/ksiegarnia-akademicka.pl\/index.php\/wp-json\/wp\/v2\/media?parent=12061"}],"wp:term":[{"taxonomy":"product_brand","embeddable":true,"href":"https:\/\/ksiegarnia-akademicka.pl\/index.php\/wp-json\/wp\/v2\/product_brand?post=12061"},{"taxonomy":"product_cat","embeddable":true,"href":"https:\/\/ksiegarnia-akademicka.pl\/index.php\/wp-json\/wp\/v2\/product_cat?post=12061"},{"taxonomy":"product_tag","embeddable":true,"href":"https:\/\/ksiegarnia-akademicka.pl\/index.php\/wp-json\/wp\/v2\/product_tag?post=12061"}],"curies":[{"name":"wp","href":"https:\/\/api.w.org\/{rel}","templated":true}]}}