{"id":12049,"date":"2020-01-13T09:01:57","date_gmt":"2020-01-13T08:01:57","guid":{"rendered":"http:\/\/ksiegarnia-akademicka.pl\/?post_type=product&#038;p=12049"},"modified":"2024-12-04T16:19:13","modified_gmt":"2024-12-04T15:19:13","slug":"polityka-pieniezna-i-rynki-finansowe-wobez-wyzwan-gospodarki-4-0","status":"publish","type":"product","link":"https:\/\/ksiegarnia-akademicka.pl\/index.php\/product\/polityka-pieniezna-i-rynki-finansowe-wobez-wyzwan-gospodarki-4-0\/","title":{"rendered":"Polityka pieni\u0119\u017cna i rynki finansowe wobez wyzwa\u0144 gospodarki 4.0"},"content":{"rendered":"<p>Redakcja: Przybylska-Kapu\u015bci\u0144ska Wies\u0142awa, Perez Katarzyna<br \/>\nWydawca: CeDeWu<br \/>\nOprawa: Mi\u0119kka<br \/>\nFormat: 16.5&#215;26.5cm<br \/>\nLiczba stron: 242<br \/>\nRok wydania: 2020<br \/>\nJ\u0119zyk wydania: polski<\/p>\n<p>Wyzwania gospodarki 4.0, czyli czwartej rewolucji gospodarczej, s\u0105 szczeg\u00f3lnie istotne w obszarze polityki pieni\u0119\u017cnej i rynk\u00f3w finansowych. Decydenci z tych obszar\u00f3w musz\u0105 bowiem wprowadza\u0107 zmiany uwzgl\u0119dniaj\u0105ce galopuj\u0105cy post\u0119p technologiczny, tak aby rozw\u00f3j innowacji finansowych wp\u0142yn\u0105\u0142 pozytywnie, a nie negatywnie na stabilno\u015b\u0107 i bezpiecze\u0144stwo wsp\u00f3\u0142czesnego systemu finansowego.<\/p>\n<p>Prezentowana ksi\u0105\u017cka jest zbiorem my\u015bli przedstawicieli nauki zwi\u0105zanych z polityk\u0105 pieni\u0119\u017cn\u0105 i rynkami finansowymi, kt\u00f3rych celem jest pokazanie tych innowacji z punktu widzenia potencja\u0142u i wyzwa\u0144, jakie niesie ze sob\u0105 czwarta rewolucja gospodarcza.<\/p>\n<p>Publikacja sk\u0142ada si\u0119 z dw\u00f3ch cz\u0119\u015bci: Innowacji w polityce pieni\u0119\u017cnej oraz Innowacji na rynku finansowym, w kt\u00f3rych znajduje si\u0119 po sze\u015b\u0107 rozdzia\u0142\u00f3w. Czytelnik dowie si\u0119 z nich:<br \/>\n\u2022 jaka jest geneza innowacji finansowych w gospodarce 4.0,<br \/>\n\u2022 dlaczego kryptowaluty, np. bitcoin, nie s\u0105 pieni\u0105dzem,<br \/>\n\u2022 czy stosowane strategie polityki pieni\u0119\u017cnej s\u0105 po kryzysie finansowym skuteczne,<br \/>\n\u2022 czy infl acja mo\u017ce by\u0107 narz\u0119dziem wzrostu gospodarczego,<br \/>\na tak\u017ce:<br \/>\n\u2022 jakie zmiany technologiczne przenikn\u0119\u0142y do rynk\u00f3w finansowych,<br \/>\n\u2022 czy najm\u0142odsze pokolenie b\u0119dzie funkcjonowa\u0107 tylko w otwartej bankowo\u015bci,<br \/>\n\u2022 czy robo-doradcy zast\u0105pi\u0105 doradc\u00f3w-ludzi,<br \/>\n\u2022 czy w przysz\u0142o\u015bci b\u0119dziemy p\u0142aci\u0107 tokenami,<br \/>\n\u2022 jakie zalety maj\u0105 pracownicze plany kapita\u0142owe,<br \/>\n\u2022 jakie s\u0105 wyzwania w szacowaniu kosztu kapita\u0142u.<\/p>\n<p>Ksi\u0105\u017cka b\u0119dzie stanowi\u0107 wa\u017cn\u0105 i ciekaw\u0105 lektur\u0119 dla inwestor\u00f3w, pracownik\u00f3w instytucji finansowych oraz wyk\u0142adowc\u00f3w i student\u00f3w uczelni ekonomicznych, a tak\u017ce wszystkich os\u00f3b zainteresowanych innowacjami finansowymi pojawiaj\u0105cymi si\u0119 w gospodarce 4.0.<\/p>\n","protected":false},"excerpt":{"rendered":"<p>Redakcja: Przybylska-Kapu\u015bci\u0144ska Wies\u0142awa, Perez Katarzyna Wydawca: CeDeWu Oprawa: Mi\u0119kka Format: [&hellip;]<\/p>\n","protected":false},"featured_media":12050,"template":"","meta":[],"product_brand":[],"product_cat":[17,7499,24],"product_tag":[337,755,340],"class_list":{"0":"post-12049","1":"product","2":"type-product","3":"status-publish","4":"has-post-thumbnail","6":"product_cat-ekonomia","7":"product_cat-makro-i-mikroekonomia","8":"product_cat-polityka-gospodarcza","9":"product_tag-ekonomia","10":"product_tag-polityka-gospodarcza","11":"product_tag-polityka-pieniezna","13":"first","14":"instock","15":"sale","16":"shipping-taxable","17":"purchasable","18":"product-type-simple"},"_links":{"self":[{"href":"https:\/\/ksiegarnia-akademicka.pl\/index.php\/wp-json\/wp\/v2\/product\/12049","targetHints":{"allow":["GET"]}}],"collection":[{"href":"https:\/\/ksiegarnia-akademicka.pl\/index.php\/wp-json\/wp\/v2\/product"}],"about":[{"href":"https:\/\/ksiegarnia-akademicka.pl\/index.php\/wp-json\/wp\/v2\/types\/product"}],"wp:featuredmedia":[{"embeddable":true,"href":"https:\/\/ksiegarnia-akademicka.pl\/index.php\/wp-json\/wp\/v2\/media\/12050"}],"wp:attachment":[{"href":"https:\/\/ksiegarnia-akademicka.pl\/index.php\/wp-json\/wp\/v2\/media?parent=12049"}],"wp:term":[{"taxonomy":"product_brand","embeddable":true,"href":"https:\/\/ksiegarnia-akademicka.pl\/index.php\/wp-json\/wp\/v2\/product_brand?post=12049"},{"taxonomy":"product_cat","embeddable":true,"href":"https:\/\/ksiegarnia-akademicka.pl\/index.php\/wp-json\/wp\/v2\/product_cat?post=12049"},{"taxonomy":"product_tag","embeddable":true,"href":"https:\/\/ksiegarnia-akademicka.pl\/index.php\/wp-json\/wp\/v2\/product_tag?post=12049"}],"curies":[{"name":"wp","href":"https:\/\/api.w.org\/{rel}","templated":true}]}}