{"id":12036,"date":"2020-01-09T11:30:07","date_gmt":"2020-01-09T10:30:07","guid":{"rendered":"http:\/\/ksiegarnia-akademicka.pl\/?post_type=product&#038;p=12036"},"modified":"2020-01-09T11:30:08","modified_gmt":"2020-01-09T10:30:08","slug":"vademecum-inspektora-ochrony-danych","status":"publish","type":"product","link":"https:\/\/ksiegarnia-akademicka.pl\/index.php\/product\/vademecum-inspektora-ochrony-danych\/","title":{"rendered":"Vademecum Inspektora Ochrony Danych"},"content":{"rendered":"<p>Redakcja: Maciej Ko\u0142odziej<br \/>\nAutor: Maciej Byczkowski, Anna Dopart, Maciej Gruszczy\u0144ski, dr Miros\u0142aw Gumularz, Tomasz Izydorczyk, Wojciech Jakubowski, \u0141ukasz Ko\u0142odziejczyk, Patrycja Kozik, Aleksandra Sajewicz, Patryk Siewert, Marcin Soczko, Mariusz Trajfacki, LL.M., Grzegorz Wanio, LL.M., Tomasz W\u0105cirz, Mariola Wi\u0119ckowska, Pawe\u0142 Wi\u0119ckowski<br \/>\nWydawnictwo: C.H. Beck<br \/>\nSeria: Vademecum specjalisty<br \/>\nData wydania: 23.12.2019<br \/>\nOprawa: Mi\u0119kka<br \/>\nLiczba stron: 462<br \/>\nWaga: 760 g<br \/>\nISBN: 978-83-8198-204-7<\/p>\n<p>Ksi\u0105\u017cki z serii Vademecum to przewodniki, swoista \u201emapa drogowa&#8221; prowadz\u0105ca specjalist\u00f3w przez zagmatwane regulacje prawne wyznaczaj\u0105ce im ramy dzia\u0142ania. Fundament pracy, kt\u00f3ry wyja\u015bnia trudne zagadnienia dla os\u00f3b na danym stanowisku lub w konkretnej dziedzinie.<\/p>\n<p>Publikacja to praktyczny poradnik dla IOD i ADO opisuj\u0105cy:<\/p>\n<p>rol\u0119 i znaczenie Inspektora dla ma\u0142ych, \u015brednich oraz rozbudowanych organizacji,<br \/>\ndo\u015bwiadczenia, wskaz\u00f3wki, procedury i narz\u0119dzia przydatne w pracy Inspektora,<br \/>\nzmiany i zawi\u0142o\u015b\u0107 prawa ochrony danych,<br \/>\nwybrane zagadnienia dotycz\u0105ce prowadzenia telemarketingu oraz e-commerce,<br \/>\nwskaz\u00f3wki dotycz\u0105ce transgranicznego przekazywania danych,<br \/>\nzasady stosowania RODO, w tym ponowne spojrzenie na definicje fundamentalne,<br \/>\nprowadzenie rejestru czynno\u015bci i kategorii czynno\u015bci przetwarzania danych osobowych,<br \/>\nmetodyk\u0119 prowadzenia Oceny Skutk\u00f3w dla Ochrony Danych,<br \/>\nzasady przygotowania i zawierania um\u00f3w powierzenia przetwarzania danych,<br \/>\npost\u0119powanie w przypadku stwierdzenia naruszenie ochrony danych osobowych,<br \/>\nsposoby minimalizacji ryzyka podczas przetwarzania danych osobowych,<br \/>\nwymagania stawiane systemom IT i mo\u017cliwo\u015b\u0107 ich nadzoru przez IOD,<br \/>\nperspektyw\u0119 przetwarzania danych w technologiach BigData, baz otwartych, AI oraz IoT.<br \/>\nPublikacja zosta\u0142a przygotowana celem om\u00f3wienia przydatnych Inspektorowi zagadnie\u0144, aby m\u00f3g\u0142 on wspiera\u0107 Administratora tak\u017ce wtedy, gdy nie posiada pe\u0142nej, ugruntowanej wiedzy i do\u015bwiadczenia w tej obszernej tematyce, jak\u0105 jest ca\u0142o\u015b\u0107 proces\u00f3w przetwarzania i ochrony danych osobowych. W Vademecum om\u00f3wione zosta\u0142y zagadnienia organizacyjne, techniczne i prawne, kt\u00f3re nale\u017cy bra\u0107 pod uwag\u0119, dbaj\u0105c o w\u0142a\u015bciwe stosowanie RODO i przepis\u00f3w z rozporz\u0105dzeniem powi\u0105zanych.<\/p>\n<p>Najwa\u017cniejsze atuty publikacji to:<\/p>\n<p>Do\u015bwiadczeni autorzy, zawodowo zajmuj\u0105cy si\u0119 tematyk\u0105 ochrony danych osobowych i us\u0142ugami spo\u0142ecze\u0144stwa informacyjnego, wyk\u0142adowcy bran\u017cy nowych technologii, bezpiecze\u0144stwa informacji i danych osobowych, uczestnicy grup roboczych konsultuj\u0105cych zmiany w polskim prawie, wsp\u00f3\u0142tw\u00f3rcy i komentatorzy nowych regulacji, interpretuj\u0105cy aktualne przepisy dotycz\u0105ce ochrony danych.<br \/>\nOm\u00f3wienie zagadnie\u0144 w taki spos\u00f3b, aby publikacja by\u0142a przewodnikiem dla ADO i IOD, wskazuj\u0105cym najwa\u017cniejsze obszary, w kt\u00f3rych, w ka\u017cdej organizacji, nale\u017cy przeprowadzi\u0107 identyfikacj\u0119 stanu proces\u00f3w ochrony danych i zastosowa\u0107 wymagania stawiane przez RODO i przepisy powi\u0105zane.<br \/>\nPrzedstawienie nowych, cz\u0119sto dotychczas pomijanych obszar\u00f3w, takich jak ponowna interpretacja wymog\u00f3w i zakresu stosowania RODO, kontekstowe rozszerzenie zakresu uznania za dane osobowe niekt\u00f3rych kategorii i rodzaj\u00f3w informacji przetwarzanych przez podmioty, powi\u0105zanie zarz\u0105dzania system\u00f3w informatycznych i teleinformatycznych z procesami ochrony danych osobowych oraz sta\u0142e reagowanie na zmiany w przepisach oraz interpretacjach i praktykach dotycz\u0105cych realizacji obowi\u0105zk\u00f3w w zakresie ochrony danych osobowych.<br \/>\nZaprezentowanie cz\u0119\u015bci prawnej powi\u0105zanej \u015bci\u015ble z technik\u0105 oraz technicznej nawi\u0105zuj\u0105cej do wymaga\u0144 prawnych, aby zapewni\u0107 kompleksowe podej\u015bcie do wymaga\u0144 w zakresie ochrony danych osobowych przy jednoczesnym zachowaniu r\u00f3wnowagi i rozs\u0105dku podczas u\u017cytkowania system\u00f3w, w kt\u00f3rych przetwarzane s\u0105 dane osobowe.<br \/>\nW ksi\u0105\u017cce Czytelnik znajdzie odpowiedzi na m.in. nast\u0119puj\u0105ce pytania:<\/p>\n<p>Kim powinien by\u0107 IOD w procesie ochrony danych \u2013 doradc\u0105, tw\u00f3rc\u0105, kontrolerem czy wykonawc\u0105?<br \/>\nJak zorganizowa\u0107 warsztat pracy IOD, z jakich narz\u0119dzi korzysta\u0107 oraz jak wsp\u00f3\u0142pracowa\u0107 z operatorami danych?<br \/>\nCzy RODO u\u0142atwi\u0142o stosowanie i interpretacj\u0119 przepis\u00f3w prawa m.in. w e-commerce i transgranicznej wymianie danych?<br \/>\nW jaki spos\u00f3b wykaza\u0107 poprawno\u015b\u0107 przetwarzania danych i jak oceni\u0107 skutki przetwarzania dla ochrony danych?<br \/>\nCzy poprawnie i wtedy gdy jest to wymagane podpisujemy umowy powierzenia przetwarzania danych osobowych?<br \/>\nKiedy dochodzi do naruszenia ochrony przetwarzanych danych, jak minimalizowa\u0107 ryzyko i jak post\u0119powa\u0107 z informacj\u0105 o incydentach?<br \/>\nCo \u0142\u0105czy poj\u0119cia: ochrona danych osobowych, tajemnica przedsi\u0119biorstwa, bezpiecze\u0144stwo informacji i cyberbezpiecze\u0144stwo?<br \/>\nW jaki spos\u00f3b budowa\u0107 i utrzymywa\u0107 bezpieczne systemy teleinformatyczne, w kt\u00f3rych przetwarzane s\u0105 dane osobowe?<br \/>\nNa co operator danych osobowych powinien zwr\u00f3ci\u0107 szczeg\u00f3ln\u0105 uwag\u0119, korzystaj\u0105c z komputera i sieci komputerowej?<br \/>\nJak budowa\u0107 poprawne i efektywne relacje pomi\u0119dzy zespo\u0142em inspektora a personelem IT?<br \/>\nCzy i jaki wp\u0142yw maj\u0105 nowe technologie IT (BigData, bazy otwarte, AI oraz IoT) na procesy przetwarzania i ochrony danych?<\/p>\n","protected":false},"excerpt":{"rendered":"<p>Redakcja: Maciej Ko\u0142odziej Autor: Maciej Byczkowski, Anna Dopart, Maciej Gruszczy\u0144ski, [&hellip;]<\/p>\n","protected":false},"featured_media":12037,"template":"","meta":[],"product_brand":[],"product_cat":[7492,7491,18],"product_tag":[3092,7619,7953],"class_list":{"0":"post-12036","1":"product","2":"type-product","3":"status-publish","4":"has-post-thumbnail","6":"product_cat-administracyjne","7":"product_cat-cywilne","8":"product_cat-prawo","9":"product_tag-ochrona-danych-osobowych","10":"product_tag-rodo","11":"product_tag-seria-vademecum-specjalisty","13":"first","14":"instock","15":"sale","16":"shipping-taxable","17":"purchasable","18":"product-type-simple"},"_links":{"self":[{"href":"https:\/\/ksiegarnia-akademicka.pl\/index.php\/wp-json\/wp\/v2\/product\/12036","targetHints":{"allow":["GET"]}}],"collection":[{"href":"https:\/\/ksiegarnia-akademicka.pl\/index.php\/wp-json\/wp\/v2\/product"}],"about":[{"href":"https:\/\/ksiegarnia-akademicka.pl\/index.php\/wp-json\/wp\/v2\/types\/product"}],"wp:featuredmedia":[{"embeddable":true,"href":"https:\/\/ksiegarnia-akademicka.pl\/index.php\/wp-json\/wp\/v2\/media\/12037"}],"wp:attachment":[{"href":"https:\/\/ksiegarnia-akademicka.pl\/index.php\/wp-json\/wp\/v2\/media?parent=12036"}],"wp:term":[{"taxonomy":"product_brand","embeddable":true,"href":"https:\/\/ksiegarnia-akademicka.pl\/index.php\/wp-json\/wp\/v2\/product_brand?post=12036"},{"taxonomy":"product_cat","embeddable":true,"href":"https:\/\/ksiegarnia-akademicka.pl\/index.php\/wp-json\/wp\/v2\/product_cat?post=12036"},{"taxonomy":"product_tag","embeddable":true,"href":"https:\/\/ksiegarnia-akademicka.pl\/index.php\/wp-json\/wp\/v2\/product_tag?post=12036"}],"curies":[{"name":"wp","href":"https:\/\/api.w.org\/{rel}","templated":true}]}}