{"id":11997,"date":"2019-12-17T09:47:28","date_gmt":"2019-12-17T08:47:28","guid":{"rendered":"http:\/\/ksiegarnia-akademicka.pl\/?post_type=product&#038;p=11997"},"modified":"2022-11-09T13:22:40","modified_gmt":"2022-11-09T12:22:40","slug":"psychologia-rozwoju-czlowieka","status":"publish","type":"product","link":"https:\/\/ksiegarnia-akademicka.pl\/index.php\/product\/psychologia-rozwoju-czlowieka\/","title":{"rendered":"Psychologia rozwoju cz\u0142owieka"},"content":{"rendered":"<p>Autor:<br \/>\nI. A. Brzezi\u0144ska<br \/>\nWydawca: GWP<br \/>\nOprawa: Mi\u0119kka<br \/>\nFormat: 16.5&#215;23.5cm<br \/>\nLiczba stron: 383<br \/>\nRok wydania: 2020<br \/>\nJ\u0119zyk wydania: polski<\/p>\n<p>Podr\u0119cznik napisany pod opiek\u0105 prof. Anny Brzezi\u0144skiej, niekwestionowanego autorytetu w dziedzinie psychologii rozwoju, stanowi kompendium wiedzy na temat rozwoju cz\u0142owieka na przestrzeni ca\u0142ego \u017cycia: od okresu prenatalnego do staro\u015bci. Dzi\u0119ki niemu czytelnik pozna zakres zainteresowa\u0144 tej dyscypliny, jej problemy i stosowane w niej strategie badawcze, a tak\u017ce najnowsze koncepcje. Zapozna si\u0119 ze szczeg\u00f3\u0142owym om\u00f3wieniem kolejnych okres\u00f3w \u017cycia pod wzgl\u0119dem rozwoju fizycznego, spo\u0142ecznego, osobowo\u015bci i proces\u00f3w poznawczych, jak r\u00f3wnie\u017c kszta\u0142towania si\u0119 to\u017csamo\u015bci, przebiegu i skutk\u00f3w kryzys\u00f3w rozwojowych oraz \u017ar\u00f3de\u0142 i znaczenia udzielanego wsparcia.<\/p>\n","protected":false},"excerpt":{"rendered":"<p>Autor: I. A. Brzezi\u0144ska Wydawca: GWP Oprawa: Mi\u0119kka Format: 16.5&#215;23.5cm [&hellip;]<\/p>\n","protected":false},"featured_media":11998,"template":"","meta":[],"product_brand":[],"product_cat":[27,7509],"product_tag":[269,1186,5322],"class_list":{"0":"post-11997","1":"product","2":"type-product","3":"status-publish","4":"has-post-thumbnail","6":"product_cat-nauki-spoleczne","7":"product_cat-psychologia","8":"product_tag-podrecznik-akademicki","9":"product_tag-psychologia","10":"product_tag-psychologia-rozwoju","12":"first","13":"instock","14":"sale","15":"shipping-taxable","16":"purchasable","17":"product-type-simple"},"_links":{"self":[{"href":"https:\/\/ksiegarnia-akademicka.pl\/index.php\/wp-json\/wp\/v2\/product\/11997","targetHints":{"allow":["GET"]}}],"collection":[{"href":"https:\/\/ksiegarnia-akademicka.pl\/index.php\/wp-json\/wp\/v2\/product"}],"about":[{"href":"https:\/\/ksiegarnia-akademicka.pl\/index.php\/wp-json\/wp\/v2\/types\/product"}],"wp:featuredmedia":[{"embeddable":true,"href":"https:\/\/ksiegarnia-akademicka.pl\/index.php\/wp-json\/wp\/v2\/media\/11998"}],"wp:attachment":[{"href":"https:\/\/ksiegarnia-akademicka.pl\/index.php\/wp-json\/wp\/v2\/media?parent=11997"}],"wp:term":[{"taxonomy":"product_brand","embeddable":true,"href":"https:\/\/ksiegarnia-akademicka.pl\/index.php\/wp-json\/wp\/v2\/product_brand?post=11997"},{"taxonomy":"product_cat","embeddable":true,"href":"https:\/\/ksiegarnia-akademicka.pl\/index.php\/wp-json\/wp\/v2\/product_cat?post=11997"},{"taxonomy":"product_tag","embeddable":true,"href":"https:\/\/ksiegarnia-akademicka.pl\/index.php\/wp-json\/wp\/v2\/product_tag?post=11997"}],"curies":[{"name":"wp","href":"https:\/\/api.w.org\/{rel}","templated":true}]}}