{"id":11985,"date":"2019-12-17T09:26:15","date_gmt":"2019-12-17T08:26:15","guid":{"rendered":"http:\/\/ksiegarnia-akademicka.pl\/?post_type=product&#038;p=11985"},"modified":"2019-12-17T09:26:15","modified_gmt":"2019-12-17T08:26:15","slug":"metodologia-badan-psychologicznych-3","status":"publish","type":"product","link":"https:\/\/ksiegarnia-akademicka.pl\/index.php\/product\/metodologia-badan-psychologicznych-3\/","title":{"rendered":"Metodologia bada\u0144 psychologicznych"},"content":{"rendered":"<p>Autor:<br \/>\nJerzy M. Brzezi\u0144ski<br \/>\nWydawca: Wydawnictwo Naukowe PWN<br \/>\nOprawa: Mi\u0119kka<br \/>\nFormat: 20.5&#215;28.5cm<br \/>\nLiczba stron: 528<br \/>\nWydanie: 1<br \/>\nRok wydania: 2019<br \/>\nJ\u0119zyk wydania: polski<\/p>\n<p>Wiedza z zakresu metodologii bada\u0144 psychologicznych stanowi najbardziej zasadniczy fundament warsztatu pracy psychologa. Bierna znajomo\u015b\u0107 metodologii umo\u017cliwia zrozumienie i krytyczn\u0105 ocen\u0119 naukowych tekst\u00f3w psychologicznych zdaj\u0105cych spraw\u0119 z przeprowadzonych bada\u0144 empirycznych. Czynna znajomo\u015b\u0107 z kolei pozwala na samodzielne zaprojektowanie i przeprowadzenie bada\u0144, a tak\u017ce przeanalizowanie i zinterpretowanie uzyskanych wynik\u00f3w. \u015awiadomo\u015b\u0107 metodologiczna badacza wykracza daleko poza bieg\u0142o\u015b\u0107 w stosowaniu pakiet\u00f3w statystycznych.<br \/>\nW nowym, zaktualizowanym wydaniu klasycznego ju\u017c (ponad 900 cytowa\u0144 w bazie Google Scholar!) podr\u0119cznika Metodologia bada\u0144 psychologicznych Jerzy M. Brzezi\u0144ski przedstawia autorski model struktury procesu badawczego w psychologii i innych naukach spo\u0142ecznych, a nast\u0119pnie szczeg\u00f3\u0142owo obja\u015bnia ka\u017cdy z etap\u00f3w post\u0119powania. Kolejne cz\u0119\u015bci podr\u0119cznika autor po\u015bwi\u0119ca:<br \/>\n\u2022 Naturze procesu badawczego w psychologii \u2013 przedstawiono tu istot\u0119 poznania naukowego w naukach empirycznych oraz scharakteryzowano psychologi\u0119 w\u0142a\u015bnie jako nauk\u0119 empiryczn\u0105, traktuj\u0105c\u0105 o zwi\u0105zkach mi\u0119dzy zmiennymi. Czytelnik zapozna si\u0119 tak\u017ce z definicjami zmiennych, sposobami ich konstruowania oraz z ich klasyfikacjami. Tu tak\u017ce przedstawiono typy problem\u00f3w badawczych i hipotez oraz struktur\u0119 procesu badawczego.<br \/>\n\u2022 Uwarunkowaniom procesu badawczego w psychologii i innych naukach spo\u0142ecznych \u2013 opisano tu zewn\u0119trzne i wewn\u0119trzne determinanty procesu badawczego, a tak\u017ce etyczny kontekst prowadzenia bada\u0144 naukowych.<br \/>\n\u2022 Podstawom zastosowa\u0144 metod statystycznych w badaniach psychologicznych \u2013 t\u0119 cz\u0119\u015b\u0107 po\u015bwi\u0119cono r\u00f3\u017cnym sposobom doboru os\u00f3b do bada\u0144, miarom si\u0142y zwi\u0105zku mi\u0119dzy zmiennymi oraz testom istotno\u015bci r\u00f3\u017cnic \u2013 wraz z dobranymi do nich wska\u017anikami wielko\u015bci efektu.<br \/>\n\u2022 Modelom sprawdzania hipotez \u2013 Czytelnik znajdzie tu prezentacj\u0119 modeli: eksperymentalnego, korelacyjnego oraz nieeksperymentalnego ex post facto.<br \/>\n\u2022 Podstawom konstrukcji test\u00f3w psychologicznych oraz kulturowej adaptacji test\u00f3w \u2013 Czytelnik zapozna si\u0119 tu z podstawowymi wymaganiami stawianymi wsp\u00f3\u0142cze\u015bnie testom psychologicznym \u2013 z naciskiem na zagadnienia trafno\u015bci, rzetelno\u015bci i b\u0142\u0119du standardowego pomiaru oraz przedzia\u0142ow\u0105 interpretacj\u0119 uzyskanego wyniku. Autor om\u00f3wi\u0142 te\u017c zagadnienia analizy wynik\u00f3w test\u00f3w przedstawionych pod postaci\u0105 profil\u00f3w. T\u0119 cz\u0119\u015b\u0107 uzupe\u0142nia bardzo wa\u017cna problematyka adaptacji kulturowej test\u00f3w.<br \/>\nPisz\u0105c niniejszy podr\u0119cznik, zwraca\u0142em uwag\u0119, aby s\u0142u\u017cy\u0142 on zar\u00f3wno tym (zw\u0142aszcza studentom pierwszych lat studi\u00f3w, gdy\u017c do nich jest przede wszystkim adresowany), kt\u00f3rzy wpierw chc\u0105 zrozumie\u0107 przekazywan\u0105 im wiedz\u0119 psychologiczn\u0105, kt\u00f3ra wszak \u2013 przypominam i podkre\u015blam, \u017ce psychologia jest nauk\u0105 empiryczn\u0105! \u2013 pochodzi z badania empirycznego, zanim przejd\u0105 do jej wykorzystywania we w\u0142asnej praktyce (diagnostycznej, terapeutycznej, profilaktycznej), jak i tym (studentom ostatnich lat studi\u00f3w magisterskich i studi\u00f3w doktoranckich), kt\u00f3rzy sami chc\u0105 wiedz\u0119 psychologiczn\u0105 (naukow\u0105!) wzbogaca\u0107, prowadz\u0105c samodzielne badania empiryczne \u2013 dla student\u00f3w tak\u0105 pierwsz\u0105, powa\u017cn\u0105 okazj\u0105 b\u0119dzie praca magisterska, a dla s\u0142uchaczy studi\u00f3w doktoranckich \u2013 doktorska.<br \/>\nZ tekstu<br \/>\nNowy podr\u0119cznik autorstwa Jerzego Brzezi\u0144skiego Metodologia bada\u0144 psychologicznych stanowi oryginalne osi\u0105gni\u0119cie w stosunku do poprzednich edycji. Autor dokona\u0142 wielu istotnych zmian edycji poprzednich, a w nowej propozycji uwzgl\u0119dni\u0142 najnowsz\u0105 literatur\u0119 \u015bwiatow\u0105. Ten podr\u0119cznik nie ma sobie r\u00f3wnych w kontek\u015bcie literatury \u015bwiatowej. Wieloletni wysi\u0142ek autora zaowocowa\u0142 powstaniem integralnej metodologii bada\u0144 psychologicznych, uwzgl\u0119dniaj\u0105cej specyfik\u0119 psychologii jako dziedziny bada\u0144 humanistycznych, relacj\u0119 tej metodologii do procesu poznawania naukowego, do metodologii og\u00f3lnej i procesu weryfikacji hipotez, relacje do psychometrii i post\u0119powania diagnostycznego oraz regu\u0142 etycznych respektowanych w badaniu ludzi.<br \/>\nZ recenzji prof. dr hab. Czes\u0142awa Nosala<\/p>\n","protected":false},"excerpt":{"rendered":"<p>Autor: Jerzy M. Brzezi\u0144ski Wydawca: Wydawnictwo Naukowe PWN Oprawa: Mi\u0119kka [&hellip;]<\/p>\n","protected":false},"featured_media":11986,"template":"","meta":[],"product_brand":[],"product_cat":[27,7509],"product_tag":[1356,1186],"class_list":{"0":"post-11985","1":"product","2":"type-product","3":"status-publish","4":"has-post-thumbnail","6":"product_cat-nauki-spoleczne","7":"product_cat-psychologia","8":"product_tag-metodyka-badan","9":"product_tag-psychologia","11":"first","12":"instock","13":"sale","14":"shipping-taxable","15":"purchasable","16":"product-type-simple"},"_links":{"self":[{"href":"https:\/\/ksiegarnia-akademicka.pl\/index.php\/wp-json\/wp\/v2\/product\/11985","targetHints":{"allow":["GET"]}}],"collection":[{"href":"https:\/\/ksiegarnia-akademicka.pl\/index.php\/wp-json\/wp\/v2\/product"}],"about":[{"href":"https:\/\/ksiegarnia-akademicka.pl\/index.php\/wp-json\/wp\/v2\/types\/product"}],"wp:featuredmedia":[{"embeddable":true,"href":"https:\/\/ksiegarnia-akademicka.pl\/index.php\/wp-json\/wp\/v2\/media\/11986"}],"wp:attachment":[{"href":"https:\/\/ksiegarnia-akademicka.pl\/index.php\/wp-json\/wp\/v2\/media?parent=11985"}],"wp:term":[{"taxonomy":"product_brand","embeddable":true,"href":"https:\/\/ksiegarnia-akademicka.pl\/index.php\/wp-json\/wp\/v2\/product_brand?post=11985"},{"taxonomy":"product_cat","embeddable":true,"href":"https:\/\/ksiegarnia-akademicka.pl\/index.php\/wp-json\/wp\/v2\/product_cat?post=11985"},{"taxonomy":"product_tag","embeddable":true,"href":"https:\/\/ksiegarnia-akademicka.pl\/index.php\/wp-json\/wp\/v2\/product_tag?post=11985"}],"curies":[{"name":"wp","href":"https:\/\/api.w.org\/{rel}","templated":true}]}}