{"id":11912,"date":"2019-12-04T09:35:24","date_gmt":"2019-12-04T08:35:24","guid":{"rendered":"http:\/\/ksiegarnia-akademicka.pl\/?post_type=product&#038;p=11912"},"modified":"2024-12-04T16:22:14","modified_gmt":"2024-12-04T15:22:14","slug":"dermatologia-dla-kosmetologow","status":"publish","type":"product","link":"https:\/\/ksiegarnia-akademicka.pl\/index.php\/product\/dermatologia-dla-kosmetologow\/","title":{"rendered":"Dermatologia dla kosmetolog\u00f3w"},"content":{"rendered":"<p>red. Z. Adamski, A. Kaszuba<br \/>\nWydawca: Edra Urban i Partner<br \/>\nRok: 2019<br \/>\nilo\u015b\u0107 stron: 496<br \/>\nISBN: 978-83-66310-14-8<\/p>\n<p>Ksi\u0105\u017cka wype\u0142ni\u0142a dotkliw\u0105 luk\u0119 w naszym pi\u015bmiennictwie medycznym. Zapotrzebowanie na tego typu wydawnictwa jest ogromne i to nie tylko w\u015br\u00f3d dermatolog\u00f3w, kosmetolog\u00f3w, ale tak\u017ce w\u015br\u00f3d lekarzy og\u00f3lnych. Kosmetologia w coraz wi\u0119kszym stopniu zdobywa sobie prawo do istnienia w\u015br\u00f3d dyscyplin medycznych, staj\u0105c si\u0119 jednym z dzia\u0142\u00f3w nowoczesnej dermatologii.<\/p>\n<p>Ksi\u0105\u017cka sk\u0142ada si\u0119 z dw\u00f3ch cz\u0119\u015bci. Pierwsza zawiera opisy podstawowych chor\u00f3b sk\u00f3ry. W drugiej przedstawiono wybrane zagadnienia praktyczne zgodnie z wiedz\u0105 autor\u00f3w, bardzo przydatne w codziennej dzia\u0142alno\u015bci kosmetolog\u00f3w oraz dermatolog\u00f3w estetycznych.<\/p>\n<p>Cz\u0119\u015b\u0107 I Podstawy dermatologii i wenerologii<\/p>\n<p>Cz\u0119\u015b\u0107 II Zabiegi stosowane w dermatologii estetycznej<\/p>\n","protected":false},"excerpt":{"rendered":"<p>red. Z. Adamski, A. Kaszuba Wydawca: Edra Urban i Partner [&hellip;]<\/p>\n","protected":false},"featured_media":11913,"template":"","meta":[],"product_brand":[],"product_cat":[7625],"product_tag":[4934,6184],"class_list":{"0":"post-11912","1":"product","2":"type-product","3":"status-publish","4":"has-post-thumbnail","6":"product_cat-nauki-o-zdrowiu","7":"product_tag-kosmetologia","8":"product_tag-nauki-o-zdrowiu","10":"first","11":"instock","12":"sale","13":"shipping-taxable","14":"purchasable","15":"product-type-simple"},"_links":{"self":[{"href":"https:\/\/ksiegarnia-akademicka.pl\/index.php\/wp-json\/wp\/v2\/product\/11912","targetHints":{"allow":["GET"]}}],"collection":[{"href":"https:\/\/ksiegarnia-akademicka.pl\/index.php\/wp-json\/wp\/v2\/product"}],"about":[{"href":"https:\/\/ksiegarnia-akademicka.pl\/index.php\/wp-json\/wp\/v2\/types\/product"}],"wp:featuredmedia":[{"embeddable":true,"href":"https:\/\/ksiegarnia-akademicka.pl\/index.php\/wp-json\/wp\/v2\/media\/11913"}],"wp:attachment":[{"href":"https:\/\/ksiegarnia-akademicka.pl\/index.php\/wp-json\/wp\/v2\/media?parent=11912"}],"wp:term":[{"taxonomy":"product_brand","embeddable":true,"href":"https:\/\/ksiegarnia-akademicka.pl\/index.php\/wp-json\/wp\/v2\/product_brand?post=11912"},{"taxonomy":"product_cat","embeddable":true,"href":"https:\/\/ksiegarnia-akademicka.pl\/index.php\/wp-json\/wp\/v2\/product_cat?post=11912"},{"taxonomy":"product_tag","embeddable":true,"href":"https:\/\/ksiegarnia-akademicka.pl\/index.php\/wp-json\/wp\/v2\/product_tag?post=11912"}],"curies":[{"name":"wp","href":"https:\/\/api.w.org\/{rel}","templated":true}]}}