{"id":11906,"date":"2019-11-29T12:35:39","date_gmt":"2019-11-29T11:35:39","guid":{"rendered":"http:\/\/ksiegarnia-akademicka.pl\/?post_type=product&#038;p=11906"},"modified":"2019-11-29T13:48:18","modified_gmt":"2019-11-29T12:48:18","slug":"etyka-w-praktyce-pielegniarskiej-zasady-podejmowania-decyzji-etycznych","status":"publish","type":"product","link":"https:\/\/ksiegarnia-akademicka.pl\/index.php\/product\/etyka-w-praktyce-pielegniarskiej-zasady-podejmowania-decyzji-etycznych\/","title":{"rendered":"ETYKA W PRAKTYCE PIEL\u0118GNIARSKIEJ. Zasady podejmowania decyzji etycznych"},"content":{"rendered":"<p>Fry Sara.T., Johnstone Megan-Jane<br \/>\nWydawnictwo: Makmed<br \/>\nRok: 2009 wyd.2<br \/>\nilo\u015b\u0107 stron:240<br \/>\nISBN 978-83-927780-8-0<\/p>\n<p>Niniejsza publikacja na \u015bwiecie ukazuje si\u0119 pod patronatem Mi\u0119dzynarodowej Rady Piel\u0119gniarek i dosy\u0107 \u015bci\u015ble wpisuje si\u0119 w misj\u0119 tej organizacji. W Polsce ukazuje si\u0119 dzi\u0119ki inicjatywie Polskiego Towarzystwa Piel\u0119gniarskiego. Opr\u00f3cz przyst\u0119pnie przedstawionych podstaw teoretycznych etyki w odpowiednim kontek\u015bcie przedmiotu, opisuje r\u00f3wnie\u017c bardzo wiele konkretnych przyk\u0142ad\u00f3w zaczerpni\u0119tych bezpo\u015brednio z praktyki piel\u0119gniarskiej, co umo\u017cliwia wierne przedstawienie natury sytuacji, z kt\u00f3rymi piel\u0119gniarki na co dzie\u0144 si\u0119 stykaj\u0105.<\/p>\n<p>Wielo\u015b\u0107 opisanych przyk\u0142ad\u00f3w oraz zasad post\u0119powania, proces okre\u015blania natury konfliktu warto\u015bci sprawia, \u017ce ksi\u0105\u017cka mo\u017ce by\u0107 wykorzystana w pracy ze studentami. Podr\u0119cznik przedstawia etyk\u0119 w spos\u00f3b uniwersalny \u2013 opisuje problemy pojawiaj\u0105ce si\u0119 w pracy piel\u0119gniarek niezale\u017cnie od szeroko\u015bci geograficznej. W wyra\u017any spos\u00f3b odnosi si\u0119 r\u00f3wnie\u017c do aspekt\u00f3w mi\u0119dzykulturowych, kt\u00f3re w obecnych czasach nabieraj\u0105 istotnego znaczenia. W tych kontek\u015bcie publikacja wyposa\u017ca w tak\u0105 wiedz\u0119 i umiej\u0119tno\u015bci, kt\u00f3re pozwol\u0105 polskim piel\u0119gniarkom odnale\u017a\u0107 si\u0119 w pracy poza granicami naszego kraju, a piel\u0119gniarkom pracuj\u0105cym w Polsce umo\u017cliwi\u0105 nawi\u0105zanie w\u0142a\u015bciwych relacji z obcokrajowcami przebywaj\u0105cymi w naszym kraju i szukaj\u0105cymi pomocy w naszym systemie opieki medycznej.<\/p>\n","protected":false},"excerpt":{"rendered":"<p>Fry Sara.T., Johnstone Megan-Jane Wydawnictwo: Makmed Rok: 2009 wyd.2 ilo\u015b\u0107 [&hellip;]<\/p>\n","protected":false},"featured_media":11907,"template":"","meta":[],"product_brand":[],"product_cat":[7493,44],"product_tag":[235,3994,4645],"class_list":{"0":"post-11906","1":"product","2":"type-product","3":"status-publish","4":"has-post-thumbnail","6":"product_cat-medycyna","7":"product_cat-nauki-medyczne","8":"product_tag-etyka","9":"product_tag-medycyna","10":"product_tag-pielegniarstwo","12":"first","13":"instock","14":"sale","15":"shipping-taxable","16":"purchasable","17":"product-type-simple"},"_links":{"self":[{"href":"https:\/\/ksiegarnia-akademicka.pl\/index.php\/wp-json\/wp\/v2\/product\/11906","targetHints":{"allow":["GET"]}}],"collection":[{"href":"https:\/\/ksiegarnia-akademicka.pl\/index.php\/wp-json\/wp\/v2\/product"}],"about":[{"href":"https:\/\/ksiegarnia-akademicka.pl\/index.php\/wp-json\/wp\/v2\/types\/product"}],"wp:featuredmedia":[{"embeddable":true,"href":"https:\/\/ksiegarnia-akademicka.pl\/index.php\/wp-json\/wp\/v2\/media\/11907"}],"wp:attachment":[{"href":"https:\/\/ksiegarnia-akademicka.pl\/index.php\/wp-json\/wp\/v2\/media?parent=11906"}],"wp:term":[{"taxonomy":"product_brand","embeddable":true,"href":"https:\/\/ksiegarnia-akademicka.pl\/index.php\/wp-json\/wp\/v2\/product_brand?post=11906"},{"taxonomy":"product_cat","embeddable":true,"href":"https:\/\/ksiegarnia-akademicka.pl\/index.php\/wp-json\/wp\/v2\/product_cat?post=11906"},{"taxonomy":"product_tag","embeddable":true,"href":"https:\/\/ksiegarnia-akademicka.pl\/index.php\/wp-json\/wp\/v2\/product_tag?post=11906"}],"curies":[{"name":"wp","href":"https:\/\/api.w.org\/{rel}","templated":true}]}}