{"id":119,"date":"2018-05-22T12:40:48","date_gmt":"2018-05-22T10:40:48","guid":{"rendered":"http:\/\/ksiegarnia-akademicka.pl\/index.php\/product\/analiza-matematyczna-w-zadaniach-cz-2\/"},"modified":"2024-01-03T10:56:52","modified_gmt":"2024-01-03T09:56:52","slug":"analiza-matematyczna-w-zadaniach-cz-2","status":"publish","type":"product","link":"https:\/\/ksiegarnia-akademicka.pl\/index.php\/product\/analiza-matematyczna-w-zadaniach-cz-2\/","title":{"rendered":"Analiza matematyczna w zadaniach cz.2"},"content":{"rendered":"<p>Autor:<br \/>\nL. W\u0142odarski<br \/>\nW. Krysicki<br \/>\nWydawca: Wydawnictwo Naukowe PWN<br \/>\nOprawa: Mi\u0119kka<br \/>\nFormat: 16.5&#215;24.0cm<br \/>\nLiczba stron: 492<br \/>\nWydanie: 27<br \/>\nRok wydania: 2023<br \/>\nJ\u0119zyk wydania: polski<\/p>\n<p>Druga cz\u0119\u015b\u0107 podr\u0119cznika dotyczy analizy funkcji wielu zmiennych, funkcji uwik\u0142anych i funkcji zmiennej zespolonej, element\u00f3w geometrii r\u00f3\u017cniczkowej i rachunku prawdopodobie\u0144stwa oraz r\u00f3wna\u0144 r\u00f3\u017cniczkowych.<\/p>\n","protected":false},"excerpt":{"rendered":"<p>Autor: L. W\u0142odarski W. Krysicki Wydawca: Wydawnictwo Naukowe PWN Oprawa: [&hellip;]<\/p>\n","protected":false},"featured_media":8881,"template":"","meta":[],"product_brand":[],"product_cat":[7519,35],"product_tag":[182,259],"class_list":{"0":"post-119","1":"product","2":"type-product","3":"status-publish","4":"has-post-thumbnail","6":"product_cat-matematyka","7":"product_cat-matematyka-i-jej-zastosowania","8":"product_tag-analiza-matematyczna","9":"product_tag-podreczniki-akademickie","11":"first","12":"instock","13":"sale","14":"shipping-taxable","15":"purchasable","16":"product-type-simple"},"_links":{"self":[{"href":"https:\/\/ksiegarnia-akademicka.pl\/index.php\/wp-json\/wp\/v2\/product\/119","targetHints":{"allow":["GET"]}}],"collection":[{"href":"https:\/\/ksiegarnia-akademicka.pl\/index.php\/wp-json\/wp\/v2\/product"}],"about":[{"href":"https:\/\/ksiegarnia-akademicka.pl\/index.php\/wp-json\/wp\/v2\/types\/product"}],"wp:featuredmedia":[{"embeddable":true,"href":"https:\/\/ksiegarnia-akademicka.pl\/index.php\/wp-json\/wp\/v2\/media\/8881"}],"wp:attachment":[{"href":"https:\/\/ksiegarnia-akademicka.pl\/index.php\/wp-json\/wp\/v2\/media?parent=119"}],"wp:term":[{"taxonomy":"product_brand","embeddable":true,"href":"https:\/\/ksiegarnia-akademicka.pl\/index.php\/wp-json\/wp\/v2\/product_brand?post=119"},{"taxonomy":"product_cat","embeddable":true,"href":"https:\/\/ksiegarnia-akademicka.pl\/index.php\/wp-json\/wp\/v2\/product_cat?post=119"},{"taxonomy":"product_tag","embeddable":true,"href":"https:\/\/ksiegarnia-akademicka.pl\/index.php\/wp-json\/wp\/v2\/product_tag?post=119"}],"curies":[{"name":"wp","href":"https:\/\/api.w.org\/{rel}","templated":true}]}}