{"id":11859,"date":"2019-11-22T09:42:50","date_gmt":"2019-11-22T08:42:50","guid":{"rendered":"http:\/\/ksiegarnia-akademicka.pl\/?post_type=product&#038;p=11859"},"modified":"2024-12-04T16:23:37","modified_gmt":"2024-12-04T15:23:37","slug":"leksykon-prawa-wlasnosci-intelektualnej-100-podstawowych-pojec","status":"publish","type":"product","link":"https:\/\/ksiegarnia-akademicka.pl\/index.php\/product\/leksykon-prawa-wlasnosci-intelektualnej-100-podstawowych-pojec\/","title":{"rendered":"Leksykon prawa w\u0142asno\u015bci intelektualnej. 100 podstawowych poj\u0119\u0107"},"content":{"rendered":"<p>Redakcja: prof. UG, dr hab. Maciej Barczewski, Ewelina Kowalska<br \/>\nAutor: Pawe\u0142 Chyc, dr Krzysztof Czub, Aleksandra Czubek, Damian Flisak, Ma\u0142gorzata G\u0142\u00f3dkowska, Julia Janusz, Dagmara Jaroszewska-Chora\u015b, Karolina Kleina, Adam Kowalewski, Katarzyna Krupa-Lipi\u0144ska, prof. dr hab. Leonard \u0141ukaszuk, Joanna Marsza\u0142ek, Alicja Pa\u0142gan, Sandra Pawelska, prof. dr hab. Andrzej Powa\u0142owski, Agnieszka Przyborska-Bojanowska, Pawe\u0142 Rasmus, dr Sybilla Stanis\u0142awska-Kloc, dr hab. Anna Tischner, prof. UJ, Richard Warner, Krystyna Warylewska, dr Dominika Wetoszka, Maciej Zejda, Pawe\u0142 Zieli\u0144ski<br \/>\nWydawca: C.H. Beck<br \/>\nSeria: Leksykony prawnicze<br \/>\nRok wydania: 2019<br \/>\nISBN: 978-83-8158-396-1<br \/>\nLiczba stron: 284<br \/>\nOprawa: Mi\u0119kka<br \/>\nWaga: 460 g<\/p>\n<p>Leksykon prawa w\u0142asno\u015bci intelektualnej stanowi usystematyzowany zbi\u00f3r 100 najwa\u017cniejszych poj\u0119\u0107 i instytucji normatywnych dotycz\u0105cych prawa autorskiego, praw pokrewnych oraz prawa w\u0142asno\u015bci przemys\u0142owej.<\/p>\n<p>Przedmiotem ochrony prawa w\u0142asno\u015bci intelektualnej s\u0105 przede wszystkim utwory, a wi\u0119c przejawy dzia\u0142alno\u015bci tw\u00f3rczej o indywidualnym charakterze, ustalone w jakiejkolwiek postaci, niezale\u017cnie od ich warto\u015bci oraz przeznaczenia, prawa pokrewne czyli m.in. prawa artyst\u00f3w, wykonawc\u00f3w i wydawc\u00f3w oraz rozwi\u0105zania, charakteryzuj\u0105ce si\u0119 nowo\u015bci\u0105 oraz oryginalno\u015bci\u0105 (wynalazki, wzory u\u017cytkowe, topografie uk\u0142ad\u00f3w scalonych, wzory przemys\u0142owe). Ponadto, normy prawa w\u0142asno\u015bci intelektualnej obejmuj\u0105 ochron\u0119 znak\u00f3w towarowych i us\u0142ugowych, regulacje odnosz\u0105ce si\u0119 do projekt\u00f3w racjonalizatorskich, ochron\u0119 oznacze\u0144 geograficznych, a tak\u017ce ochron\u0119 przed nieuczuciow\u0105 konkurencj\u0105 oraz ochron\u0119 know-how. W prawie autorskim odnajdujemy dodatkowo regulacje dotycz\u0105ce rozpowszechniania wizerunku czy te\u017c tajemnicy korespondencji.<\/p>\n<p>Wszystkie powy\u017csze zagadnienia zosta\u0142y w zwi\u0119z\u0142y spos\u00f3b przedstawione w niniejszej publikacji, stanowi\u0105c tym samym swoisty przewodnik po najwa\u017cniejszych uregulowaniach nale\u017c\u0105cych do tej dziedziny.<\/p>\n","protected":false},"excerpt":{"rendered":"<p>Redakcja: prof. UG, dr hab. Maciej Barczewski, Ewelina Kowalska Autor: [&hellip;]<\/p>\n","protected":false},"featured_media":11860,"template":"","meta":[],"product_brand":[],"product_cat":[7491,7495,18],"product_tag":[4307,7934],"class_list":{"0":"post-11859","1":"product","2":"type-product","3":"status-publish","4":"has-post-thumbnail","6":"product_cat-cywilne","7":"product_cat-gospodarcze-i-handlowe","8":"product_cat-prawo","9":"product_tag-prawo-wlasnosci-intelektualnej","10":"product_tag-seria-leksykony-prawnicze","12":"first","13":"instock","14":"sale","15":"shipping-taxable","16":"purchasable","17":"product-type-simple"},"_links":{"self":[{"href":"https:\/\/ksiegarnia-akademicka.pl\/index.php\/wp-json\/wp\/v2\/product\/11859","targetHints":{"allow":["GET"]}}],"collection":[{"href":"https:\/\/ksiegarnia-akademicka.pl\/index.php\/wp-json\/wp\/v2\/product"}],"about":[{"href":"https:\/\/ksiegarnia-akademicka.pl\/index.php\/wp-json\/wp\/v2\/types\/product"}],"wp:featuredmedia":[{"embeddable":true,"href":"https:\/\/ksiegarnia-akademicka.pl\/index.php\/wp-json\/wp\/v2\/media\/11860"}],"wp:attachment":[{"href":"https:\/\/ksiegarnia-akademicka.pl\/index.php\/wp-json\/wp\/v2\/media?parent=11859"}],"wp:term":[{"taxonomy":"product_brand","embeddable":true,"href":"https:\/\/ksiegarnia-akademicka.pl\/index.php\/wp-json\/wp\/v2\/product_brand?post=11859"},{"taxonomy":"product_cat","embeddable":true,"href":"https:\/\/ksiegarnia-akademicka.pl\/index.php\/wp-json\/wp\/v2\/product_cat?post=11859"},{"taxonomy":"product_tag","embeddable":true,"href":"https:\/\/ksiegarnia-akademicka.pl\/index.php\/wp-json\/wp\/v2\/product_tag?post=11859"}],"curies":[{"name":"wp","href":"https:\/\/api.w.org\/{rel}","templated":true}]}}