{"id":118,"date":"2018-05-22T12:40:48","date_gmt":"2018-05-22T10:40:48","guid":{"rendered":"http:\/\/ksiegarnia-akademicka.pl\/index.php\/product\/analiza-matematyczna-w-zadaniach-cz-1\/"},"modified":"2022-10-06T15:20:24","modified_gmt":"2022-10-06T13:20:24","slug":"analiza-matematyczna-w-zadaniach-cz-1","status":"publish","type":"product","link":"https:\/\/ksiegarnia-akademicka.pl\/index.php\/product\/analiza-matematyczna-w-zadaniach-cz-1\/","title":{"rendered":"Analiza matematyczna w zadaniach cz.1"},"content":{"rendered":"<p>Krysicki W., W\u0142odarski L. Wydawnictwo Naukowe PWN 2022 <\/br><\/br><\/p>\n<p>Kolejne wydanie pierwszej cz\u0119\u015bci podr\u0119cznika i zarazem typowych zada\u0144 z<br \/>\nanalizy matematycznej, kt&oacute;re od wielu lat ciesz\u0105 si\u0119 nies\u0142abn\u0105cym<br \/>\npowodzeniem w\u015br&oacute;d student&oacute;w pierwszych lat matematyki i nauk<br \/>\nprzyrodniczych uniwersytet&oacute;w i wy\u017cszych uczelni technicznych oraz<br \/>\nstudent&oacute;w akademii ekonomicznych i wy\u017cszych szk&oacute;\u0142 pedagogicznych. <\/p>\n<p> Chc\u0105c uchroni\u0107 czytelnika przed mechanicznym rozwi\u0105zywaniem zada\u0144,<br \/>\nczyli stosowaniem szablon&oacute;w bez dok\u0142adnego wnikania w tre\u015b\u0107 stosowanych<br \/>\npoj\u0119\u0107 oraz bez sprawdzania, czy spe\u0142nione s\u0105 za\u0142o\u017cenia stosowanych<br \/>\ntwierdze\u0144, na pocz\u0105tku ka\u017cdego rozdzia\u0142u podano podstawowe definicje i<br \/>\ntwierdzenia. Ma to na celu u\u0142atwienie odbiorcy korzystania przy<br \/>\nrozwi\u0105zywaniu zada\u0144 z r&oacute;\u017cnych podr\u0119cznik&oacute;w.<\/p>\n<p> Ka\u017cdy rozdzia\u0142 sk\u0142ada si\u0119 z przyk\u0142ad&oacute;w ca\u0142kowicie rozwi\u0105zanych oraz<br \/>\nzada\u0144 do samodzielnego rozwi\u0105zywania. Dzi\u0119ki temu czytelnik mo\u017ce z<br \/>\njednej strony nauczy\u0107 si\u0119 we w\u0142a\u015bciwy spos&oacute;b rozwi\u0105zywa\u0107 zadania, a z<br \/>\ndrugiej strony zdoby\u0107 pe\u0142n\u0105 samodzielno\u015b\u0107 przy ich rozwi\u0105zywaniu. Dla<br \/>\numo\u017cliwienia odbiorcy kontrolowania, czy w\u0142a\u015bciwie rozwi\u0105zuje zadania,<br \/>\nna ko\u0144cu podr\u0119cznika podano odpowiedzi do zada\u0144 nie rozwi\u0105zanych. Przy<br \/>\ntrudniejszych zadaniach podano wskaz&oacute;wki do ich rozwi\u0105zania, aby<br \/>\numo\u017cliwi\u0107 przerobienie wszystkich zada\u0144 nawet s\u0142abiej przygotowanym<br \/>\nczytelnikom. <\/p>\n<p> Pierwsza cz\u0119\u015b\u0107 podr\u0119cznika dotyczy podstawowego kursu analizy matematycznej i element&oacute;w algebry. <br \/> Analiza matematyczna jest dzia\u0142em matematyki, kt&oacute;ry przez swe subtelne<br \/>\nrozwa\u017cania, zw\u0142aszcza zwi\u0105zane z poj\u0119ciem granicy, nastr\u0119cza<br \/>\nstudiuj\u0105cym du\u017ce trudno\u015bci. Opracowanie teorii analizy matematycznej<br \/>\njest mo\u017cliwe jedynie przez wnikni\u0119cie w\u0142a\u015bnie w te subtelne rozwa\u017cania,<br \/>\na wi\u0119c przez dok\u0142adne studiowanie twierdze\u0144 wraz z dowodami. <br \/> Z drugiej strony podr\u0119cznik ten mo\u017ce stanowi\u0107 pewn\u0105 ilustracj\u0119 tej<br \/>\nteorii, pomocn\u0105 do jej zrozumienia, a to w\u0142a\u015bnie dzi\u0119ki dok\u0142adnemu<br \/>\nformu\u0142owaniu definicji i twierdze\u0144 przed ich stosowaniem w zadaniach.<\/p>\n<p> Ksi\u0105\u017cka przeznaczona jest dla student&oacute;w matematyki i nauk<br \/>\nprzyrodniczych uniwersytet&oacute;w oraz wy\u017cszych uczelni technicznych, a<br \/>\ntak\u017ce student&oacute;w akademii ekonomicznych i wy\u017cszych szk&oacute;\u0142 pedagogicznych.<br \/>\n<br \/> Niniejsze wydanie ukazuje si\u0119 w zmienionej i rozszerzonej postaci, aby<br \/>\ndostosowa\u0107 podr\u0119cznik do nowego programu matematyki na wspomnianych<br \/>\nuczelniach, zar&oacute;wno na studiach dziennych, jak i wieczorowych oraz<br \/>\nzaocznych. Z tego wzgl\u0119du dodano pewne wiadomo\u015bci wst\u0119pne dla<br \/>\nu\u0142atwienia pokonywania trudno\u015bci wyst\u0119puj\u0105cych w pierwszym okresie<br \/>\nstudi&oacute;w oraz elementy kombinatoryki, macierze wraz z zastosowaniami, a<br \/>\ntak\u017ce ca\u0142ki funkcji jednej zmiennej.<\/p>\n<p><\/br><\/br>pozycja dost\u0119pna<\/p>\n","protected":false},"excerpt":{"rendered":"<p>Krysicki W., W\u0142odarski L. Wydawnictwo Naukowe PWN 2022 Kolejne wydanie [&hellip;]<\/p>\n","protected":false},"featured_media":8880,"template":"","meta":[],"product_brand":[],"product_cat":[7519,35],"product_tag":[182,259],"class_list":{"0":"post-118","1":"product","2":"type-product","3":"status-publish","4":"has-post-thumbnail","6":"product_cat-matematyka","7":"product_cat-matematyka-i-jej-zastosowania","8":"product_tag-analiza-matematyczna","9":"product_tag-podreczniki-akademickie","11":"first","12":"instock","13":"sale","14":"shipping-taxable","15":"purchasable","16":"product-type-simple"},"_links":{"self":[{"href":"https:\/\/ksiegarnia-akademicka.pl\/index.php\/wp-json\/wp\/v2\/product\/118","targetHints":{"allow":["GET"]}}],"collection":[{"href":"https:\/\/ksiegarnia-akademicka.pl\/index.php\/wp-json\/wp\/v2\/product"}],"about":[{"href":"https:\/\/ksiegarnia-akademicka.pl\/index.php\/wp-json\/wp\/v2\/types\/product"}],"wp:featuredmedia":[{"embeddable":true,"href":"https:\/\/ksiegarnia-akademicka.pl\/index.php\/wp-json\/wp\/v2\/media\/8880"}],"wp:attachment":[{"href":"https:\/\/ksiegarnia-akademicka.pl\/index.php\/wp-json\/wp\/v2\/media?parent=118"}],"wp:term":[{"taxonomy":"product_brand","embeddable":true,"href":"https:\/\/ksiegarnia-akademicka.pl\/index.php\/wp-json\/wp\/v2\/product_brand?post=118"},{"taxonomy":"product_cat","embeddable":true,"href":"https:\/\/ksiegarnia-akademicka.pl\/index.php\/wp-json\/wp\/v2\/product_cat?post=118"},{"taxonomy":"product_tag","embeddable":true,"href":"https:\/\/ksiegarnia-akademicka.pl\/index.php\/wp-json\/wp\/v2\/product_tag?post=118"}],"curies":[{"name":"wp","href":"https:\/\/api.w.org\/{rel}","templated":true}]}}