{"id":11793,"date":"2019-11-08T09:25:54","date_gmt":"2019-11-08T08:25:54","guid":{"rendered":"http:\/\/ksiegarnia-akademicka.pl\/?post_type=product&#038;p=11793"},"modified":"2019-11-08T09:25:55","modified_gmt":"2019-11-08T08:25:55","slug":"patofizjologia-repetytorium","status":"publish","type":"product","link":"https:\/\/ksiegarnia-akademicka.pl\/index.php\/product\/patofizjologia-repetytorium\/","title":{"rendered":"Patofizjologia Repetytorium"},"content":{"rendered":"<p>Autor:<br \/>\nDominika Kanikowska<br \/>\nWydawca: PZWL<br \/>\nOprawa: Mi\u0119kka<br \/>\nFormat: 14.0&#215;20.0cm<br \/>\nLiczba stron: 214<br \/>\nRok wydania: 2018<br \/>\nJ\u0119zyk wydania: polski<\/p>\n<p>Kompendium wiedzy z zakresu patofizjologii zosta\u0142o przygotowane z my\u015bl\u0105 o studentach kierunk\u00f3w oko\u0142omedycznych. Repetytorium jest zbiorem najwa\u017cniejszych tre\u015bci niezb\u0119dnych w procesie kszta\u0142cenia. W 14 rozdzia\u0142ach autorzy zwi\u0119\u017ale i w przyst\u0119pny spos\u00f3b przedstawili mechanizmy patofizjologiczne kluczowe dla rozwoju chor\u00f3b a liczne schematy u\u0142atwiaj\u0105 przyswojenie wiedzy.<\/p>\n<p>Tre\u015bci zosta\u0142y przygotowane z uwzgl\u0119dnieniem zalece\u0144 edukacyjnych okre\u015blonych w podstawach programowych.<\/p>\n<p>W podr\u0119czniku om\u00f3wiono mi\u0119dzy innymi:<\/p>\n<p>Patofizjologi\u0105 uk\u0142adu kr\u0105\u017cenia (Niewydolno\u015b\u0107 kr\u0105\u017cenia, Choroba niedokrwienna serca, Nadci\u015bnienie t\u0119tnicze)<br \/>\nPatofizjologi\u0105 uk\u0142adu oddechowego (Zaburzenia oddychania o charakterze obturacyjnym i restrykcyjnym)<br \/>\nPatofizjologi\u0105 krwi i krzepni\u0119cia (Patofizjologia krwinek czerwonych, Patofizjologia krwinek bia\u0142ych, Patofizjologia p\u0142ytek krwi i uk\u0142adu homeostazy)<br \/>\nPatofizjologi\u0105 przewodu pokarmowego (Zaburzenia po\u0142ykania, Choroby prze\u0142yku, Choroba wrzodowa \u017co\u0142\u0105dka i dwunastnicy, Choroby jelita cienkiego i jelita grubego)<br \/>\nPatofizjologi\u0105 w\u0105troby i egzokrynnej funkcji trzustki (Choroby trzustki, Niewydolno\u015b\u0107 w\u0105troby)<br \/>\nPatofizjologi\u0105 uk\u0142adu dokrewnego (Zaburzenia uk\u0142adu podwzg\u00f3rzowo-przysadkowego, Choroby tarczycy, Choroby nadnerczy, Patofizjologia przytarczyc i gospodarki wapniowej, Patofizjologia cz\u0119\u015bci endokrynnej trzustki)<br \/>\nZaburzeniami gospodarki wodno-elektrolitowej i r\u00f3wnowagi kwasowo- zasadowej (Zaburzenia uwodnienia ustroju, Kwasica i zasadowica)<br \/>\nPatofizjologi\u0105 uk\u0142adu wydalniczego (Niewydolno\u015b\u0107 nerek, Zesp\u00f3\u0142 nerczycowy i nefrytyczny, Kamica moczowa)<\/p>\n<p>Ca\u0142o\u015b\u0107 uzupe\u0142nia mini s\u0142ownik najwa\u017cniejszych poj\u0119\u0107 zawartych w publikacji.<\/p>\n","protected":false},"excerpt":{"rendered":"<p>Autor: Dominika Kanikowska Wydawca: PZWL Oprawa: Mi\u0119kka Format: 14.0&#215;20.0cm Liczba [&hellip;]<\/p>\n","protected":false},"featured_media":11794,"template":"","meta":[],"product_brand":[],"product_cat":[7493],"product_tag":[1655,3994,5436],"class_list":{"0":"post-11793","1":"product","2":"type-product","3":"status-publish","4":"has-post-thumbnail","6":"product_cat-medycyna","7":"product_tag-fizjologia","8":"product_tag-medycyna","9":"product_tag-patologia","11":"first","12":"instock","13":"sale","14":"shipping-taxable","15":"purchasable","16":"product-type-simple"},"_links":{"self":[{"href":"https:\/\/ksiegarnia-akademicka.pl\/index.php\/wp-json\/wp\/v2\/product\/11793","targetHints":{"allow":["GET"]}}],"collection":[{"href":"https:\/\/ksiegarnia-akademicka.pl\/index.php\/wp-json\/wp\/v2\/product"}],"about":[{"href":"https:\/\/ksiegarnia-akademicka.pl\/index.php\/wp-json\/wp\/v2\/types\/product"}],"wp:featuredmedia":[{"embeddable":true,"href":"https:\/\/ksiegarnia-akademicka.pl\/index.php\/wp-json\/wp\/v2\/media\/11794"}],"wp:attachment":[{"href":"https:\/\/ksiegarnia-akademicka.pl\/index.php\/wp-json\/wp\/v2\/media?parent=11793"}],"wp:term":[{"taxonomy":"product_brand","embeddable":true,"href":"https:\/\/ksiegarnia-akademicka.pl\/index.php\/wp-json\/wp\/v2\/product_brand?post=11793"},{"taxonomy":"product_cat","embeddable":true,"href":"https:\/\/ksiegarnia-akademicka.pl\/index.php\/wp-json\/wp\/v2\/product_cat?post=11793"},{"taxonomy":"product_tag","embeddable":true,"href":"https:\/\/ksiegarnia-akademicka.pl\/index.php\/wp-json\/wp\/v2\/product_tag?post=11793"}],"curies":[{"name":"wp","href":"https:\/\/api.w.org\/{rel}","templated":true}]}}