{"id":11789,"date":"2019-11-08T09:22:48","date_gmt":"2019-11-08T08:22:48","guid":{"rendered":"http:\/\/ksiegarnia-akademicka.pl\/?post_type=product&#038;p=11789"},"modified":"2024-02-14T11:51:49","modified_gmt":"2024-02-14T10:51:49","slug":"patofizjologia-kliniczna-podrecznik-dla-studentow-medycyny","status":"publish","type":"product","link":"https:\/\/ksiegarnia-akademicka.pl\/index.php\/product\/patofizjologia-kliniczna-podrecznik-dla-studentow-medycyny\/","title":{"rendered":"Patofizjologia kliniczna Podr\u0119cznik dla student\u00f3w medycyny"},"content":{"rendered":"<p>Redakcja: Olszanecka-Glinianowicz M. , Ma\u0142ecka-Tendera E. ,Chudek J.<br \/>\nWydawca: Edra Urban &amp; Partner<br \/>\nOprawa: Mi\u0119kka<br \/>\nFormat: 21.0&#215;27.0cm<br \/>\nLiczba stron: 536<br \/>\nWydanie: 3<br \/>\nRok wydania: 2023<br \/>\nJ\u0119zyk wydania: polski<\/p>\n<p>\u201eZar\u00f3wno autorzy, jak i wsp\u00f3\u0142redaktorzy kolejnego wydania podr\u0119cznika Patofizjologia kliniczna starali si\u0119 w szerokim zakresie uwzgl\u0119dni\u0107 zmiany i nowe koncepcje, kt\u00f3re pojawi\u0142y si\u0119 na przestrzeni ostatnich kilku lat w naukach podstawowych i klinicznych. W\u0142o\u017cyli\u015bmy wiele wysi\u0142ku, aby ten podr\u0119cznik by\u0142 jak najbardziej przyst\u0119pny dla student\u00f3w wydzia\u0142\u00f3w lekarskich i \u2013 po nabyciu wiedzy o mechanizmach powstawania chor\u00f3b \u2013 sta\u0142 si\u0119 podstaw\u0105 do kontynuacji szkolenia przy \u0142\u00f3\u017cku chorego.<br \/>\nZ Przedmowy<\/p>\n<p>Patofizjologia kliniczna to zaktualizowany i najbardziej przyst\u0119pny podr\u0119cznik dla student\u00f3w uczelni medycznych oraz lekarzy klinicyst\u00f3w, dzi\u0119ki kt\u00f3remu:<br \/>\n\u2022 poznasz patogenez\u0119 chor\u00f3b cz\u0142owieka oraz zwi\u0105zki przyczynowo-skutkowe w danej jednostce klinicznej<br \/>\n\u2022 zrozumiesz procesy zachodz\u0105ce w organizmie chorego pacjenta<br \/>\n\u2022 w\u0142a\u015bciwie zinterpretujesz objawy kliniczne<br \/>\n\u2022 zastosujesz w\u0142a\u015bciwe post\u0119powanie diagnostyczne<br \/>\n\u2022 zaproponujesz skuteczne leczenie<\/p>\n","protected":false},"excerpt":{"rendered":"<p>Redakcja: Olszanecka-Glinianowicz M. , Ma\u0142ecka-Tendera E. ,Chudek J. Wydawca: Edra [&hellip;]<\/p>\n","protected":false},"featured_media":17626,"template":"","meta":[],"product_brand":[],"product_cat":[7493],"product_tag":[1655,3994,5436],"class_list":{"0":"post-11789","1":"product","2":"type-product","3":"status-publish","4":"has-post-thumbnail","6":"product_cat-medycyna","7":"product_tag-fizjologia","8":"product_tag-medycyna","9":"product_tag-patologia","11":"first","12":"instock","13":"sale","14":"shipping-taxable","15":"purchasable","16":"product-type-simple"},"_links":{"self":[{"href":"https:\/\/ksiegarnia-akademicka.pl\/index.php\/wp-json\/wp\/v2\/product\/11789","targetHints":{"allow":["GET"]}}],"collection":[{"href":"https:\/\/ksiegarnia-akademicka.pl\/index.php\/wp-json\/wp\/v2\/product"}],"about":[{"href":"https:\/\/ksiegarnia-akademicka.pl\/index.php\/wp-json\/wp\/v2\/types\/product"}],"wp:featuredmedia":[{"embeddable":true,"href":"https:\/\/ksiegarnia-akademicka.pl\/index.php\/wp-json\/wp\/v2\/media\/17626"}],"wp:attachment":[{"href":"https:\/\/ksiegarnia-akademicka.pl\/index.php\/wp-json\/wp\/v2\/media?parent=11789"}],"wp:term":[{"taxonomy":"product_brand","embeddable":true,"href":"https:\/\/ksiegarnia-akademicka.pl\/index.php\/wp-json\/wp\/v2\/product_brand?post=11789"},{"taxonomy":"product_cat","embeddable":true,"href":"https:\/\/ksiegarnia-akademicka.pl\/index.php\/wp-json\/wp\/v2\/product_cat?post=11789"},{"taxonomy":"product_tag","embeddable":true,"href":"https:\/\/ksiegarnia-akademicka.pl\/index.php\/wp-json\/wp\/v2\/product_tag?post=11789"}],"curies":[{"name":"wp","href":"https:\/\/api.w.org\/{rel}","templated":true}]}}