{"id":11779,"date":"2019-11-08T08:50:26","date_gmt":"2019-11-08T07:50:26","guid":{"rendered":"http:\/\/ksiegarnia-akademicka.pl\/?post_type=product&#038;p=11779"},"modified":"2024-12-04T16:25:10","modified_gmt":"2024-12-04T15:25:10","slug":"dermatologia-i-choroby-przenoszone-droga-plciowa","status":"publish","type":"product","link":"https:\/\/ksiegarnia-akademicka.pl\/index.php\/product\/dermatologia-i-choroby-przenoszone-droga-plciowa\/","title":{"rendered":"Dermatologia i choroby przenoszone drog\u0105 p\u0142ciow\u0105"},"content":{"rendered":"<p>Redakcja: Nowicki Roman J., Majewski S\u0142awomir<br \/>\nWydawca: PZWL<br \/>\nOprawa: Twarda<br \/>\nFormat: 15.5&#215;24.5cm<br \/>\nLiczba stron: 526<br \/>\nWydanie: 1<br \/>\nRok wydania: 2019<br \/>\nJ\u0119zyk wydania: polski<\/p>\n<p>Najnowszy przekrojowy podr\u0119cznik opracowany we wsp\u00f3\u0142pracy dw\u00f3ch wiod\u0105cych o\u015brodk\u00f3w naukowych \u2013 Gda\u0144skiego Uniwersytetu Medycznego i Warszawskiego Uniwersytetu Medycznego. Publikacja skierowana do student\u00f3w i lekarzy w trakcie specjalizacji w przyst\u0119pny spos\u00f3b omawia najwa\u017cniejsze schorzenia dermatologiczne i wenerologiczne. Uzupe\u0142niona o szeroki wyb\u00f3r ilustracji stanowi niezast\u0105pion\u0105 pomoc naukow\u0105.<\/p>\n<p>Publikacja obejmuje m.in.:<br \/>\n\u00b7 Choroby o pod\u0142o\u017cu bakteryjnym, wirusowym, grzybiczym, paso\u017cytniczym i alergicznym,<br \/>\n\u00b7 Infekcje HPV, HSV, HIV<br \/>\n\u00b7 Reakcje polekowe<br \/>\n\u00b7 Nieczerniakowe nowotwory sk\u00f3ry<br \/>\n\u00b7 Nowotwory narz\u0105d\u00f3w p\u0142ciowych<br \/>\n\u00b7 Terapi\u0119 dermatologiczn\u0105<\/p>\n","protected":false},"excerpt":{"rendered":"<p>Redakcja: Nowicki Roman J., Majewski S\u0142awomir Wydawca: PZWL Oprawa: Twarda [&hellip;]<\/p>\n","protected":false},"featured_media":11780,"template":"","meta":[],"product_brand":[],"product_cat":[7493],"product_tag":[2861,3994],"class_list":{"0":"post-11779","1":"product","2":"type-product","3":"status-publish","4":"has-post-thumbnail","6":"product_cat-medycyna","7":"product_tag-dermatologia","8":"product_tag-medycyna","10":"first","11":"instock","12":"sale","13":"shipping-taxable","14":"purchasable","15":"product-type-simple"},"_links":{"self":[{"href":"https:\/\/ksiegarnia-akademicka.pl\/index.php\/wp-json\/wp\/v2\/product\/11779","targetHints":{"allow":["GET"]}}],"collection":[{"href":"https:\/\/ksiegarnia-akademicka.pl\/index.php\/wp-json\/wp\/v2\/product"}],"about":[{"href":"https:\/\/ksiegarnia-akademicka.pl\/index.php\/wp-json\/wp\/v2\/types\/product"}],"wp:featuredmedia":[{"embeddable":true,"href":"https:\/\/ksiegarnia-akademicka.pl\/index.php\/wp-json\/wp\/v2\/media\/11780"}],"wp:attachment":[{"href":"https:\/\/ksiegarnia-akademicka.pl\/index.php\/wp-json\/wp\/v2\/media?parent=11779"}],"wp:term":[{"taxonomy":"product_brand","embeddable":true,"href":"https:\/\/ksiegarnia-akademicka.pl\/index.php\/wp-json\/wp\/v2\/product_brand?post=11779"},{"taxonomy":"product_cat","embeddable":true,"href":"https:\/\/ksiegarnia-akademicka.pl\/index.php\/wp-json\/wp\/v2\/product_cat?post=11779"},{"taxonomy":"product_tag","embeddable":true,"href":"https:\/\/ksiegarnia-akademicka.pl\/index.php\/wp-json\/wp\/v2\/product_tag?post=11779"}],"curies":[{"name":"wp","href":"https:\/\/api.w.org\/{rel}","templated":true}]}}