{"id":11777,"date":"2019-11-08T08:48:36","date_gmt":"2019-11-08T07:48:36","guid":{"rendered":"http:\/\/ksiegarnia-akademicka.pl\/?post_type=product&#038;p=11777"},"modified":"2024-12-04T16:25:20","modified_gmt":"2024-12-04T15:25:20","slug":"mikrobiota-przewodu-pokarmowego","status":"publish","type":"product","link":"https:\/\/ksiegarnia-akademicka.pl\/index.php\/product\/mikrobiota-przewodu-pokarmowego\/","title":{"rendered":"Mikrobiota przewodu pokarmowego"},"content":{"rendered":"<p>Autor:<br \/>\nPanasiuk Anatol, Kowali\u0144ska Joanna<br \/>\nRedakcja: Panasiuk Anatol<br \/>\nWydawca: PZWL<br \/>\nOprawa: Mi\u0119kka ze skrzyde\u0142kami<br \/>\nFormat: 16.5&#215;23.5cm<br \/>\nLiczba stron: 192<br \/>\nWydanie: 1<br \/>\nRok wydania: 2019<br \/>\nJ\u0119zyk wydania: polski<\/p>\n<p>Unikalna publikacja wszechstronnie przedstawiaj\u0105ca problematyk\u0119 mikroflory i jej znaczenie w stanie fizjologicznym i w zaburzeniach przewodu pokarmowego. Powszechno\u015b\u0107 stosowania antybiotykoterapii czy \u015brodk\u00f3w konserwuj\u0105cych wp\u0142ywa niszcz\u0105co na mikrobiot\u0119 organizmu dlatego mo\u017cliwo\u015b\u0107 korekcji mikrobioty oraz jej odbudowy cieszy si\u0119 w ostatnim czasie du\u017cym zainteresowaniem zar\u00f3wno lekarzy jak i pacjent\u00f3w. Ksi\u0105\u017cka prezentuje nowoczesne spojrzenie na mikrobiot\u0119, kt\u00f3ra determinuje zdrowie jak te\u017c choroby organizmu. Przedstawiono w niej najnowsze osi\u0105gni\u0119cia w dziedzinie mikrobiologii, genetyki dotycz\u0105ce skomplikowanych zale\u017cno\u015bci mi\u0119dzy gatunkami r\u00f3\u017cnych drobnoustroj\u00f3w fizjologicznie zasiedlaj\u0105cych przew\u00f3d pokarmowy. Przedstawiono mo\u017cliwo\u015bci modyfikacji sk\u0142adu mikrobioty jelitowej w stanach dysbiozy.<\/p>\n<p>Interdyscyplinarno\u015b\u0107 dzie\u0142a sprawia, \u017ce znajdzie ona z pewno\u015bci\u0105 zainteresowanie u lekarzy wielu specjalno\u015bci w szczeg\u00f3lno\u015bci gastroenterolog\u00f3w, internist\u00f3w, lekarzy chor\u00f3b zaka\u017anych, medycyny rodzinnej i mikrobiolog\u00f3w.<\/p>\n","protected":false},"excerpt":{"rendered":"<p>Autor: Panasiuk Anatol, Kowali\u0144ska Joanna Redakcja: Panasiuk Anatol Wydawca: PZWL [&hellip;]<\/p>\n","protected":false},"featured_media":11778,"template":"","meta":[],"product_brand":[],"product_cat":[7493],"product_tag":[3994,7930],"class_list":{"0":"post-11777","1":"product","2":"type-product","3":"status-publish","4":"has-post-thumbnail","6":"product_cat-medycyna","7":"product_tag-medycyna","8":"product_tag-mikroflora","10":"first","11":"instock","12":"sale","13":"shipping-taxable","14":"purchasable","15":"product-type-simple"},"_links":{"self":[{"href":"https:\/\/ksiegarnia-akademicka.pl\/index.php\/wp-json\/wp\/v2\/product\/11777","targetHints":{"allow":["GET"]}}],"collection":[{"href":"https:\/\/ksiegarnia-akademicka.pl\/index.php\/wp-json\/wp\/v2\/product"}],"about":[{"href":"https:\/\/ksiegarnia-akademicka.pl\/index.php\/wp-json\/wp\/v2\/types\/product"}],"wp:featuredmedia":[{"embeddable":true,"href":"https:\/\/ksiegarnia-akademicka.pl\/index.php\/wp-json\/wp\/v2\/media\/11778"}],"wp:attachment":[{"href":"https:\/\/ksiegarnia-akademicka.pl\/index.php\/wp-json\/wp\/v2\/media?parent=11777"}],"wp:term":[{"taxonomy":"product_brand","embeddable":true,"href":"https:\/\/ksiegarnia-akademicka.pl\/index.php\/wp-json\/wp\/v2\/product_brand?post=11777"},{"taxonomy":"product_cat","embeddable":true,"href":"https:\/\/ksiegarnia-akademicka.pl\/index.php\/wp-json\/wp\/v2\/product_cat?post=11777"},{"taxonomy":"product_tag","embeddable":true,"href":"https:\/\/ksiegarnia-akademicka.pl\/index.php\/wp-json\/wp\/v2\/product_tag?post=11777"}],"curies":[{"name":"wp","href":"https:\/\/api.w.org\/{rel}","templated":true}]}}