{"id":11757,"date":"2019-11-04T13:19:04","date_gmt":"2019-11-04T12:19:04","guid":{"rendered":"http:\/\/ksiegarnia-akademicka.pl\/?post_type=product&#038;p=11757"},"modified":"2019-11-04T13:19:05","modified_gmt":"2019-11-04T12:19:05","slug":"mikrobiologia-i-choroby-zakazne","status":"publish","type":"product","link":"https:\/\/ksiegarnia-akademicka.pl\/index.php\/product\/mikrobiologia-i-choroby-zakazne\/","title":{"rendered":"Mikrobiologia i choroby zaka\u017ane"},"content":{"rendered":"<p>Nale\u017cy do serii:<br \/>\nSERIA PODR\u0118CZNIK\u00d3W MEDYCZNYCH DO EGZAMIN\u00d3W TESTOWYCH<br \/>\nAutor:<br \/>\nGabriel Virella<br \/>\nRedakcja: Heczko Piotr B.<br \/>\nWydawca: Edra Urban &amp; Partner<br \/>\nOprawa: Mi\u0119kka<br \/>\nFormat: 17.0&#215;24.0cm<br \/>\nLiczba stron: 648<br \/>\nRok wydania: 2015<br \/>\nJ\u0119zyk wydania: polski<\/p>\n<p>Polscy studenci medycyny po raz pierwszy otrzymuj\u0105 zwi\u0119z\u0142y podr\u0119cznik, a raczej obszerne kompendium obejmuj\u0105ce sw\u0105 tre\u015bci\u0105 kliniczn\u0105 mikrobiologi\u0119 i choroby zaka\u017ane. Ksi\u0105\u017cka jest zbiorem aktualnych wiadomo\u015bci niezb\u0119dnych do opanowania materia\u0142u zar\u00f3wno z zakresu podstawowej i opisowej mikrobiologii lekarskiej, jak i podstaw chor\u00f3b zaka\u017anych. Bez w\u0105tpienia spe\u0142ni oczekiwania czytelnika podczas samodzielnej nauki, uk\u0142ad tekstu u\u0142atwia bowiem dokonanie szybkiego i krytycznego przegl\u0105du tre\u015bci podr\u0119cznika, jak i materia\u0142u opanowanego w trakcie zaj\u0119\u0107.<br \/>\nBardzo zwi\u0119z\u0142y tekst, zawsze odpowiednio grupowany wed\u0142ug wa\u017cno\u015bci zjawisk, mechanizm\u00f3w czy objaw\u00f3w; tablice z najistotniejszymi cechami zaka\u017ce\u0144 i ich czynnik\u00f3w etiologicznych; skr\u00f3cone opisy przypadk\u00f3w uwypuklaj\u0105ce najwa\u017cniejsze dane epidemiologiczne i kliniczne; tabele zbiorcze dla ca\u0142ego materia\u0142u i na koniec pytania kontrolne oparte na te\u015bcie wyboru wraz z opisem i uzasadnieniem prawid\u0142owych odpowiedzi &#8211; to tylko niekt\u00f3re przyk\u0142ady wyr\u00f3\u017cniaj\u0105ce ten podr\u0119cznik spo\u015br\u00f3d innych dost\u0119pnych na rynku. Autorzy maj\u0105 nadziej\u0119, \u017ce ksi\u0105\u017cka zostanie dobrze przyj\u0119ta przez student\u00f3w i \u017ce pos\u0142u\u017cy im nie tylko jako pomoc przed egzaminem z mikrobiologii klinicznej i chor\u00f3b zaka\u017anych, ale pomo\u017ce w usystematyzowaniu wiedzy dotycz\u0105cej zaka\u017ce\u0144 w zakresie niezb\u0119dnym dla ka\u017cdego lekarza.<\/p>\n","protected":false},"excerpt":{"rendered":"<p>Nale\u017cy do serii: SERIA PODR\u0118CZNIK\u00d3W MEDYCZNYCH DO EGZAMIN\u00d3W TESTOWYCH Autor: [&hellip;]<\/p>\n","protected":false},"featured_media":11758,"template":"","meta":[],"product_brand":[],"product_cat":[7493],"product_tag":[3994,5324],"class_list":{"0":"post-11757","1":"product","2":"type-product","3":"status-publish","4":"has-post-thumbnail","6":"product_cat-medycyna","7":"product_tag-medycyna","8":"product_tag-mikrobiologia","10":"first","11":"instock","12":"sale","13":"shipping-taxable","14":"purchasable","15":"product-type-simple"},"_links":{"self":[{"href":"https:\/\/ksiegarnia-akademicka.pl\/index.php\/wp-json\/wp\/v2\/product\/11757","targetHints":{"allow":["GET"]}}],"collection":[{"href":"https:\/\/ksiegarnia-akademicka.pl\/index.php\/wp-json\/wp\/v2\/product"}],"about":[{"href":"https:\/\/ksiegarnia-akademicka.pl\/index.php\/wp-json\/wp\/v2\/types\/product"}],"wp:featuredmedia":[{"embeddable":true,"href":"https:\/\/ksiegarnia-akademicka.pl\/index.php\/wp-json\/wp\/v2\/media\/11758"}],"wp:attachment":[{"href":"https:\/\/ksiegarnia-akademicka.pl\/index.php\/wp-json\/wp\/v2\/media?parent=11757"}],"wp:term":[{"taxonomy":"product_brand","embeddable":true,"href":"https:\/\/ksiegarnia-akademicka.pl\/index.php\/wp-json\/wp\/v2\/product_brand?post=11757"},{"taxonomy":"product_cat","embeddable":true,"href":"https:\/\/ksiegarnia-akademicka.pl\/index.php\/wp-json\/wp\/v2\/product_cat?post=11757"},{"taxonomy":"product_tag","embeddable":true,"href":"https:\/\/ksiegarnia-akademicka.pl\/index.php\/wp-json\/wp\/v2\/product_tag?post=11757"}],"curies":[{"name":"wp","href":"https:\/\/api.w.org\/{rel}","templated":true}]}}