{"id":11753,"date":"2019-11-04T13:15:08","date_gmt":"2019-11-04T12:15:08","guid":{"rendered":"http:\/\/ksiegarnia-akademicka.pl\/?post_type=product&#038;p=11753"},"modified":"2019-11-04T13:15:08","modified_gmt":"2019-11-04T12:15:08","slug":"mikrobiologia-lekarska","status":"publish","type":"product","link":"https:\/\/ksiegarnia-akademicka.pl\/index.php\/product\/mikrobiologia-lekarska\/","title":{"rendered":"Mikrobiologia lekarska"},"content":{"rendered":"<p>Autor:<br \/>\nMaria Lucyna Zaremba<br \/>\nJerzy Borowski<br \/>\nWydawca: PZWL<br \/>\nOprawa: Mi\u0119kka<br \/>\nFormat: 16.5&#215;23.5cm<br \/>\nLiczba stron: 864<br \/>\nWydanie: 3<br \/>\nRok wydania: 2019<br \/>\nJ\u0119zyk wydania: polski<\/p>\n<p>W ksi\u0105\u017cce zosta\u0142y om\u00f3wione podstawowe informacje o strukturach i czynno\u015bciach \u017cyciowych drobnoustroj\u00f3w. Wiele uwagi po\u015bwi\u0119cono takim zagadnieniom, jak chorobotw\u00f3rczo\u015b\u0107 drobnoustroj\u00f3w, epidemiologia chor\u00f3b zaka\u017anych i paso\u017cytniczych czy w\u0142a\u015bciwe post\u0119powanie lecznicze.<br \/>\nOsobny rozdzia\u0142 po\u015bwi\u0119cono zaka\u017ceniom szpitalnym i pozaszpitalnym, gdzie zaprezentowano \u017ar\u00f3d\u0142a i drogi przenoszenia bakterii o drobnoustroj\u00f3w, a tak\u017ce ich kliniczne postacie.<\/p>\n","protected":false},"excerpt":{"rendered":"<p>Autor: Maria Lucyna Zaremba Jerzy Borowski Wydawca: PZWL Oprawa: Mi\u0119kka [&hellip;]<\/p>\n","protected":false},"featured_media":11754,"template":"","meta":[],"product_brand":[],"product_cat":[7493],"product_tag":[3994,5324],"class_list":{"0":"post-11753","1":"product","2":"type-product","3":"status-publish","4":"has-post-thumbnail","6":"product_cat-medycyna","7":"product_tag-medycyna","8":"product_tag-mikrobiologia","10":"first","11":"instock","12":"sale","13":"shipping-taxable","14":"purchasable","15":"product-type-simple"},"_links":{"self":[{"href":"https:\/\/ksiegarnia-akademicka.pl\/index.php\/wp-json\/wp\/v2\/product\/11753","targetHints":{"allow":["GET"]}}],"collection":[{"href":"https:\/\/ksiegarnia-akademicka.pl\/index.php\/wp-json\/wp\/v2\/product"}],"about":[{"href":"https:\/\/ksiegarnia-akademicka.pl\/index.php\/wp-json\/wp\/v2\/types\/product"}],"wp:featuredmedia":[{"embeddable":true,"href":"https:\/\/ksiegarnia-akademicka.pl\/index.php\/wp-json\/wp\/v2\/media\/11754"}],"wp:attachment":[{"href":"https:\/\/ksiegarnia-akademicka.pl\/index.php\/wp-json\/wp\/v2\/media?parent=11753"}],"wp:term":[{"taxonomy":"product_brand","embeddable":true,"href":"https:\/\/ksiegarnia-akademicka.pl\/index.php\/wp-json\/wp\/v2\/product_brand?post=11753"},{"taxonomy":"product_cat","embeddable":true,"href":"https:\/\/ksiegarnia-akademicka.pl\/index.php\/wp-json\/wp\/v2\/product_cat?post=11753"},{"taxonomy":"product_tag","embeddable":true,"href":"https:\/\/ksiegarnia-akademicka.pl\/index.php\/wp-json\/wp\/v2\/product_tag?post=11753"}],"curies":[{"name":"wp","href":"https:\/\/api.w.org\/{rel}","templated":true}]}}