{"id":11740,"date":"2019-10-28T09:16:17","date_gmt":"2019-10-28T08:16:17","guid":{"rendered":"http:\/\/ksiegarnia-akademicka.pl\/?post_type=product&#038;p=11740"},"modified":"2023-09-25T10:46:21","modified_gmt":"2023-09-25T08:46:21","slug":"probki-od-pacjenta-do-laboratorium-wplyw-zmiennosci-przedanalitycznej-na-jakosc-wynikow-badan-laboratoryjnych","status":"publish","type":"product","link":"https:\/\/ksiegarnia-akademicka.pl\/index.php\/product\/probki-od-pacjenta-do-laboratorium-wplyw-zmiennosci-przedanalitycznej-na-jakosc-wynikow-badan-laboratoryjnych\/","title":{"rendered":"Pr\u00f3bki: od pacjenta do laboratorium Wp\u0142yw zmienno\u015bci przedanalitycznej na jako\u015b\u0107 wynik\u00f3w bada\u0144 laboratoryjnych"},"content":{"rendered":"<p>Autor:<br \/>\nW.G. Guder<br \/>\nH. Wisser<br \/>\nS. Narayanan<br \/>\nB. Zawta<br \/>\nRedakcja: Wo\u017aniak Mieczys\u0142aw<br \/>\nWydawca: Medpharm<br \/>\nOprawa: Mi\u0119kka<br \/>\nFormat: 16.5&#215;23.5cm<br \/>\nLiczba stron: 146<br \/>\nWydanie: 2<br \/>\nRok wydania: 2012<br \/>\nJ\u0119zyk wydania: polski<\/p>\n<p>Autorzy przedstawili w prostej i zrozumia\u0142ej formie znaczenie czynnik\u00f3w przedanalitycznych i ich wp\u0142yw na ko\u0144cowy wynik badania laboratoryjnego.<\/p>\n<p>Znaczenie tej ksi\u0105\u017cki potwierdza fakt, \u017ce r\u00f3wnolegle z polskim wydaniem autorzy przygotowali kolejn\u0105 IV edycj\u0119 swojej ksi\u0105\u017cki. Dowodzi to, \u017ce tematyka ksi\u0105\u017cki odpowiada na zapotrzebowanie \u015brodowiska na tego typu wydawnictwo. Mamy nadziej\u0119, \u017ce wydanie ksi\u0105\u017cki w j\u0119zyku polskim podniesie poziom wiedzy w\u015br\u00f3d diagnost\u00f3w laboratoryjnych w przedmiocie zmienno\u015bci przedanalitycznej jako potencjalnego \u017ar\u00f3d\u0142a b\u0142\u0119d\u00f3w laboratoryjnych a tym samym wp\u0142ynie na jako\u015b\u0107 bada\u0144 laboratoryjnych w \u015bwiadczeniach medycznych.<\/p>\n","protected":false},"excerpt":{"rendered":"<p>Autor: W.G. Guder H. Wisser S. Narayanan B. Zawta Redakcja: [&hellip;]<\/p>\n","protected":false},"featured_media":11741,"template":"","meta":[],"product_brand":[],"product_cat":[7493,44],"product_tag":[6148,3994,269],"class_list":{"0":"post-11740","1":"product","2":"type-product","3":"status-publish","4":"has-post-thumbnail","6":"product_cat-medycyna","7":"product_cat-nauki-medyczne","8":"product_tag-diagnostyka-medyczna","9":"product_tag-medycyna","10":"product_tag-podrecznik-akademicki","12":"first","13":"outofstock","14":"sale","15":"shipping-taxable","16":"purchasable","17":"product-type-simple"},"_links":{"self":[{"href":"https:\/\/ksiegarnia-akademicka.pl\/index.php\/wp-json\/wp\/v2\/product\/11740","targetHints":{"allow":["GET"]}}],"collection":[{"href":"https:\/\/ksiegarnia-akademicka.pl\/index.php\/wp-json\/wp\/v2\/product"}],"about":[{"href":"https:\/\/ksiegarnia-akademicka.pl\/index.php\/wp-json\/wp\/v2\/types\/product"}],"wp:featuredmedia":[{"embeddable":true,"href":"https:\/\/ksiegarnia-akademicka.pl\/index.php\/wp-json\/wp\/v2\/media\/11741"}],"wp:attachment":[{"href":"https:\/\/ksiegarnia-akademicka.pl\/index.php\/wp-json\/wp\/v2\/media?parent=11740"}],"wp:term":[{"taxonomy":"product_brand","embeddable":true,"href":"https:\/\/ksiegarnia-akademicka.pl\/index.php\/wp-json\/wp\/v2\/product_brand?post=11740"},{"taxonomy":"product_cat","embeddable":true,"href":"https:\/\/ksiegarnia-akademicka.pl\/index.php\/wp-json\/wp\/v2\/product_cat?post=11740"},{"taxonomy":"product_tag","embeddable":true,"href":"https:\/\/ksiegarnia-akademicka.pl\/index.php\/wp-json\/wp\/v2\/product_tag?post=11740"}],"curies":[{"name":"wp","href":"https:\/\/api.w.org\/{rel}","templated":true}]}}