{"id":11726,"date":"2019-10-23T15:26:10","date_gmt":"2019-10-23T13:26:10","guid":{"rendered":"http:\/\/ksiegarnia-akademicka.pl\/?post_type=product&#038;p=11726"},"modified":"2024-12-04T16:07:21","modified_gmt":"2024-12-04T15:07:21","slug":"atlas-histopatologii","status":"publish","type":"product","link":"https:\/\/ksiegarnia-akademicka.pl\/index.php\/product\/atlas-histopatologii\/","title":{"rendered":"Atlas histopatologii"},"content":{"rendered":"<p>Autor:<br \/>\nWenancjusz Domaga\u0142a<br \/>\nMaria Chosia<br \/>\nEl\u017cbieta Urasi\u0144ska<br \/>\nWydawca: PZWL<br \/>\nOprawa: Mi\u0119kka<br \/>\nFormat: 16.5&#215;23.5cm<br \/>\nLiczba stron: 388<br \/>\nWydanie: 1<br \/>\nRok wydania: 2019<br \/>\nJ\u0119zyk wydania: polski<\/p>\n<p>Nowoczesny. dwuj\u0119zyczny podr\u0119cznik z zakresu histopatologii zosta\u0142 przygotowany zgodnie z najnowszymi osi\u0105gni\u0119ciami naukowymi w tej dziedzinie (m.in. z klasyfikacj\u0105 WHO i Bethesda). Zawiera najwy\u017cszej jako\u015bci kolorowe mikrofotografie zmienionych chorobowo tkanek (u\u0142o\u017cone w kolejno\u015bci alfabetycznej \u0142aci\u0144skich nazw zmian patologicznych), przejrzyste opisy preparat\u00f3w tkankowych w j\u0119zyku polskim i angielskim, ze zwr\u00f3ceniem szczeg\u00f3lnej uwagi na ich najistotniejsze cechy morfologiczne (oznaczone strza\u0142kami i gwiazdkami) oraz skorowidz nazw preparat\u00f3w oraz nazw zmian chorobowych wg. lokalizacji narz\u0105dowej w j\u0119zyku polskim i angielskim. Autorzy zastosowali wiele przydatnych zabieg\u00f3w dydaktycznych, m.in. nazwy zmian chorobowych s\u0105 podane w trzech kolorach: czerwony oznacza nowotwory z\u0142o\u015bliwe, zielony &#8211; nowotwory \u0142agodne, a czarny &#8211; inne zmiany. Szczeg\u00f3\u0142owe wyja\u015bnienia (za pomoc\u0105 mikrofotografii i opisu) mikroskopowej budowy tkanek i narz\u0105d\u00f3w umo\u017cliwiaj\u0105 zrozumienie podstaw patogenezy r\u00f3wnie\u017c na poziomie molekularnym, a tak\u017ce pozwalaj\u0105 na trafniejsze diagnozowanie i r\u00f3\u017cnicowanie objaw\u00f3w chor\u00f3b. Atlas jest przeznaczony dla student\u00f3w wydzia\u0142\u00f3w medycyny i stomatologii akademii medycznych, a tak\u017ce lekarzy.<\/p>\n","protected":false},"excerpt":{"rendered":"<p>Autor: Wenancjusz Domaga\u0142a Maria Chosia El\u017cbieta Urasi\u0144ska Wydawca: PZWL Oprawa: [&hellip;]<\/p>\n","protected":false},"featured_media":11727,"template":"","meta":[],"product_brand":[],"product_cat":[7493],"product_tag":[7473,7403,7929,3994],"class_list":{"0":"post-11726","1":"product","2":"type-product","3":"status-publish","4":"has-post-thumbnail","6":"product_cat-medycyna","7":"product_tag-hematologia","8":"product_tag-histologia","9":"product_tag-histopatologia","10":"product_tag-medycyna","12":"first","13":"instock","14":"sale","15":"shipping-taxable","16":"purchasable","17":"product-type-simple"},"_links":{"self":[{"href":"https:\/\/ksiegarnia-akademicka.pl\/index.php\/wp-json\/wp\/v2\/product\/11726","targetHints":{"allow":["GET"]}}],"collection":[{"href":"https:\/\/ksiegarnia-akademicka.pl\/index.php\/wp-json\/wp\/v2\/product"}],"about":[{"href":"https:\/\/ksiegarnia-akademicka.pl\/index.php\/wp-json\/wp\/v2\/types\/product"}],"wp:featuredmedia":[{"embeddable":true,"href":"https:\/\/ksiegarnia-akademicka.pl\/index.php\/wp-json\/wp\/v2\/media\/11727"}],"wp:attachment":[{"href":"https:\/\/ksiegarnia-akademicka.pl\/index.php\/wp-json\/wp\/v2\/media?parent=11726"}],"wp:term":[{"taxonomy":"product_brand","embeddable":true,"href":"https:\/\/ksiegarnia-akademicka.pl\/index.php\/wp-json\/wp\/v2\/product_brand?post=11726"},{"taxonomy":"product_cat","embeddable":true,"href":"https:\/\/ksiegarnia-akademicka.pl\/index.php\/wp-json\/wp\/v2\/product_cat?post=11726"},{"taxonomy":"product_tag","embeddable":true,"href":"https:\/\/ksiegarnia-akademicka.pl\/index.php\/wp-json\/wp\/v2\/product_tag?post=11726"}],"curies":[{"name":"wp","href":"https:\/\/api.w.org\/{rel}","templated":true}]}}