{"id":11666,"date":"2019-10-04T14:56:57","date_gmt":"2019-10-04T12:56:57","guid":{"rendered":"http:\/\/ksiegarnia-akademicka.pl\/?post_type=product&#038;p=11666"},"modified":"2023-09-25T10:41:10","modified_gmt":"2023-09-25T08:41:10","slug":"anatomia-czlowieka","status":"publish","type":"product","link":"https:\/\/ksiegarnia-akademicka.pl\/index.php\/product\/anatomia-czlowieka\/","title":{"rendered":"Anatomia cz\u0142owieka"},"content":{"rendered":"<p>Autor:<br \/>\nRedakcja: Soko\u0142owska-Pituchowa Janina<br \/>\nWydawca: PZWL<br \/>\nOprawa: Twarda<br \/>\nFormat: 16.5&#215;23.5cm<br \/>\nLiczba stron: 864<br \/>\nWydanie: 8<br \/>\nRok wydania: 2023<br \/>\nJ\u0119zyk wydania: polski<\/p>\n<p>Jest to VIII wydanie podr\u0119cznika ciesz\u0105cego si\u0119 od lat zas\u0142u\u017con\u0105 popularno\u015bci\u0105 w\u015br\u00f3d student\u00f3w medycyny.<br \/>\nSwoj\u0105 niepodwa\u017caln\u0105 pozycj\u0119 na rynku wydawniczym ksi\u0105\u017cka zawdzi\u0119cza przejrzystemu i zwi\u0119z\u0142emu przedstawieniu zagadnie\u0144 dotycz\u0105cych anatomii cz\u0142owieka w uj\u0119ciu topograficznym. Om\u00f3wiono w niej m.in. osie i p\u0142aszczyzny cia\u0142a ludzkiego, metameri\u0119 organizmu ludzkiego, uk\u0142ad narz\u0105d\u00f3w ruchu, uk\u0142ad kr\u0105\u017cenia, uk\u0142ad trawienny, uk\u0142ad nerwowy i narz\u0105dy zmys\u0142\u00f3w. a tak\u017ce osteologi\u0119 i syndesmologi\u0119 szczeg\u00f3\u0142ow\u0105. Ksi\u0105\u017cka zawiera wiadomo\u015bci dostosowane zar\u00f3wno do potrzeb klinicznych, jak i do wymaga\u0144 egzaminacyjnych na uczelniach medycznych. Jest adresowana do student\u00f3w medycyny.<\/p>\n","protected":false},"excerpt":{"rendered":"<p>Autor: Redakcja: Soko\u0142owska-Pituchowa Janina Wydawca: PZWL Oprawa: Twarda Format: 16.5&#215;23.5cm [&hellip;]<\/p>\n","protected":false},"featured_media":11667,"template":"","meta":[],"product_brand":[],"product_cat":[7963,7493],"product_tag":[4943,3994],"class_list":{"0":"post-11666","1":"product","2":"type-product","3":"status-publish","4":"has-post-thumbnail","6":"product_cat-anatomia","7":"product_cat-medycyna","8":"product_tag-anatomia-czlowieka","9":"product_tag-medycyna","11":"first","12":"instock","13":"sale","14":"shipping-taxable","15":"purchasable","16":"product-type-simple"},"_links":{"self":[{"href":"https:\/\/ksiegarnia-akademicka.pl\/index.php\/wp-json\/wp\/v2\/product\/11666","targetHints":{"allow":["GET"]}}],"collection":[{"href":"https:\/\/ksiegarnia-akademicka.pl\/index.php\/wp-json\/wp\/v2\/product"}],"about":[{"href":"https:\/\/ksiegarnia-akademicka.pl\/index.php\/wp-json\/wp\/v2\/types\/product"}],"wp:featuredmedia":[{"embeddable":true,"href":"https:\/\/ksiegarnia-akademicka.pl\/index.php\/wp-json\/wp\/v2\/media\/11667"}],"wp:attachment":[{"href":"https:\/\/ksiegarnia-akademicka.pl\/index.php\/wp-json\/wp\/v2\/media?parent=11666"}],"wp:term":[{"taxonomy":"product_brand","embeddable":true,"href":"https:\/\/ksiegarnia-akademicka.pl\/index.php\/wp-json\/wp\/v2\/product_brand?post=11666"},{"taxonomy":"product_cat","embeddable":true,"href":"https:\/\/ksiegarnia-akademicka.pl\/index.php\/wp-json\/wp\/v2\/product_cat?post=11666"},{"taxonomy":"product_tag","embeddable":true,"href":"https:\/\/ksiegarnia-akademicka.pl\/index.php\/wp-json\/wp\/v2\/product_tag?post=11666"}],"curies":[{"name":"wp","href":"https:\/\/api.w.org\/{rel}","templated":true}]}}