{"id":11661,"date":"2019-10-03T08:26:10","date_gmt":"2019-10-03T06:26:10","guid":{"rendered":"http:\/\/ksiegarnia-akademicka.pl\/?post_type=product&#038;p=11661"},"modified":"2019-10-03T08:26:10","modified_gmt":"2019-10-03T06:26:10","slug":"immunologia-2","status":"publish","type":"product","link":"https:\/\/ksiegarnia-akademicka.pl\/index.php\/product\/immunologia-2\/","title":{"rendered":"Immunologia"},"content":{"rendered":"<p>Redakcja: Bryniarski K.<br \/>\nWydawca: Edra Urban &amp; Partner<br \/>\nOprawa: Mi\u0119kka<br \/>\nFormat: 21.0&#215;28.0cm<br \/>\nLiczba stron: 400<br \/>\nWydanie: 1<br \/>\nRok wydania: 2017<br \/>\nJ\u0119zyk wydania: polski<\/p>\n<p>Pomys\u0142 powstania podr\u0119cznika zrodzi\u0142 si\u0119 w odpowiedzi na oczekiwania student\u00f3w nauk medycznych i farmaceutycznych, a zw\u0142aszcza kierunk\u00f3w lekarskiego, dentystycznego, dietetyki, analityki medycznej i farmacji. Dedykowany jest r\u00f3wnie\u017c studentom innych kierunk\u00f3w oraz wszystkim przysz\u0142ym Czytelnikom zainteresowanym problematyk\u0105 immunologii medycznej. Ponadto nasz\u0105 intencj\u0105 by\u0142o przygotowanie zbioru aktualnej wiedzy immunologicznej przydatnej lekarzom i diagnostom, borykaj\u0105cym si\u0119 w swej codziennej praktyce z problemami chor\u00f3b o pod\u0142o\u017cu immunologicznym i zapalnym oraz podejmuj\u0105cym trud przygotowania si\u0119 do egzamin\u00f3w specjalizacyjnych.<\/p>\n<p>Podr\u0119cznik przedstawia problemy immunologii podstawowej i klinicznej, ich wzajemne powi\u0105zania, a tak\u017ce omawia immunologiczne aspekty transplantologii, reumatologii, kardiologii, endokrynologii, gastroenterologii, immunoonkologii oraz diagnostyki laboratoryjnej. W kompendium dodatkowo opracowano wa\u017ckie zagadnienia immunologiczne z zakresu rozrodczo\u015bci cz\u0142owieka, farmakoterapii i medycyny b\u00f3lu.<\/p>\n<p>Za\u0142o\u017ceniem Autor\u00f3w podr\u0119cznika by\u0142o nowoczesne i jednocze\u015bnie zwi\u0119z\u0142e przedstawienie mechanizm\u00f3w immunologicznych ze znacz\u0105cym wykorzystaniem dobrej jako\u015bci, barwnych rysunk\u00f3w i schemat\u00f3w, kt\u00f3re z pewno\u015bci\u0105 u\u0142atwi\u0105 zrozumienie opisywanych zjawisk, podobnie jak tabelaryczne uj\u0119cie szczeg\u00f3\u0142owych informacji oraz wypunktowanie kluczowych element\u00f3w rozwa\u017ca\u0144. Natomiast sprawdzenie przyswojonej wiedzy umo\u017cliwi\u0105 do\u0142\u0105czone pytania, na kt\u00f3re Czytelnik znajdzie odpowiedzi w poszczeg\u00f3lnych<br \/>\nrozdzia\u0142ach.<\/p>\n<p>Krzysztof Bryniarski i Wsp\u00f3\u0142autorzy<\/p>\n","protected":false},"excerpt":{"rendered":"<p>Redakcja: Bryniarski K. Wydawca: Edra Urban &amp; Partner Oprawa: Mi\u0119kka [&hellip;]<\/p>\n","protected":false},"featured_media":11662,"template":"","meta":[],"product_brand":[],"product_cat":[7493,44],"product_tag":[6693,3994],"class_list":{"0":"post-11661","1":"product","2":"type-product","3":"status-publish","4":"has-post-thumbnail","6":"product_cat-medycyna","7":"product_cat-nauki-medyczne","8":"product_tag-immunologia","9":"product_tag-medycyna","11":"first","12":"instock","13":"sale","14":"shipping-taxable","15":"purchasable","16":"product-type-simple"},"_links":{"self":[{"href":"https:\/\/ksiegarnia-akademicka.pl\/index.php\/wp-json\/wp\/v2\/product\/11661","targetHints":{"allow":["GET"]}}],"collection":[{"href":"https:\/\/ksiegarnia-akademicka.pl\/index.php\/wp-json\/wp\/v2\/product"}],"about":[{"href":"https:\/\/ksiegarnia-akademicka.pl\/index.php\/wp-json\/wp\/v2\/types\/product"}],"wp:featuredmedia":[{"embeddable":true,"href":"https:\/\/ksiegarnia-akademicka.pl\/index.php\/wp-json\/wp\/v2\/media\/11662"}],"wp:attachment":[{"href":"https:\/\/ksiegarnia-akademicka.pl\/index.php\/wp-json\/wp\/v2\/media?parent=11661"}],"wp:term":[{"taxonomy":"product_brand","embeddable":true,"href":"https:\/\/ksiegarnia-akademicka.pl\/index.php\/wp-json\/wp\/v2\/product_brand?post=11661"},{"taxonomy":"product_cat","embeddable":true,"href":"https:\/\/ksiegarnia-akademicka.pl\/index.php\/wp-json\/wp\/v2\/product_cat?post=11661"},{"taxonomy":"product_tag","embeddable":true,"href":"https:\/\/ksiegarnia-akademicka.pl\/index.php\/wp-json\/wp\/v2\/product_tag?post=11661"}],"curies":[{"name":"wp","href":"https:\/\/api.w.org\/{rel}","templated":true}]}}