{"id":11659,"date":"2019-10-02T10:39:30","date_gmt":"2019-10-02T08:39:30","guid":{"rendered":"http:\/\/ksiegarnia-akademicka.pl\/?post_type=product&#038;p=11659"},"modified":"2024-10-08T13:29:18","modified_gmt":"2024-10-08T11:29:18","slug":"interna-szczeklika-maly-podrecznik-2019-20","status":"publish","type":"product","link":"https:\/\/ksiegarnia-akademicka.pl\/index.php\/product\/interna-szczeklika-maly-podrecznik-2019-20\/","title":{"rendered":"Interna Szczeklika MA\u0141Y podr\u0119cznik 2022\/23"},"content":{"rendered":"<p>Wydawca: Medycyna Praktyczna<br \/>\nOprawa: Mi\u0119kka<br \/>\nFormat: 10.5&#215;19.0cm<br \/>\nLiczba stron: 1728<br \/>\nRok wydania: 2022<br \/>\nJ\u0119zyk wydania: polski<\/p>\n<p>Czy nie zdarzy\u0142o nam si\u0119 pomy\u015ble\u0107, i\u017c dobrze by\u0142oby mie\u0107 pod r\u0119k\u0105 pomoc i wskaz\u00f3wk\u0119 w rozwi\u0105zaniu zagadki, jak\u0105 stanowi ka\u017cdy chory? Wsparcie w znalezieniu drogi wyj\u015bcia z niepewno\u015bci, kt\u00f3rej nieraz do\u015bwiadczamy? Ksi\u0105\u017ceczk\u0119, jak\u0105 mo\u017cna by w\u0142o\u017cy\u0107 do kieszeni fartucha lekarskiego, nie rozstawa\u0107 si\u0119 z ni\u0105 na dy\u017curze, w gabinecie i podczas wizyty domowej.<br \/>\nZ t\u0105 my\u015bl\u0105 powsta\u0142o nasze kompendium.<\/p>\n","protected":false},"excerpt":{"rendered":"<p>Wydawca: Medycyna Praktyczna Oprawa: Mi\u0119kka Format: 10.5&#215;19.0cm Liczba stron: 1728 [&hellip;]<\/p>\n","protected":false},"featured_media":15588,"template":"","meta":[],"product_brand":[],"product_cat":[8142,7493,44],"product_tag":[4650,7674,3994],"class_list":{"0":"post-11659","1":"product","2":"type-product","3":"status-publish","4":"has-post-thumbnail","6":"product_cat-interna","7":"product_cat-medycyna","8":"product_cat-nauki-medyczne","9":"product_tag-interna","10":"product_tag-interna-szczeklika","11":"product_tag-medycyna","13":"first","14":"outofstock","15":"sale","16":"shipping-taxable","17":"purchasable","18":"product-type-simple"},"_links":{"self":[{"href":"https:\/\/ksiegarnia-akademicka.pl\/index.php\/wp-json\/wp\/v2\/product\/11659","targetHints":{"allow":["GET"]}}],"collection":[{"href":"https:\/\/ksiegarnia-akademicka.pl\/index.php\/wp-json\/wp\/v2\/product"}],"about":[{"href":"https:\/\/ksiegarnia-akademicka.pl\/index.php\/wp-json\/wp\/v2\/types\/product"}],"wp:featuredmedia":[{"embeddable":true,"href":"https:\/\/ksiegarnia-akademicka.pl\/index.php\/wp-json\/wp\/v2\/media\/15588"}],"wp:attachment":[{"href":"https:\/\/ksiegarnia-akademicka.pl\/index.php\/wp-json\/wp\/v2\/media?parent=11659"}],"wp:term":[{"taxonomy":"product_brand","embeddable":true,"href":"https:\/\/ksiegarnia-akademicka.pl\/index.php\/wp-json\/wp\/v2\/product_brand?post=11659"},{"taxonomy":"product_cat","embeddable":true,"href":"https:\/\/ksiegarnia-akademicka.pl\/index.php\/wp-json\/wp\/v2\/product_cat?post=11659"},{"taxonomy":"product_tag","embeddable":true,"href":"https:\/\/ksiegarnia-akademicka.pl\/index.php\/wp-json\/wp\/v2\/product_tag?post=11659"}],"curies":[{"name":"wp","href":"https:\/\/api.w.org\/{rel}","templated":true}]}}