{"id":11647,"date":"2019-09-30T15:04:38","date_gmt":"2019-09-30T13:04:38","guid":{"rendered":"http:\/\/ksiegarnia-akademicka.pl\/?post_type=product&#038;p=11647"},"modified":"2025-10-03T15:37:07","modified_gmt":"2025-10-03T13:37:07","slug":"atlas-anatomii-czlowieka-sobotta-lacinskie-mianownictwo-tom-1-ogolne-pojecia-anatomiczne-narzady-ruchu-lacinskie-mianownictwo","status":"publish","type":"product","link":"https:\/\/ksiegarnia-akademicka.pl\/index.php\/product\/atlas-anatomii-czlowieka-sobotta-lacinskie-mianownictwo-tom-1-ogolne-pojecia-anatomiczne-narzady-ruchu-lacinskie-mianownictwo\/","title":{"rendered":"Atlas anatomii cz\u0142owieka Sobotta. \u0141aci\u0144skie mianownictwo. Tom 1. Og\u00f3lne poj\u0119cia anatomiczne. Narz\u0105dy ruchu, \u0141aci\u0144skie mianownictwo"},"content":{"rendered":"<p>wyd. 24, red. F. Paulsen, J. Waschke, red. wyd. polskiego K.S. J\u0119drzejewski, M. Polguj<br \/>\n468 stron<br \/>\nrok wydania: 2019<br \/>\nformat: 230 x 314 , opr. twarda<br \/>\nISBN: 978-83-66310-23-0<\/p>\n<p>W aktualnej formie, opr\u00f3cz wspania\u0142ej jako\u015bci ilustracji, zawiera kluczowe informacje z zakresu anatomii cz\u0142owieka i morfologicznych podstaw zaburze\u0144 klinicznych, a tak\u017ce bank pyta\u0144 egzaminacyjnych, u\u0142atwiaj\u0105cych przygotowanie si\u0119 do egzaminu. Motywuje student\u00f3w do aktywnego uczestniczenia w zaj\u0119ciach prosektoryjnych, zw\u0142aszcza do samodzielnego preparowania oraz zwr\u00f3cenia wi\u0119kszej uwagi na aspekty kliniczne w trakcie studiowania anatomii.<\/p>\n<p>Og\u00f3lne poj\u0119cia anatomiczne<br \/>\nOsie i p\u0142aszczyzny cia\u0142a<br \/>\nPowierzchnia cia\u0142a<br \/>\nRozw\u00f3j<br \/>\nNarz\u0105dy ruchu<br \/>\nNaczynia i nerwy<br \/>\nObrazowanie przy\u017cyciowe<br \/>\nPow\u0142oka wsp\u00f3lna<br \/>\nTu\u0142\u00f3w<br \/>\nAnatomia powierzchniowa<br \/>\nRozw\u00f3j<br \/>\nKo\u015bciec<br \/>\nObrazowanie przy\u017cyciowe<br \/>\nMi\u0119\u015bnie<br \/>\nNaczynia i nerwy<br \/>\nTopografia, grzbiet<br \/>\nGruczo\u0142 sutkowy<br \/>\nTopografia, brzuch i \u015bciany brzucha<br \/>\nKo\u0144czyna g\u00f3rna<br \/>\nAnatomia powierzchniowa<br \/>\nRozw\u00f3j<br \/>\nObrazowanie przy\u017cyciowe.<br \/>\nMi\u0119\u015bnie.<br \/>\nNaczynia i nerwy.<br \/>\nTopografia.<br \/>\nPrzekroje.<br \/>\nKo\u0144czyna dolna<br \/>\nAnatomia powierzchniowa<br \/>\nKo\u015bciec<br \/>\nObrazowanie przy\u017cyciowe.<br \/>\nMi\u0119\u015bnie.<br \/>\nNaczynia i nerwy.<br \/>\nTopografia<br \/>\nPrzekroje<\/p>\n","protected":false},"excerpt":{"rendered":"<p>wyd. 24, red. F. Paulsen, J. Waschke, red. wyd. polskiego [&hellip;]<\/p>\n","protected":false},"featured_media":11648,"template":"","meta":[],"product_brand":[],"product_cat":[7963,7493],"product_tag":[6151,3994,7699],"class_list":{"0":"post-11647","1":"product","2":"type-product","3":"status-publish","4":"has-post-thumbnail","6":"product_cat-anatomia","7":"product_cat-medycyna","8":"product_tag-atlas-anatomii","9":"product_tag-medycyna","10":"product_tag-sobotta","12":"first","13":"instock","14":"sale","15":"shipping-taxable","16":"purchasable","17":"product-type-simple"},"_links":{"self":[{"href":"https:\/\/ksiegarnia-akademicka.pl\/index.php\/wp-json\/wp\/v2\/product\/11647","targetHints":{"allow":["GET"]}}],"collection":[{"href":"https:\/\/ksiegarnia-akademicka.pl\/index.php\/wp-json\/wp\/v2\/product"}],"about":[{"href":"https:\/\/ksiegarnia-akademicka.pl\/index.php\/wp-json\/wp\/v2\/types\/product"}],"wp:featuredmedia":[{"embeddable":true,"href":"https:\/\/ksiegarnia-akademicka.pl\/index.php\/wp-json\/wp\/v2\/media\/11648"}],"wp:attachment":[{"href":"https:\/\/ksiegarnia-akademicka.pl\/index.php\/wp-json\/wp\/v2\/media?parent=11647"}],"wp:term":[{"taxonomy":"product_brand","embeddable":true,"href":"https:\/\/ksiegarnia-akademicka.pl\/index.php\/wp-json\/wp\/v2\/product_brand?post=11647"},{"taxonomy":"product_cat","embeddable":true,"href":"https:\/\/ksiegarnia-akademicka.pl\/index.php\/wp-json\/wp\/v2\/product_cat?post=11647"},{"taxonomy":"product_tag","embeddable":true,"href":"https:\/\/ksiegarnia-akademicka.pl\/index.php\/wp-json\/wp\/v2\/product_tag?post=11647"}],"curies":[{"name":"wp","href":"https:\/\/api.w.org\/{rel}","templated":true}]}}