{"id":11603,"date":"2019-09-10T09:12:52","date_gmt":"2019-09-10T07:12:52","guid":{"rendered":"http:\/\/ksiegarnia-akademicka.pl\/?post_type=product&#038;p=11603"},"modified":"2024-12-04T16:09:00","modified_gmt":"2024-12-04T15:09:00","slug":"wspolczesna-analiza-strategii","status":"publish","type":"product","link":"https:\/\/ksiegarnia-akademicka.pl\/index.php\/product\/wspolczesna-analiza-strategii\/","title":{"rendered":"Wsp\u00f3\u0142czesna analiza strategii"},"content":{"rendered":"<p>Autor:<br \/>\nRobert M. Grant<br \/>\nT\u0142umacze: Ku\u0142aczkowski Jakub<br \/>\nWydawca: Nieoczywiste<br \/>\nOprawa: Twarda<br \/>\nFormat: 17.5&#215;25.0cm<br \/>\nLiczba stron: 654<br \/>\nRok wydania: 2016<br \/>\nJ\u0119zyk wydania: polski<\/p>\n<p>Autor \u2013 \u015bwiatowy autorytet w dziedzinie zarz\u0105dzania strategicznego \u2013 kompleksowo i bardzo przejrzy\u015bcie opisuje:<br \/>\n\u2013 najwa\u017cniejsze narz\u0119dzia analizy strategicznej,<br \/>\n\u2013 g\u0142\u00f3wne \u017ar\u00f3d\u0142a przewagi konkurencyjnej, w tym zasoby i umiej\u0119tno\u015bci przedsi\u0119biorstwa,<br \/>\n\u2013 wsp\u00f3\u0142czesne koncepcje strategii biznesu w kontek\u015bcie wybranych cech sektor\u00f3w,<br \/>\n\u2013 g\u0142\u00f3wne wymiary strategii korporacyjnej (rozwoju przedsi\u0119biorstwa),<br \/>\n\u2013 spo\u0142eczn\u0105 odpowiedzialno\u015b\u0107 biznesu wobec presji maksymalizacji warto\u015bci dla akcjonariuszy.<\/p>\n<p>Autor ksi\u0105\u017cki k\u0142adzie nacisk na praktyczn\u0105 realizacj\u0119 strategii, godz\u0105c efekt skali z elastyczno\u015bci\u0105, innowacyjno\u015b\u0107 z efektywno\u015bci\u0105 i globalizacj\u0119 z potrzebami lokalnymi. Osi\u0105gni\u0119cie sukcesu wymaga bowiem dog\u0142\u0119bnego zbadania konkurencji, potrzeb klient\u00f3w oraz mocnych i s\u0142abych stron firmy. W \u015bwietle ostatniego kryzysu finansowego szczeg\u00f3lnie wa\u017cna jest umiej\u0119tno\u015b\u0107 doboru i realizacji strategii konkurowania i rozwoju w dynamicznym, nieprzewidywalnym otoczeniu biznesu.<\/p>\n<p>Robert M. Grant jest profesorem na Wydziale Zarz\u0105dzania Uniwersytetu Bocconi w Mediolanie i profesorem wizytuj\u0105cym Uniwersytetu Georgetown w Waszyngtonie i City University w Londynie.<\/p>\n<p>\u201eRobert M. Grant stworzy\u0142 wybitne dzie\u0142o o zarz\u0105dzaniu strategicznym, kt\u00f3re stanowi przyk\u0142ad po\u0142\u0105czenia dyscypliny intelektualnej, integracji tre\u015bci, praktycznego znaczenia i odniesienia do konkretnych sytuacji\u201d.<br \/>\nprof. Mingfang Li, California State University, Northridge<\/p>\n<p>\u201eLektura obowi\u0105zkowa dla mened\u017cer\u00f3w i student\u00f3w kierunk\u00f3w ekonomicznych\u201d.<br \/>\nprof. dr hab. Tomasz Go\u0142\u0119biowski, Instytut Mi\u0119dzynarodowego Zarz\u0105dzania i Marketingu<br \/>\nSzko\u0142y G\u0142\u00f3wnej Handlowej<\/p>\n","protected":false},"excerpt":{"rendered":"<p>Autor: Robert M. Grant T\u0142umacze: Ku\u0142aczkowski Jakub Wydawca: Nieoczywiste Oprawa: [&hellip;]<\/p>\n","protected":false},"featured_media":11604,"template":"","meta":[],"product_brand":[],"product_cat":[7511,30],"product_tag":[541,4870],"class_list":{"0":"post-11603","1":"product","2":"type-product","3":"status-publish","4":"has-post-thumbnail","6":"product_cat-kierowanie-i-zarzadzanie","7":"product_cat-zarzadzanie","8":"product_tag-zarzadzanie","9":"product_tag-zarzadzanie-organizacjami","11":"first","12":"instock","13":"sale","14":"shipping-taxable","15":"purchasable","16":"product-type-simple"},"_links":{"self":[{"href":"https:\/\/ksiegarnia-akademicka.pl\/index.php\/wp-json\/wp\/v2\/product\/11603","targetHints":{"allow":["GET"]}}],"collection":[{"href":"https:\/\/ksiegarnia-akademicka.pl\/index.php\/wp-json\/wp\/v2\/product"}],"about":[{"href":"https:\/\/ksiegarnia-akademicka.pl\/index.php\/wp-json\/wp\/v2\/types\/product"}],"wp:featuredmedia":[{"embeddable":true,"href":"https:\/\/ksiegarnia-akademicka.pl\/index.php\/wp-json\/wp\/v2\/media\/11604"}],"wp:attachment":[{"href":"https:\/\/ksiegarnia-akademicka.pl\/index.php\/wp-json\/wp\/v2\/media?parent=11603"}],"wp:term":[{"taxonomy":"product_brand","embeddable":true,"href":"https:\/\/ksiegarnia-akademicka.pl\/index.php\/wp-json\/wp\/v2\/product_brand?post=11603"},{"taxonomy":"product_cat","embeddable":true,"href":"https:\/\/ksiegarnia-akademicka.pl\/index.php\/wp-json\/wp\/v2\/product_cat?post=11603"},{"taxonomy":"product_tag","embeddable":true,"href":"https:\/\/ksiegarnia-akademicka.pl\/index.php\/wp-json\/wp\/v2\/product_tag?post=11603"}],"curies":[{"name":"wp","href":"https:\/\/api.w.org\/{rel}","templated":true}]}}