{"id":11601,"date":"2019-09-10T09:11:01","date_gmt":"2019-09-10T07:11:01","guid":{"rendered":"http:\/\/ksiegarnia-akademicka.pl\/?post_type=product&#038;p=11601"},"modified":"2024-12-04T16:09:09","modified_gmt":"2024-12-04T15:09:09","slug":"analiza-decyzji","status":"publish","type":"product","link":"https:\/\/ksiegarnia-akademicka.pl\/index.php\/product\/analiza-decyzji\/","title":{"rendered":"Analiza decyzji"},"content":{"rendered":"<p>Autor:<br \/>\nPaul Goodwin<br \/>\nGeorge Wright<br \/>\nT\u0142umacze: Matyja Piotr<br \/>\nWydawca: Nieoczywiste<br \/>\nOprawa: Twarda<br \/>\nFormat: 17.5&#215;25.0cm<br \/>\nLiczba stron: 508<br \/>\nRok wydania: 2016<br \/>\nJ\u0119zyk wydania: polski<\/p>\n<p>\u201eAnaliza decyzji\u201d jest ksi\u0105\u017ck\u0105 wyj\u0105tkow\u0105 ze wzgl\u0119du na zakres przedstawianych zagadnie\u0144 \u2013 om\u00f3wiono w niej bowiem zar\u00f3wno psychologiczne trudno\u015bci zwi\u0105zane z podejmowaniem decyzji kierowniczych, jak i metody analizy decyzyjnej, kt\u00f3rych celem jest przezwyci\u0119\u017cenie tych trudno\u015bci. Autorzy w spos\u00f3b jasny i prosty, bez nadmiernego odwo\u0142ywania si\u0119 do notacji matematycznej, przedstawiaj\u0105 takie kwestie, jak:<br \/>\n\u2013 technika oceny wieloatrybutowej (SMART) oraz techniki opcjonalne (m.in. proces hierarchii analitycznej, metoda r\u00f3wnych zmian i technika MACBETH),<br \/>\n\u2013 podejmowanie decyzji w warunkach niepewno\u015bci,<br \/>\n\u2013 drzewa decyzyjne i diagramy wp\u0142ywu,<br \/>\n\u2013 metody szacowania prawdopodobie\u0144stwa,<br \/>\n\u2013 metoda delficka, rynki prognostyczne i debaty decyzyjne,<br \/>\n\u2013 modelowanie problem\u00f3w zwi\u0105zanych z przydzielaniem zasob\u00f3w,<br \/>\n\u2013 planowanie scenariuszowe,<br \/>\n\u2013 systemy eksperckie.<\/p>\n<p>Ksi\u0105\u017cka jest przeznaczana nie tylko dla uczestnik\u00f3w kurs\u00f3w MBA oraz student\u00f3w zarz\u0105dzania i kierunk\u00f3w ekonomicznych, lecz tak\u017ce samych zarz\u0105dzaj\u0105cych, od tych prowadz\u0105cych pojedyncze projekty po szef\u00f3w du\u017cych przedsi\u0119biorstw.<\/p>\n<p>\u201eProces podejmowania decyzji cz\u0119stokro\u0107 przebiega niew\u0142a\u015bciwie \u2013 i to zazwyczaj bez naszej wiedzy. W tej ksi\u0105\u017cce pokazano, jak stosowa\u0107 analiz\u0119 decyzyjn\u0105, aby podejmowane decyzje byty skuteczne. Atrakcyjno\u015b\u0107 tej ksi\u0105\u017cki polega na przedstawieniu wielu uj\u0119\u0107 analizy decyzyjnej w formie przyst\u0119pnej dla zapracowanych dyrektor\u00f3w i zarz\u0105dzaj\u0105cych firmami\u201d.<br \/>\nprof. Lawrence D. Phillips<br \/>\nLondon School of Economics and Political Science<\/p>\n<p>\u201eKsi\u0105\u017cka opisuje sposoby podejmowania decyzji tak, aby decyzje te by\u0142y racjonalne i trafne. Chodzi tu przede wszystkim o decyzje podejmowane przez dyrektor\u00f3w i inne osoby zarz\u0105dzaj\u0105ce instytucjami pa\u0144stwowymi, firmami czy pojedynczymi projektami, ale autorzy ch\u0119tnie odwo\u0142uj\u0105 si\u0119 te\u017c do decyzji osobistych \u2013 np. czy zmieni\u0107 niesatysfakcjonuj\u0105ce miejsce zatrudnienia, jak wynaj\u0105\u0107 lokal na biuro\u201d.<br \/>\nprof. Tadeusz Tyszka<br \/>\nKierownik Centrum Psychologii Ekonomicznej i Bada\u0144 Decyzji<br \/>\nAkademia Leona Ko\u017ami\u0144skiego<\/p>\n","protected":false},"excerpt":{"rendered":"<p>Autor: Paul Goodwin George Wright T\u0142umacze: Matyja Piotr Wydawca: Nieoczywiste [&hellip;]<\/p>\n","protected":false},"featured_media":11602,"template":"","meta":[],"product_brand":[],"product_cat":[7511,30],"product_tag":[541,4870],"class_list":{"0":"post-11601","1":"product","2":"type-product","3":"status-publish","4":"has-post-thumbnail","6":"product_cat-kierowanie-i-zarzadzanie","7":"product_cat-zarzadzanie","8":"product_tag-zarzadzanie","9":"product_tag-zarzadzanie-organizacjami","11":"first","12":"instock","13":"sale","14":"shipping-taxable","15":"purchasable","16":"product-type-simple"},"_links":{"self":[{"href":"https:\/\/ksiegarnia-akademicka.pl\/index.php\/wp-json\/wp\/v2\/product\/11601","targetHints":{"allow":["GET"]}}],"collection":[{"href":"https:\/\/ksiegarnia-akademicka.pl\/index.php\/wp-json\/wp\/v2\/product"}],"about":[{"href":"https:\/\/ksiegarnia-akademicka.pl\/index.php\/wp-json\/wp\/v2\/types\/product"}],"wp:featuredmedia":[{"embeddable":true,"href":"https:\/\/ksiegarnia-akademicka.pl\/index.php\/wp-json\/wp\/v2\/media\/11602"}],"wp:attachment":[{"href":"https:\/\/ksiegarnia-akademicka.pl\/index.php\/wp-json\/wp\/v2\/media?parent=11601"}],"wp:term":[{"taxonomy":"product_brand","embeddable":true,"href":"https:\/\/ksiegarnia-akademicka.pl\/index.php\/wp-json\/wp\/v2\/product_brand?post=11601"},{"taxonomy":"product_cat","embeddable":true,"href":"https:\/\/ksiegarnia-akademicka.pl\/index.php\/wp-json\/wp\/v2\/product_cat?post=11601"},{"taxonomy":"product_tag","embeddable":true,"href":"https:\/\/ksiegarnia-akademicka.pl\/index.php\/wp-json\/wp\/v2\/product_tag?post=11601"}],"curies":[{"name":"wp","href":"https:\/\/api.w.org\/{rel}","templated":true}]}}