{"id":11592,"date":"2019-09-09T10:46:28","date_gmt":"2019-09-09T08:46:28","guid":{"rendered":"http:\/\/ksiegarnia-akademicka.pl\/?post_type=product&#038;p=11592"},"modified":"2024-12-04T16:09:21","modified_gmt":"2024-12-04T15:09:21","slug":"rozdzielnosc-majatkowa-z-wyrownaniem-dorobkow","status":"publish","type":"product","link":"https:\/\/ksiegarnia-akademicka.pl\/index.php\/product\/rozdzielnosc-majatkowa-z-wyrownaniem-dorobkow\/","title":{"rendered":"Rozdzielno\u015b\u0107 maj\u0105tkowa z wyr\u00f3wnaniem dorobk\u00f3w"},"content":{"rendered":"<p>Seria: Biblioteka notariusza<br \/>\nAutor:<br \/>\nB\u0142a\u017cej Bugajski<br \/>\nWydawca: Wolters Kluwer<br \/>\nOprawa: Twarda<br \/>\nLiczba stron: 316<br \/>\nWydanie: 1<br \/>\nRok wydania: 2019<br \/>\nJ\u0119zyk wydania: polski<\/p>\n<p>Publikacja stanowi pierwsze kompleksowe opracowanie problematyki rozdzielno\u015bci maj\u0105tkowej z wyr\u00f3wnaniem dorobk\u00f3w w prawie polskim.<br \/>\nObowi\u0105zuj\u0105ce przepisy reguluj\u0105ce t\u0119 instytucj\u0119 zosta\u0142y zilustrowane praktycznymi przyk\u0142adami oblicze\u0144 pozwalaj\u0105cymi na precyzyjne prze\u015bledzenie skutk\u00f3w, kt\u00f3re wywo\u0142uje dla ma\u0142\u017conk\u00f3w przyj\u0119cie tego ustroju bez modyfikacji, oraz dostrze\u017cenie szerokich mo\u017cliwo\u015bci dostosowywania jego tre\u015bci do potrzeb i sytuacji ma\u0142\u017conk\u00f3w, w szczeg\u00f3lno\u015bci prowadz\u0105cych dzia\u0142alno\u015b\u0107 gospodarcz\u0105.<br \/>\nPublikacja zawiera wzory akt\u00f3w notarialnych, kt\u00f3re u\u0142atwi\u0105 sporz\u0105dzenie maj\u0105tkowej umowy ma\u0142\u017ce\u0144skiej ustanawiaj\u0105cej rozdzielno\u015b\u0107 maj\u0105tkow\u0105 z wyr\u00f3wnaniem dorobk\u00f3w. S\u0105 one dost\u0119pne w wersji elektronicznej do pobrania ze strony www.rozdzielnosc-majatkowa-wyrownanie-dorobkow-wzory.wolterskluwer.pl(Nowe okno)(Link do innej strony) po wpisaniu zamieszczonego w ksi\u0105\u017cce kodu aktywacyjnego. Wzory mo\u017cna modyfikowa\u0107 i dostosowywa\u0107 do indywidualnych potrzeb.<\/p>\n","protected":false},"excerpt":{"rendered":"<p>Seria: Biblioteka notariusza Autor: B\u0142a\u017cej Bugajski Wydawca: Wolters Kluwer Oprawa: [&hellip;]<\/p>\n","protected":false},"featured_media":11593,"template":"","meta":[],"product_brand":[],"product_cat":[7491,18],"product_tag":[615,7871],"class_list":{"0":"post-11592","1":"product","2":"type-product","3":"status-publish","4":"has-post-thumbnail","6":"product_cat-cywilne","7":"product_cat-prawo","8":"product_tag-prawo-cywilne","9":"product_tag-seria-biblioteka-notariusza","11":"first","12":"instock","13":"sale","14":"shipping-taxable","15":"purchasable","16":"product-type-simple"},"_links":{"self":[{"href":"https:\/\/ksiegarnia-akademicka.pl\/index.php\/wp-json\/wp\/v2\/product\/11592","targetHints":{"allow":["GET"]}}],"collection":[{"href":"https:\/\/ksiegarnia-akademicka.pl\/index.php\/wp-json\/wp\/v2\/product"}],"about":[{"href":"https:\/\/ksiegarnia-akademicka.pl\/index.php\/wp-json\/wp\/v2\/types\/product"}],"wp:featuredmedia":[{"embeddable":true,"href":"https:\/\/ksiegarnia-akademicka.pl\/index.php\/wp-json\/wp\/v2\/media\/11593"}],"wp:attachment":[{"href":"https:\/\/ksiegarnia-akademicka.pl\/index.php\/wp-json\/wp\/v2\/media?parent=11592"}],"wp:term":[{"taxonomy":"product_brand","embeddable":true,"href":"https:\/\/ksiegarnia-akademicka.pl\/index.php\/wp-json\/wp\/v2\/product_brand?post=11592"},{"taxonomy":"product_cat","embeddable":true,"href":"https:\/\/ksiegarnia-akademicka.pl\/index.php\/wp-json\/wp\/v2\/product_cat?post=11592"},{"taxonomy":"product_tag","embeddable":true,"href":"https:\/\/ksiegarnia-akademicka.pl\/index.php\/wp-json\/wp\/v2\/product_tag?post=11592"}],"curies":[{"name":"wp","href":"https:\/\/api.w.org\/{rel}","templated":true}]}}