{"id":115,"date":"2018-05-22T12:40:48","date_gmt":"2018-05-22T10:40:48","guid":{"rendered":"http:\/\/ksiegarnia-akademicka.pl\/index.php\/product\/funkcje-zespolone-teoria-przyklady-zadania\/"},"modified":"2022-11-17T14:54:51","modified_gmt":"2022-11-17T13:54:51","slug":"funkcje-zespolone-teoria-przyklady-zadania","status":"publish","type":"product","link":"https:\/\/ksiegarnia-akademicka.pl\/index.php\/product\/funkcje-zespolone-teoria-przyklady-zadania\/","title":{"rendered":"Funkcje zespolone. Teoria, przyk\u0142ady, zadania"},"content":{"rendered":"<p>Jolanta D\u0142ugosz<br \/>\nSeria: Matematyka dla student\u00f3w Politechnik<br \/>\nWydanie VI zmienione<br \/>\nWroc\u0142aw 2013, str. 188<br \/>\nISBN 978-83-62780-16-7<\/p>\n<p>Niniejszy podr\u0119cznik jest przeznaczony dla student\u00f3w politechnik oraz dla student\u00f3w niekt\u00f3rych wydzia\u0142\u00f3w uniwersytet\u00f3w. Sk\u0142ada si\u0119 on z trzech cz\u0119\u015bci. Pierwsza cz\u0119\u015b\u0107 pt. ,,Definicje, twierdzenia, wzory&#8221; zawiera zagadnienia teoretyczne omawiane na wyk\u0142adach. W pocz\u0105tkowym rozdziale tej cz\u0119\u015bci przypomniano podstawowe wiadomo\u015bci o liczbach zespolonych. W nast\u0119pnych rozdzia\u0142ach om\u00f3wiono zagadnienia dotycz\u0105ce funkcji zespolonych zmiennej zespolonej, ca\u0142ek z tych funkcji, szereg\u00f3w zespolonych, punkt\u00f3w osobliwych i residu\u00f3w oraz przekszta\u0142cenia Laplace&#8217;a. Do zagadnie\u0144 teoretycznych do\u0142\u0105czone s\u0105 liczne \u0107wiczenia. Pozwalaj\u0105 one Czytelnikowi lepiej zrozumie\u0107 prezentowany materia\u0142. Fragmenty materia\u0142u oznaczone gwiazdk\u0105 nieznacznie wykraczaj\u0105 poza aktualnie obowi\u0105zuj\u0105cy program przedmiotu. W ten sam spos\u00f3b oznaczono trudniejsze \u0107wiczenia. Zagadnienia te do\u0142\u0105czono z my\u015bl\u0105 o studentach, kt\u00f3rzy chc\u0105 poszerzy\u0107 swoje wiadomo\u015bci. Druga cz\u0119\u015b\u0107 pt. Przyk\u0142ady i zadnia zawiera przyk\u0142adowe zadania z pe\u0142nymi rozwi\u0105zaniami oraz podobne zadania bez rozwi\u0105za\u0144. Rozwi\u0105zane zadania pozwalaj\u0105 zapozna\u0107 si\u0119 z metodami rachunkowymi funkcji zespolonych. Przyk\u0142ady te powinny by\u0107 traktowane przez Czytelnika jako pomoc w zrozumieniu teorii, a nie jako schematy rozwi\u0105za\u0144 do mechanicznego powielania. Do wszystkich zada\u0144 podane s\u0105 odpowiedzi lub wskaz\u00f3wki. W trzeciej cz\u0119\u015bci pt. Kolokwia i egzaminy, kt\u00f3r\u0105 do\u0142\u0105czono do obecnego wydania, umieszczono przyk\u0142adowe zestawy zada\u0139\u201e rozwi\u0105zywane przez student\u00f3w Politechniki Wroc\u0142awskiej na kolokwiach i egzaminach w poprzednich latach. Zestawy te pozwalaj\u0105 Czytelnikowi zapozna\u0107 si\u0119 z rodzajami oraz stopniem trudno\u015bci zada\u0139\u201e z tych sprawdzian\u00f3w. Jest to jednocze\u015bnie dodatkowy materia\u0142 do samodzielnej nauki. Do wszystkich zada\u0144 kolokwialnych i egzaminacyjnych podane s\u0105 odpowiedzi.<\/p>\n","protected":false},"excerpt":{"rendered":"<p>Jolanta D\u0142ugosz Seria: Matematyka dla student\u00f3w Politechnik Wydanie VI zmienione [&hellip;]<\/p>\n","protected":false},"featured_media":15787,"template":"","meta":[],"product_brand":[],"product_cat":[7519,35],"product_tag":[253,8171],"class_list":{"0":"post-115","1":"product","2":"type-product","3":"status-publish","4":"has-post-thumbnail","6":"product_cat-matematyka","7":"product_cat-matematyka-i-jej-zastosowania","8":"product_tag-matematyka","9":"product_tag-seria-matematyka-dla-studentow-politechnik","11":"first","12":"instock","13":"sale","14":"shipping-taxable","15":"purchasable","16":"product-type-simple"},"_links":{"self":[{"href":"https:\/\/ksiegarnia-akademicka.pl\/index.php\/wp-json\/wp\/v2\/product\/115","targetHints":{"allow":["GET"]}}],"collection":[{"href":"https:\/\/ksiegarnia-akademicka.pl\/index.php\/wp-json\/wp\/v2\/product"}],"about":[{"href":"https:\/\/ksiegarnia-akademicka.pl\/index.php\/wp-json\/wp\/v2\/types\/product"}],"wp:featuredmedia":[{"embeddable":true,"href":"https:\/\/ksiegarnia-akademicka.pl\/index.php\/wp-json\/wp\/v2\/media\/15787"}],"wp:attachment":[{"href":"https:\/\/ksiegarnia-akademicka.pl\/index.php\/wp-json\/wp\/v2\/media?parent=115"}],"wp:term":[{"taxonomy":"product_brand","embeddable":true,"href":"https:\/\/ksiegarnia-akademicka.pl\/index.php\/wp-json\/wp\/v2\/product_brand?post=115"},{"taxonomy":"product_cat","embeddable":true,"href":"https:\/\/ksiegarnia-akademicka.pl\/index.php\/wp-json\/wp\/v2\/product_cat?post=115"},{"taxonomy":"product_tag","embeddable":true,"href":"https:\/\/ksiegarnia-akademicka.pl\/index.php\/wp-json\/wp\/v2\/product_tag?post=115"}],"curies":[{"name":"wp","href":"https:\/\/api.w.org\/{rel}","templated":true}]}}