{"id":11495,"date":"2019-09-02T13:54:24","date_gmt":"2019-09-02T11:54:24","guid":{"rendered":"http:\/\/ksiegarnia-akademicka.pl\/?post_type=product&#038;p=11495"},"modified":"2024-12-04T16:11:44","modified_gmt":"2024-12-04T15:11:44","slug":"dowod-z-przesluchania-w-procedurze-podatkowej","status":"publish","type":"product","link":"https:\/\/ksiegarnia-akademicka.pl\/index.php\/product\/dowod-z-przesluchania-w-procedurze-podatkowej\/","title":{"rendered":"Dow\u00f3d z przes\u0142uchania w procedurze podatkowej"},"content":{"rendered":"<p>Autor:<br \/>\nMarcin Rymaszewski<br \/>\nWydawca: Wolters Kluwer<br \/>\nOprawa: Twarda<br \/>\nFormat: 15.0&#215;21.0cm<br \/>\nLiczba stron: 332<br \/>\nWydanie: 1<br \/>\nRok wydania: 2019<br \/>\nJ\u0119zyk wydania: polski<\/p>\n<p>Instytucja przes\u0142uchania strony, \u015bwiadka i bieg\u0142ego w prawie podatkowym poddana dog\u0142\u0119bnej i przejrzystej analizie.<\/p>\n<p>Publikacja stanowi swoisty zbi\u00f3r wyrok\u00f3w po\u015bwi\u0119conych przes\u0142uchaniu. Autor \u0142\u0105czy rozwa\u017cania teoretyczne z praktyk\u0105 prawa podatkowego.<\/p>\n<p>W ksi\u0105\u017cce znajdziesz m.in.:<br \/>\n&#8211; por\u00f3wnanie przepis\u00f3w prawa podatkowego odnosz\u0105cych si\u0119 do przes\u0142uchania z przepisami post\u0119powania karnego i cywilnego;<br \/>\n&#8211; ocen\u0119 wp\u0142ywu narusze\u0144 regulacji dotycz\u0105cych przes\u0142uchania na ostateczny wynik sprawy, zwi\u0105zanych z:<br \/>\n&#8211; zawiadomieniem o przes\u0142uchaniu,<br \/>\n&#8211; formu\u0142owaniem wniosk\u00f3w dowodowych,<br \/>\n&#8211; przebiegiem przes\u0142uchania oraz<br \/>\n&#8211; prawid\u0142ow\u0105 ocen\u0105 tego dowodu;<br \/>\n&#8211; ocen\u0119 przepis\u00f3w oraz orzecznictwa zwi\u0105zan\u0105 z dowodem przes\u0142uchania pod k\u0105tem jego przebiegu oraz uprawnie\u0144 jakie posiadaj\u0105 poszczeg\u00f3lni uczestnicy tej czynno\u015bci dowodowej;<br \/>\n&#8211; pr\u00f3b\u0119 przedstawienia przepis\u00f3w projektu ustawy &#8211; Ordynacja podatkowa odnosz\u0105cych si\u0119 do instytucji przes\u0142uchania, kt\u00f3re maj\u0105 zast\u0105pi\u0107 obecnie obowi\u0105zuj\u0105ce przepisy procedury podatkowej.<br \/>\nDow\u00f3d z przes\u0142uchania w procedurze podatkowej to cenna pomoc m.in. w:<br \/>\n&#8211; budowaniu argumentacji uzasadnienia \u015brodk\u00f3w odwo\u0142awczych, orzecze\u0144 s\u0105dowych i decyzji podatkowych;<br \/>\n&#8211; skutecznym i prawid\u0142owym sposobie przeprowadzania lub uczestniczenia w czynno\u015bci przes\u0142uchania jako pe\u0142nomocnik strony lub kierownik tej czynno\u015bci (organ podatkowy).<br \/>\nW monografii znajdziesz r\u00f3wnie\u017c om\u00f3wienie takich zagadnie\u0144 jak:<br \/>\n&#8211; psychologiczne aspekty przes\u0142uchania, np. analiz\u0119 przydatno\u015bci obserwacji zachowania \u015bwiadka;<br \/>\n&#8211; dokumenty i materia\u0142y zebrane w toku czynno\u015bci sprawdzaj\u0105cych, kontroli podatkowej oraz informacje podatkowe;<br \/>\n&#8211; problemy zwi\u0105zane z inicjowaniem dowod\u00f3w osobowych;<br \/>\n&#8211; wp\u0142yw naruszenia zasad przeprowadzania przes\u0142uchania na rozstrzygni\u0119cie sprawy podatkowej;<br \/>\n&#8211; relacje pomi\u0119dzy dowodem z przes\u0142uchania a pozosta\u0142ymi dowodami w post\u0119powaniu podatkowym.<\/p>\n","protected":false},"excerpt":{"rendered":"<p>Autor: Marcin Rymaszewski Wydawca: Wolters Kluwer Oprawa: Twarda Format: 15.0&#215;21.0cm [&hellip;]<\/p>\n","protected":false},"featured_media":11496,"template":"","meta":[],"product_brand":[],"product_cat":[7495,22,18],"product_tag":[355,428,1055],"class_list":{"0":"post-11495","1":"product","2":"type-product","3":"status-publish","4":"has-post-thumbnail","6":"product_cat-gospodarcze-i-handlowe","7":"product_cat-podatki-i-prawo-podatkowe","8":"product_cat-prawo","9":"product_tag-podatki","10":"product_tag-prawo-gospodarcze","11":"product_tag-prawo-podatkowe","13":"first","14":"instock","15":"sale","16":"shipping-taxable","17":"purchasable","18":"product-type-simple"},"_links":{"self":[{"href":"https:\/\/ksiegarnia-akademicka.pl\/index.php\/wp-json\/wp\/v2\/product\/11495","targetHints":{"allow":["GET"]}}],"collection":[{"href":"https:\/\/ksiegarnia-akademicka.pl\/index.php\/wp-json\/wp\/v2\/product"}],"about":[{"href":"https:\/\/ksiegarnia-akademicka.pl\/index.php\/wp-json\/wp\/v2\/types\/product"}],"wp:featuredmedia":[{"embeddable":true,"href":"https:\/\/ksiegarnia-akademicka.pl\/index.php\/wp-json\/wp\/v2\/media\/11496"}],"wp:attachment":[{"href":"https:\/\/ksiegarnia-akademicka.pl\/index.php\/wp-json\/wp\/v2\/media?parent=11495"}],"wp:term":[{"taxonomy":"product_brand","embeddable":true,"href":"https:\/\/ksiegarnia-akademicka.pl\/index.php\/wp-json\/wp\/v2\/product_brand?post=11495"},{"taxonomy":"product_cat","embeddable":true,"href":"https:\/\/ksiegarnia-akademicka.pl\/index.php\/wp-json\/wp\/v2\/product_cat?post=11495"},{"taxonomy":"product_tag","embeddable":true,"href":"https:\/\/ksiegarnia-akademicka.pl\/index.php\/wp-json\/wp\/v2\/product_tag?post=11495"}],"curies":[{"name":"wp","href":"https:\/\/api.w.org\/{rel}","templated":true}]}}