{"id":11464,"date":"2019-07-17T11:22:04","date_gmt":"2019-07-17T09:22:04","guid":{"rendered":"http:\/\/ksiegarnia-akademicka.pl\/?post_type=product&#038;p=11464"},"modified":"2019-07-17T11:22:05","modified_gmt":"2019-07-17T09:22:05","slug":"lekarski-egzamin-koncowy-w-pigulce-2","status":"publish","type":"product","link":"https:\/\/ksiegarnia-akademicka.pl\/index.php\/product\/lekarski-egzamin-koncowy-w-pigulce-2\/","title":{"rendered":"Lekarski Egzamin Ko\u0144cowy w pigu\u0142ce"},"content":{"rendered":"<p>Autor:<br \/>\nAlicja Derleta<br \/>\nWydawca: Medyk<br \/>\nOprawa: Mi\u0119kka<br \/>\nFormat: 16.5&#215;23.5cm<br \/>\nLiczba stron: 136<br \/>\nRok wydania: 2017<br \/>\nJ\u0119zyk wydania: polski<\/p>\n<p>Zbi\u00f3r najwa\u017cniejszych zagadnie\u0144 i informacji niezb\u0119dnych dla os\u00f3b przyst\u0119puj\u0105cych do Lekarskiego Egzaminu Ko\u0144cowego.<\/p>\n","protected":false},"excerpt":{"rendered":"<p>Autor: Alicja Derleta Wydawca: Medyk Oprawa: Mi\u0119kka Format: 16.5&#215;23.5cm Liczba [&hellip;]<\/p>\n","protected":false},"featured_media":11465,"template":"","meta":[],"product_brand":[],"product_cat":[7493],"product_tag":[7469,3994],"class_list":{"0":"post-11464","1":"product","2":"type-product","3":"status-publish","4":"has-post-thumbnail","6":"product_cat-medycyna","7":"product_tag-lek-lekarski-egzamin-koncowy","8":"product_tag-medycyna","10":"first","11":"instock","12":"shipping-taxable","13":"purchasable","14":"product-type-simple"},"_links":{"self":[{"href":"https:\/\/ksiegarnia-akademicka.pl\/index.php\/wp-json\/wp\/v2\/product\/11464","targetHints":{"allow":["GET"]}}],"collection":[{"href":"https:\/\/ksiegarnia-akademicka.pl\/index.php\/wp-json\/wp\/v2\/product"}],"about":[{"href":"https:\/\/ksiegarnia-akademicka.pl\/index.php\/wp-json\/wp\/v2\/types\/product"}],"wp:featuredmedia":[{"embeddable":true,"href":"https:\/\/ksiegarnia-akademicka.pl\/index.php\/wp-json\/wp\/v2\/media\/11465"}],"wp:attachment":[{"href":"https:\/\/ksiegarnia-akademicka.pl\/index.php\/wp-json\/wp\/v2\/media?parent=11464"}],"wp:term":[{"taxonomy":"product_brand","embeddable":true,"href":"https:\/\/ksiegarnia-akademicka.pl\/index.php\/wp-json\/wp\/v2\/product_brand?post=11464"},{"taxonomy":"product_cat","embeddable":true,"href":"https:\/\/ksiegarnia-akademicka.pl\/index.php\/wp-json\/wp\/v2\/product_cat?post=11464"},{"taxonomy":"product_tag","embeddable":true,"href":"https:\/\/ksiegarnia-akademicka.pl\/index.php\/wp-json\/wp\/v2\/product_tag?post=11464"}],"curies":[{"name":"wp","href":"https:\/\/api.w.org\/{rel}","templated":true}]}}