{"id":11457,"date":"2019-07-17T10:56:32","date_gmt":"2019-07-17T08:56:32","guid":{"rendered":"http:\/\/ksiegarnia-akademicka.pl\/?post_type=product&#038;p=11457"},"modified":"2024-12-04T16:12:33","modified_gmt":"2024-12-04T15:12:33","slug":"dokumentacja-wewnetrzna-w-jednostkach-sektora-finansow-publicznych-plyta-cd","status":"publish","type":"product","link":"https:\/\/ksiegarnia-akademicka.pl\/index.php\/product\/dokumentacja-wewnetrzna-w-jednostkach-sektora-finansow-publicznych-plyta-cd\/","title":{"rendered":"Dokumentacja wewn\u0119trzna w jednostkach sektora finans\u00f3w publicznych + p\u0142yta CD"},"content":{"rendered":"<p>Redakcja: Piotr Walczak<br \/>\nWydawca: C.H. Beck<br \/>\nSeria: Sektor publiczny w praktyce<br \/>\nRok wydania: 2019<br \/>\nWydanie: 6<br \/>\nISBN: 978-83-8158-658-0<br \/>\nLiczba stron: 1384<br \/>\nOprawa: Mi\u0119kka<br \/>\nWaga: 1720 g<\/p>\n<p>Rok 2019 przyni\u00f3s\u0142 wiele zmian podatkowych dotycz\u0105cych m.in. obowi\u0105zku przygotowania informacji o schematach podatkowych, obowi\u0105zku prowadzenia ewidencji za pomoc\u0105 kas rejestruj\u0105cych (kas on-line) czy rozszerzenia mechanizm\u00f3w podzielonej p\u0142atno\u015bci na 152 grup towar\u00f3w lub us\u0142ug okre\u015blonych wed\u0142ug Polskiej Klasyfikacji Wyrob\u00f3w i Us\u0142ug z 2008 r. (PKWiU 2008). W zakresie podatk\u00f3w wa\u017cne s\u0105 tak\u017ce najnowsze wyroki NSA dotycz\u0105ce prewsp\u00f3\u0142czynnika (zezwalaj\u0105ce na stosowanie \u201ew\u0142asnego&#8221; wsp\u00f3\u0142czynnika, a nie tylko tego zapisanego w rozporz\u0105dzeniu).<\/p>\n<p>Zmiany dotkn\u0119\u0142y jednak nie tylko kwestii podatkowych \u2013 zwi\u0105zane s\u0105 one r\u00f3wnie\u017c z nowelizacj\u0105 ustawy o finansach publicznych, nowelizacj\u0105 ustaw samorz\u0105dowych (wprowadzaj\u0105c\u0105 obowi\u0105zek przygotowania raportu o stanie gminy), nowelizacj\u0105 ustawy o rachunkowo\u015bci, licznymi nowelizacjami ustawy o VAT, wprowadzeniu nowej ustawy o przeciwdzia\u0142aniu praniu pieni\u0119dzy oraz finansowaniu terroryzmu, czy te\u017c wej\u015bciu w \u017cycie ustawy o ko\u0142ach gospody\u0144 wiejskich. Warto r\u00f3wnie\u017c wspomnie\u0107 o wej\u015bciu w \u017cycie ustawy wdra\u017caj\u0105cej RODO.<\/p>\n<p>Wprowadzone zmiany powoduj\u0105 konieczno\u015b\u0107:<\/p>\n<p>podejmowania nowych uchwa\u0142 przez organy stanowi\u0105ce JST w sprawie zaci\u0105gni\u0119cia zobowi\u0105zania d\u0142ugoterminowego wynikaj\u0105cego z umowy o skutkach ekonomicznych podobnych do po\u017cyczek i kredyt\u00f3w,<br \/>\npodj\u0119cia uchwa\u0142y w sprawie udzielenia lub nieudzielenia wotum zaufania z tytu\u0142u rozpatrzenia raportu o stanie gminy\/powiatu\/wojew\u00f3dztwa,<br \/>\nwprowadzenia w jednostce samorz\u0105du terytorialnego instrukcji post\u0119powania w zakresie przeciwdzia\u0142ania praniu brudnych pieni\u0119dzy,<br \/>\nwprowadzenia w jednostce procedury wewn\u0119trznej w zakresie przeciwdzia\u0142ania niewywi\u0105zywaniu si\u0119 z obowi\u0105zku przekazywania informacji o schematach podatkowych,<br \/>\nwprowadzenia w jednostkach samorz\u0105du terytorialnego procedur weryfikuj\u0105cych i kontroluj\u0105cych Ko\u0142a Gospody\u0144 Wiejskich,<br \/>\nwprowadzenia obowi\u0105zku prowadzenia ewidencji za pomoc\u0105 kas rejestruj\u0105cych (kas on-line),<br \/>\ndokonania zmian w dokumentacji pracowniczej.<br \/>\nWszystkie te zmiany powoduj\u0105 konieczno\u015b\u0107 aktualizacji dokumentacji obowi\u0105zuj\u0105cej w 2019 r. w jednostkach sektora publicznego. Dokumentacja wewn\u0119trzna musi zosta\u0107 zmieniona i dostosowana do szeregu zmian w obowi\u0105zuj\u0105cych przepisach.<\/p>\n<p>W zwi\u0105zku z tymi zmianami Wydawnictwo C.H.Beck przygotowa\u0142o publikacj\u0119 zawieraj\u0105c\u0105 a\u017c 141 gotowych instrukcji, zarz\u0105dze\u0144, regulamin\u00f3w oraz innych dokument\u00f3w uwzgl\u0119dniaj\u0105cych aktualny stan prawny. Wszystkie dokumenty znajduj\u0105 si\u0119 na do\u0142\u0105czonej do ksi\u0105\u017cki p\u0142ycie CD.<\/p>\n<p>Najwa\u017cniejsze zalety publikacji:<\/p>\n<p>Najbardziej kompletna i obszerna &#8211; z dost\u0119pnych na rynku wydawniczym &#8211; publikacja ze wzorami dokument\u00f3w wewn\u0119trznych dla sektora finans\u00f3w publicznych,<br \/>\nOm\u00f3wienie a\u017c 53 r\u00f3\u017cnych zagadnie\u0144, kt\u00f3re zawieraj\u0105 a\u017c 141 gotowych instrukcji, zarz\u0105dze\u0144, regulamin\u00f3w oraz innych dokument\u00f3w uwzgl\u0119dniaj\u0105cych aktualny stan prawny,<br \/>\nKomentarze i wyja\u015bnienia do wi\u0119kszo\u015bci uwzgl\u0119dnionych w publikacji wzor\u00f3w \u2013 komentarz przedstawia zasady obowi\u0105zuj\u0105ce w danym obszarze dzia\u0142alno\u015bci jednostki oraz uporz\u0105dkowan\u0105 sekwencj\u0119 wskaz\u00f3wek odnosz\u0105cych si\u0119 do zaprezentowanych wzorc\u00f3w i sposob\u00f3w dostosowania ich do indywidualnych potrzeb jednostki,<br \/>\nKompletny zbi\u00f3r procedur, w postaci regulamin\u00f3w, instrukcji, zarz\u0105dze\u0144, kt\u00f3re pozwol\u0105 na zaprojektowanie systemu kontroli zarz\u0105dczej w jednostce.<br \/>\nStandardy kontroli zarz\u0105dczej wymagaj\u0105 udokumentowania przyj\u0119tych w jednostce mechanizm\u00f3w i procedur kontroli wewn\u0119trznej, w szczeg\u00f3lno\u015bci w zakresie prowadzonej gospodarki finansowej. Kompletna, sp\u00f3jna i adekwatna do potrzeb dokumentacja wewn\u0119trzna pozwala na skuteczne i efektywne realizowanie cel\u00f3w i zada\u0144 przez jednostki sektora finans\u00f3w publicznych.<\/p>\n<p>Ksi\u0105\u017cka ta to zbi\u00f3r zarz\u0105dze\u0144, regulamin\u00f3w i instrukcji zwi\u0105zanych m.in.:<\/p>\n<p>polityk\u0105 rachunkowo\u015bci,<br \/>\nkontrol\u0105 zarz\u0105dcz\u0105,<br \/>\nzam\u00f3wieniami publicznymi,<br \/>\ngospodark\u0105 kasow\u0105 i magazynow\u0105,<br \/>\ngromadzeniem i wydatkowaniem \u015brodk\u00f3w publicznych,<br \/>\nsprawami kadrowymi (w tym delegacjami s\u0142u\u017cbowymi),<br \/>\npodatkiem VAT.<br \/>\nJe\u017celi jeste\u015b kierownikiem jednostki sektora finans\u00f3w publicznych, sekretarzem, skarbnikiem, g\u0142\u00f3wnym ksi\u0119gowym, lub te\u017c osob\u0105 odpowiedzialn\u0105 za prowadzenie gospodarki finansowej jednostki, to na bazie tej publikacji b\u0119dziesz m\u00f3g\u0142 uzupe\u0142ni\u0107 i zmodyfikowa\u0107 obowi\u0105zuj\u0105ce w jednostce instrukcje i procedury \u2013 wykorzystuj\u0105c gotowe rozwi\u0105zania, zgodnie z nowymi przepisami, o kt\u00f3rych wspominali\u015bmy powy\u017cej.<\/p>\n","protected":false},"excerpt":{"rendered":"<p>Redakcja: Piotr Walczak Wydawca: C.H. Beck Seria: Sektor publiczny w [&hellip;]<\/p>\n","protected":false},"featured_media":11458,"template":"","meta":[],"product_brand":[],"product_cat":[19,7500,7501],"product_tag":[7913,472,1136,6841],"class_list":{"0":"post-11457","1":"product","2":"type-product","3":"status-publish","4":"has-post-thumbnail","6":"product_cat-finanse-i-prawo-finansowe","7":"product_cat-finanse-publiczne","8":"product_cat-prawo-finansowe","9":"product_tag-dokumentacja-wewnetrzna","10":"product_tag-finanse-publiczne","11":"product_tag-prawo-finansowe","12":"product_tag-seria-sektor-publiczny-w-praktyce","14":"first","15":"instock","16":"sale","17":"shipping-taxable","18":"purchasable","19":"product-type-simple"},"_links":{"self":[{"href":"https:\/\/ksiegarnia-akademicka.pl\/index.php\/wp-json\/wp\/v2\/product\/11457","targetHints":{"allow":["GET"]}}],"collection":[{"href":"https:\/\/ksiegarnia-akademicka.pl\/index.php\/wp-json\/wp\/v2\/product"}],"about":[{"href":"https:\/\/ksiegarnia-akademicka.pl\/index.php\/wp-json\/wp\/v2\/types\/product"}],"wp:featuredmedia":[{"embeddable":true,"href":"https:\/\/ksiegarnia-akademicka.pl\/index.php\/wp-json\/wp\/v2\/media\/11458"}],"wp:attachment":[{"href":"https:\/\/ksiegarnia-akademicka.pl\/index.php\/wp-json\/wp\/v2\/media?parent=11457"}],"wp:term":[{"taxonomy":"product_brand","embeddable":true,"href":"https:\/\/ksiegarnia-akademicka.pl\/index.php\/wp-json\/wp\/v2\/product_brand?post=11457"},{"taxonomy":"product_cat","embeddable":true,"href":"https:\/\/ksiegarnia-akademicka.pl\/index.php\/wp-json\/wp\/v2\/product_cat?post=11457"},{"taxonomy":"product_tag","embeddable":true,"href":"https:\/\/ksiegarnia-akademicka.pl\/index.php\/wp-json\/wp\/v2\/product_tag?post=11457"}],"curies":[{"name":"wp","href":"https:\/\/api.w.org\/{rel}","templated":true}]}}