{"id":11439,"date":"2019-07-12T09:15:25","date_gmt":"2019-07-12T07:15:25","guid":{"rendered":"http:\/\/ksiegarnia-akademicka.pl\/?post_type=product&#038;p=11439"},"modified":"2019-07-12T09:39:41","modified_gmt":"2019-07-12T07:39:41","slug":"niebezpieczne-kosmetyki","status":"publish","type":"product","link":"https:\/\/ksiegarnia-akademicka.pl\/index.php\/product\/niebezpieczne-kosmetyki\/","title":{"rendered":"Niebezpieczne kosmetyki"},"content":{"rendered":"<p>Autor:<br \/>\nMarion Schimmelpfenning<br \/>\nWydawca: Vital<br \/>\nOprawa: Mi\u0119kka<br \/>\nFormat: 14.5&#215;20.5cm<br \/>\nLiczba stron: 416<br \/>\nRok wydania: 2019<br \/>\nJ\u0119zyk wydania: polski<\/p>\n<p>Czy z w\u0142asnej woli pozwoli\u0142by\u015b na d\u0142ugotrwa\u0142e trucie ca\u0142ego organizmu? Nie? Dlaczego wi\u0119c codziennie aplikujesz sobie solidn\u0105 porcj\u0119 chemii wraz z preparatami piel\u0119gnacyjnymi? Autorka przez lata pracowa\u0142a w bran\u017cy marketingowej i mia\u0142a wgl\u0105d w praktyki stosowane w przemy\u015ble kosmetycznym. Teraz ujawnia fakty na temat toksycznych substancji w kosmetykach. Dzi\u0119ki niej poznasz ich szkodliwy wp\u0142yw na zdrowie i nauczysz si\u0119 je rozpoznawa\u0107. Unikniesz reakcji alergicznych, podra\u017cnie\u0144 i sw\u0119dzenia. Zrozumiesz zwi\u0105zek jaki maj\u0105 toksyny z powstawaniem chor\u00f3b takich jak bezp\u0142odno\u015b\u0107, choroby tarczycy czy nowotwory. Pozb\u0119dziesz si\u0119 wypadania w\u0142os\u00f3w, pieczenia i przesuszonej sk\u00f3ry. Zaczniesz czyta\u0107 etykiety i postawisz na jako\u015b\u0107 produkt\u00f3w. Poznaj ca\u0142\u0105 prawd\u0119 o kosmetykach.<\/p>\n","protected":false},"excerpt":{"rendered":"<p>Autor: Marion Schimmelpfenning Wydawca: Vital Oprawa: Mi\u0119kka Format: 14.5&#215;20.5cm Liczba [&hellip;]<\/p>\n","protected":false},"featured_media":11440,"template":"","meta":[],"product_brand":[],"product_cat":[42],"product_tag":[1323,4934],"class_list":{"0":"post-11439","1":"product","2":"type-product","3":"status-publish","4":"has-post-thumbnail","6":"product_cat-chemia","7":"product_tag-chemia","8":"product_tag-kosmetologia","10":"first","11":"instock","12":"sale","13":"shipping-taxable","14":"purchasable","15":"product-type-simple"},"_links":{"self":[{"href":"https:\/\/ksiegarnia-akademicka.pl\/index.php\/wp-json\/wp\/v2\/product\/11439","targetHints":{"allow":["GET"]}}],"collection":[{"href":"https:\/\/ksiegarnia-akademicka.pl\/index.php\/wp-json\/wp\/v2\/product"}],"about":[{"href":"https:\/\/ksiegarnia-akademicka.pl\/index.php\/wp-json\/wp\/v2\/types\/product"}],"wp:featuredmedia":[{"embeddable":true,"href":"https:\/\/ksiegarnia-akademicka.pl\/index.php\/wp-json\/wp\/v2\/media\/11440"}],"wp:attachment":[{"href":"https:\/\/ksiegarnia-akademicka.pl\/index.php\/wp-json\/wp\/v2\/media?parent=11439"}],"wp:term":[{"taxonomy":"product_brand","embeddable":true,"href":"https:\/\/ksiegarnia-akademicka.pl\/index.php\/wp-json\/wp\/v2\/product_brand?post=11439"},{"taxonomy":"product_cat","embeddable":true,"href":"https:\/\/ksiegarnia-akademicka.pl\/index.php\/wp-json\/wp\/v2\/product_cat?post=11439"},{"taxonomy":"product_tag","embeddable":true,"href":"https:\/\/ksiegarnia-akademicka.pl\/index.php\/wp-json\/wp\/v2\/product_tag?post=11439"}],"curies":[{"name":"wp","href":"https:\/\/api.w.org\/{rel}","templated":true}]}}