{"id":11411,"date":"2019-07-10T14:13:13","date_gmt":"2019-07-10T12:13:13","guid":{"rendered":"http:\/\/ksiegarnia-akademicka.pl\/?post_type=product&#038;p=11411"},"modified":"2024-12-04T16:13:52","modified_gmt":"2024-12-04T15:13:52","slug":"choroby-wewnetrzne-przypadki-kliniczne","status":"publish","type":"product","link":"https:\/\/ksiegarnia-akademicka.pl\/index.php\/product\/choroby-wewnetrzne-przypadki-kliniczne\/","title":{"rendered":"Choroby wewn\u0119trzne Przypadki kliniczne"},"content":{"rendered":"<p>Redakcja: Duda-Kr\u00f3l Wies\u0142awa B., We\u0142nicki Marcin, Mamcarz Artur<br \/>\nWydawca: PZWL<br \/>\nOprawa: Mi\u0119kka<br \/>\nFormat: 15.0&#215;23.5cm<br \/>\nLiczba stron: 205<br \/>\nWydanie: 1<br \/>\nRok wydania: 2019<br \/>\nJ\u0119zyk wydania: polski<\/p>\n<p>Zbi\u00f3r przypadk\u00f3w klinicznych z zakresu chor\u00f3b wewn\u0119trznych, pokazuj\u0105cy ca\u0142y proces diagnostyczno terapeutyczny wraz z leczeniem farmakologicznym. Analizie poddane zosta\u0142y prawdziwe przypadki kliniczne na oddziale wewn\u0119trznym. S\u0105 to przypadki, z kt\u00f3rymi mog\u0105 mie\u0107 do czynienia w swojej codziennej praktyce zar\u00f3wno lekarze pracuj\u0105cy na oddzia\u0142ach internistycznych, jak i lekarze rodzinni.<\/p>\n<p>Ka\u017cda z omawianych sytuacji zwi\u0119\u017ale omawia okoliczno\u015bci oraz pow\u00f3d przyj\u0119cia chorego do kliniki, badanie podmiotowe i przedmiotowe pacjenta, badania laboratoryjne i ca\u0142e postepowanie z chorym wraz z leczeniem farmakologicznym.<\/p>\n<p>Opr\u00f3cz do\u015b\u0107 typowych przypadk\u00f3w, kt\u00f3re ilustruj\u0105 jak bardzo mog\u0105 zawi\u0142e by\u0107 drogi prowadz\u0105ce do postawienia prawid\u0142owej diagnozy, nast\u0119pnie wdro\u017cenia optymalnej terapii i wyleczenia pacjenta, w ksi\u0105\u017cce znalaz\u0142y si\u0119 przypadki kazuistyczne pokazuj\u0105ce nietuzinkowo\u015b\u0107 specjalizacji, kt\u00f3ra \u0142\u0105czy w sobie tak wiele przypadk\u00f3w klinicznych maj\u0105cych zakorzenienie w innych dziedzinach medycyny.<\/p>\n","protected":false},"excerpt":{"rendered":"<p>Redakcja: Duda-Kr\u00f3l Wies\u0142awa B., We\u0142nicki Marcin, Mamcarz Artur Wydawca: PZWL [&hellip;]<\/p>\n","protected":false},"featured_media":11412,"template":"","meta":[],"product_brand":[],"product_cat":[44],"product_tag":[7907,4650,3994],"class_list":{"0":"post-11411","1":"product","2":"type-product","3":"status-publish","4":"has-post-thumbnail","6":"product_cat-nauki-medyczne","7":"product_tag-choroby-wewnetrzne","8":"product_tag-interna","9":"product_tag-medycyna","11":"first","12":"instock","13":"sale","14":"shipping-taxable","15":"purchasable","16":"product-type-simple"},"_links":{"self":[{"href":"https:\/\/ksiegarnia-akademicka.pl\/index.php\/wp-json\/wp\/v2\/product\/11411","targetHints":{"allow":["GET"]}}],"collection":[{"href":"https:\/\/ksiegarnia-akademicka.pl\/index.php\/wp-json\/wp\/v2\/product"}],"about":[{"href":"https:\/\/ksiegarnia-akademicka.pl\/index.php\/wp-json\/wp\/v2\/types\/product"}],"wp:featuredmedia":[{"embeddable":true,"href":"https:\/\/ksiegarnia-akademicka.pl\/index.php\/wp-json\/wp\/v2\/media\/11412"}],"wp:attachment":[{"href":"https:\/\/ksiegarnia-akademicka.pl\/index.php\/wp-json\/wp\/v2\/media?parent=11411"}],"wp:term":[{"taxonomy":"product_brand","embeddable":true,"href":"https:\/\/ksiegarnia-akademicka.pl\/index.php\/wp-json\/wp\/v2\/product_brand?post=11411"},{"taxonomy":"product_cat","embeddable":true,"href":"https:\/\/ksiegarnia-akademicka.pl\/index.php\/wp-json\/wp\/v2\/product_cat?post=11411"},{"taxonomy":"product_tag","embeddable":true,"href":"https:\/\/ksiegarnia-akademicka.pl\/index.php\/wp-json\/wp\/v2\/product_tag?post=11411"}],"curies":[{"name":"wp","href":"https:\/\/api.w.org\/{rel}","templated":true}]}}