{"id":11371,"date":"2019-07-10T11:50:46","date_gmt":"2019-07-10T09:50:46","guid":{"rendered":"http:\/\/ksiegarnia-akademicka.pl\/?post_type=product&#038;p=11371"},"modified":"2019-07-10T11:51:03","modified_gmt":"2019-07-10T09:51:03","slug":"mkol-i-fifa-jako-aktorzy-stosunkow-miedzynarodowych","status":"publish","type":"product","link":"https:\/\/ksiegarnia-akademicka.pl\/index.php\/product\/mkol-i-fifa-jako-aktorzy-stosunkow-miedzynarodowych\/","title":{"rendered":"MKOL i FIFA jako aktorzy stosunk\u00f3w mi\u0119dzynarodowych"},"content":{"rendered":"<p>Autor:<br \/>\nArtur Miazek<br \/>\nWydawca: Scholar<br \/>\nOprawa: Mi\u0119kka<br \/>\nFormat: 14.0&#215;21.0cm<br \/>\nLiczba stron: 136<br \/>\nWydanie: 1<br \/>\nRok wydania: 2019<br \/>\nJ\u0119zyk wydania: polski<\/p>\n<p>W prezentowanej ksi\u0105\u017cce dokonano analizy roli organizacji sportowych we wsp\u00f3\u0142czesnych stosunkach mi\u0119dzynarodowych, bior\u0105c pod uwag\u0119 przede wszystkim MKOI i FIFA. Te dwie obecnie najwa\u017cniejsze sportowe organizacje s\u0105 autonomiczne i funkcjonuj\u0105 jako pe\u0142noprawni aktorzy polityki \u015bwiatowej.<br \/>\nAutor pokazuje m.in. jak przebiega\u0142 proces tworzenia ich pot\u0119gi, na czym polega ich autonomia, w jaki spos\u00f3b kszta\u0142tuj\u0105 swoje relacje z pa\u0144swtami i innymi podmiotami stosunk\u00f3w mi\u0119dzynarodowych, a tak\u017ce jak\u0105 funkcj\u0119 pe\u0142ni\u0105 w dyplomacji sportowej.<\/p>\n","protected":false},"excerpt":{"rendered":"<p>Autor: Artur Miazek Wydawca: Scholar Oprawa: Mi\u0119kka Format: 14.0&#215;21.0cm Liczba [&hellip;]<\/p>\n","protected":false},"featured_media":11372,"template":"","meta":[],"product_brand":[],"product_cat":[27,7507],"product_tag":[7899,7900,495,3883],"class_list":{"0":"post-11371","1":"product","2":"type-product","3":"status-publish","4":"has-post-thumbnail","6":"product_cat-nauki-spoleczne","7":"product_cat-politologia","8":"product_tag-fifa","9":"product_tag-mkol","10":"product_tag-polityka","11":"product_tag-sport","13":"first","14":"instock","15":"shipping-taxable","16":"purchasable","17":"product-type-simple"},"_links":{"self":[{"href":"https:\/\/ksiegarnia-akademicka.pl\/index.php\/wp-json\/wp\/v2\/product\/11371","targetHints":{"allow":["GET"]}}],"collection":[{"href":"https:\/\/ksiegarnia-akademicka.pl\/index.php\/wp-json\/wp\/v2\/product"}],"about":[{"href":"https:\/\/ksiegarnia-akademicka.pl\/index.php\/wp-json\/wp\/v2\/types\/product"}],"wp:featuredmedia":[{"embeddable":true,"href":"https:\/\/ksiegarnia-akademicka.pl\/index.php\/wp-json\/wp\/v2\/media\/11372"}],"wp:attachment":[{"href":"https:\/\/ksiegarnia-akademicka.pl\/index.php\/wp-json\/wp\/v2\/media?parent=11371"}],"wp:term":[{"taxonomy":"product_brand","embeddable":true,"href":"https:\/\/ksiegarnia-akademicka.pl\/index.php\/wp-json\/wp\/v2\/product_brand?post=11371"},{"taxonomy":"product_cat","embeddable":true,"href":"https:\/\/ksiegarnia-akademicka.pl\/index.php\/wp-json\/wp\/v2\/product_cat?post=11371"},{"taxonomy":"product_tag","embeddable":true,"href":"https:\/\/ksiegarnia-akademicka.pl\/index.php\/wp-json\/wp\/v2\/product_tag?post=11371"}],"curies":[{"name":"wp","href":"https:\/\/api.w.org\/{rel}","templated":true}]}}