{"id":11359,"date":"2019-07-10T11:31:41","date_gmt":"2019-07-10T09:31:41","guid":{"rendered":"http:\/\/ksiegarnia-akademicka.pl\/?post_type=product&#038;p=11359"},"modified":"2024-12-04T16:15:27","modified_gmt":"2024-12-04T15:15:27","slug":"rodo-dla-samorzadu-i-administracji-zmiany-od-4-maja-2019","status":"publish","type":"product","link":"https:\/\/ksiegarnia-akademicka.pl\/index.php\/product\/rodo-dla-samorzadu-i-administracji-zmiany-od-4-maja-2019\/","title":{"rendered":"RODO dla samorz\u0105du i administracji Zmiany od 4 maja 2019"},"content":{"rendered":"<p>Autor:<br \/>\nKatarzyna Czajkowska-Matosiuk<br \/>\nWydawca: Infor<br \/>\nOprawa: Kartonowa Foliowana<br \/>\nFormat: 16.5&#215;23.5cm<br \/>\nLiczba stron: 150<br \/>\nRok wydania: 2019<br \/>\nJ\u0119zyk wydania: polski<\/p>\n<p>Jednostki samorz\u0105du i administracji przetwarzaj\u0105ce dane osobowe musz\u0105 stosowa\u0107 przepisy unijnego rozporz\u0105dzenia RODO i przepisy ustawy o ochronie danych osobowych. Dodatkowo powinny wdro\u017cy\u0107 najnowsze zmiany dostosowuj\u0105ce krajowe regulacje do przepis\u00f3w unijnych w zakresie ochrony danych osobowych, kt\u00f3re wesz\u0142y z \u017cycie 4 maja 2019 r.<br \/>\nZmiany dostosowuj\u0105ce przepisy krajowe do RODO dotycz\u0105 bardzo wielu dziedzin. W ustawach z zakresu administracji i post\u0119powania podatkowego sprecyzowano, w jaki spos\u00f3b obowi\u0105zek informacyjny wynikaj\u0105cy z RODO ma by\u0107 wykonywany przez organy podatkowe. Okre\u015blono r\u00f3wnie\u017c specyficzny zakres upowa\u017cnienia do przetwarzania danych wra\u017cliwych przez organy administracji publicznej. Prawid\u0142owe stosowanie tych zasad wymaga przegl\u0105du zada\u0144 i procedur pod k\u0105tem ich aktualizacji do nowych przepis\u00f3w. Nale\u017cy tak\u017ce dostosowa\u0107 dokumenty i druki dotycz\u0105ce przetwarzania danych osobowych do wymog\u00f3w RODO.<br \/>\nPublikacja jest praktycznym kompendium u\u0142atwiaj\u0105cym stosowanie w jednostkach samorz\u0105du terytorialnego oraz administracji zasad ochrony danych osobowych wymaganych przez unijne rozporz\u0105dzenie RODO i przepisy ustawy o ochronie danych osobowych. W poradniku zosta\u0142y opisane kluczowe zmiany wprowadzone przez RODO, obowi\u0105zki, jakie zosta\u0142y na\u0142o\u017cone na urz\u0119dy i organy samorz\u0105du, a tak\u017ce zasady nadzoru i sankcje za nieprzestrzeganie nowych przepis\u00f3w.<br \/>\nKsi\u0105\u017cka zosta\u0142a napisana przyst\u0119pnym j\u0119zykiem. Zawiera liczne porady i obja\u015bnienia. Najtrudniejsze zagadnienia s\u0105 przedstawione na praktycznych przyk\u0142adach i poparte wypracowanym ju\u017c orzecznictwem s\u0105d\u00f3w administracyjnych. Cz\u0119\u015bci\u0105 publikacji jest pakiet wzor\u00f3w dokument\u00f3w, pism i o\u015bwiadcze\u0144 zwi\u0105zany z wdro\u017ceniem i stosowaniem nowych przepis\u00f3w. Zestaw aktywnych druk\u00f3w do wykorzystania przez Czytelnika zosta\u0142 za\u0142\u0105czony na no\u015bniku pendrive, stanowi\u0105cym cz\u0119\u015b\u0107 publikacji.<\/p>\n","protected":false},"excerpt":{"rendered":"<p>Autor: Katarzyna Czajkowska-Matosiuk Wydawca: Infor Oprawa: Kartonowa Foliowana Format: 16.5&#215;23.5cm [&hellip;]<\/p>\n","protected":false},"featured_media":11360,"template":"","meta":[],"product_brand":[],"product_cat":[7492,18,7494],"product_tag":[3092,7619,486],"class_list":{"0":"post-11359","1":"product","2":"type-product","3":"status-publish","4":"has-post-thumbnail","6":"product_cat-administracyjne","7":"product_cat-prawo","8":"product_cat-samorzad-terytorialny","9":"product_tag-ochrona-danych-osobowych","10":"product_tag-rodo","11":"product_tag-samorzad-terytorialny","13":"first","14":"instock","15":"sale","16":"shipping-taxable","17":"purchasable","18":"product-type-simple"},"_links":{"self":[{"href":"https:\/\/ksiegarnia-akademicka.pl\/index.php\/wp-json\/wp\/v2\/product\/11359","targetHints":{"allow":["GET"]}}],"collection":[{"href":"https:\/\/ksiegarnia-akademicka.pl\/index.php\/wp-json\/wp\/v2\/product"}],"about":[{"href":"https:\/\/ksiegarnia-akademicka.pl\/index.php\/wp-json\/wp\/v2\/types\/product"}],"wp:featuredmedia":[{"embeddable":true,"href":"https:\/\/ksiegarnia-akademicka.pl\/index.php\/wp-json\/wp\/v2\/media\/11360"}],"wp:attachment":[{"href":"https:\/\/ksiegarnia-akademicka.pl\/index.php\/wp-json\/wp\/v2\/media?parent=11359"}],"wp:term":[{"taxonomy":"product_brand","embeddable":true,"href":"https:\/\/ksiegarnia-akademicka.pl\/index.php\/wp-json\/wp\/v2\/product_brand?post=11359"},{"taxonomy":"product_cat","embeddable":true,"href":"https:\/\/ksiegarnia-akademicka.pl\/index.php\/wp-json\/wp\/v2\/product_cat?post=11359"},{"taxonomy":"product_tag","embeddable":true,"href":"https:\/\/ksiegarnia-akademicka.pl\/index.php\/wp-json\/wp\/v2\/product_tag?post=11359"}],"curies":[{"name":"wp","href":"https:\/\/api.w.org\/{rel}","templated":true}]}}