{"id":11333,"date":"2019-05-31T10:15:14","date_gmt":"2019-05-31T08:15:14","guid":{"rendered":"http:\/\/ksiegarnia-akademicka.pl\/?post_type=product&#038;p=11333"},"modified":"2019-09-11T09:06:22","modified_gmt":"2019-09-11T07:06:22","slug":"nowyje-wstrieczi-1-podrecznik-z-plyta-cd-kurs-dla-poczatkujacych","status":"publish","type":"product","link":"https:\/\/ksiegarnia-akademicka.pl\/index.php\/product\/nowyje-wstrieczi-1-podrecznik-z-plyta-cd-kurs-dla-poczatkujacych\/","title":{"rendered":"Nowyje wstrieczi 1 podr\u0119cznik z p\u0142yt\u0105 CD Kurs dla pocz\u0105tkuj\u0105cych"},"content":{"rendered":"<p>Autor:<br \/>\nMiros\u0142aw Zybert<br \/>\nWydawca: WSiP<br \/>\nOprawa: Mi\u0119kka<br \/>\nFormat: 20.5&#215;29.5cm<br \/>\nLiczba stron: 120<br \/>\nWydanie: 10<br \/>\nRok wydania: 2011<br \/>\nJ\u0119zyk wydania: rosyjski, polski<\/p>\n<p>Podr\u0119cznik wprowadza litery alfabetu rosyjskiego, uczy prawid\u0142owej wymowy, akcentuacji i intonacji. Tematyka rozdzia\u0142\u00f3w koncentruje si\u0119 wok\u00f3\u0142 \u017cycia codziennego m\u0142odzie\u017cy polskiej i rosyjskiej. Przyst\u0119pny spos\u00f3b prezentacji materia\u0142u ortograficznego, gramatycznego i leksykalnego u\u0142atwia jego zrozumienie i praktyczne zastosowanie. Przy poszczeg\u00f3lnych tematach podane s\u0105 adresy rosyjskich stron internetowych, sprzyjaj\u0105cych poszerzeniu wiedzy i samokszta\u0142ceniu. W podr\u0119czniku znajduj\u0105 si\u0119 r\u00f3wnie\u017c: teksty do samodzielnego czytania, zestawienie rz\u0105du czasownik\u00f3w polskich i rosyjskich, s\u0142ownik rosyjsko-polski.<br \/>\nNa p\u0142ycie CD zosta\u0142y nagrane teksty z podr\u0119cznika oraz kr\u00f3tkie opowiadania przeznaczone do s\u0142uchania.<\/p>\n","protected":false},"excerpt":{"rendered":"<p>Autor: Miros\u0142aw Zybert Wydawca: WSiP Oprawa: Mi\u0119kka Format: 20.5&#215;29.5cm Liczba [&hellip;]<\/p>\n","protected":false},"featured_media":11334,"template":"","meta":[],"product_brand":[],"product_cat":[37],"product_tag":[4093],"class_list":{"0":"post-11333","1":"product","2":"type-product","3":"status-publish","4":"has-post-thumbnail","6":"product_cat-jezyki-obce","7":"product_tag-jezyk-rosyjski","9":"first","10":"outofstock","11":"sale","12":"shipping-taxable","13":"purchasable","14":"product-type-simple"},"_links":{"self":[{"href":"https:\/\/ksiegarnia-akademicka.pl\/index.php\/wp-json\/wp\/v2\/product\/11333","targetHints":{"allow":["GET"]}}],"collection":[{"href":"https:\/\/ksiegarnia-akademicka.pl\/index.php\/wp-json\/wp\/v2\/product"}],"about":[{"href":"https:\/\/ksiegarnia-akademicka.pl\/index.php\/wp-json\/wp\/v2\/types\/product"}],"wp:featuredmedia":[{"embeddable":true,"href":"https:\/\/ksiegarnia-akademicka.pl\/index.php\/wp-json\/wp\/v2\/media\/11334"}],"wp:attachment":[{"href":"https:\/\/ksiegarnia-akademicka.pl\/index.php\/wp-json\/wp\/v2\/media?parent=11333"}],"wp:term":[{"taxonomy":"product_brand","embeddable":true,"href":"https:\/\/ksiegarnia-akademicka.pl\/index.php\/wp-json\/wp\/v2\/product_brand?post=11333"},{"taxonomy":"product_cat","embeddable":true,"href":"https:\/\/ksiegarnia-akademicka.pl\/index.php\/wp-json\/wp\/v2\/product_cat?post=11333"},{"taxonomy":"product_tag","embeddable":true,"href":"https:\/\/ksiegarnia-akademicka.pl\/index.php\/wp-json\/wp\/v2\/product_tag?post=11333"}],"curies":[{"name":"wp","href":"https:\/\/api.w.org\/{rel}","templated":true}]}}