{"id":11309,"date":"2019-05-30T15:44:49","date_gmt":"2019-05-30T13:44:49","guid":{"rendered":"http:\/\/ksiegarnia-akademicka.pl\/?post_type=product&#038;p=11309"},"modified":"2024-12-04T16:00:10","modified_gmt":"2024-12-04T15:00:10","slug":"konstytucja-i-ordynacja-podatkowa-jako-instrumenty-zapewnienia-bezpieczenstwa-prawnego-podatnika","status":"publish","type":"product","link":"https:\/\/ksiegarnia-akademicka.pl\/index.php\/product\/konstytucja-i-ordynacja-podatkowa-jako-instrumenty-zapewnienia-bezpieczenstwa-prawnego-podatnika\/","title":{"rendered":"Konstytucja i Ordynacja podatkowa jako instrumenty zapewnienia bezpiecze\u0144stwa prawnego podatnika"},"content":{"rendered":"<p>Autor:<br \/>\nTomasz Nowak<br \/>\nWydawca: Poltext<br \/>\nOprawa: Mi\u0119kka<br \/>\nFormat: 16.5&#215;23.5cm<br \/>\nLiczba stron: 304<br \/>\nWydanie: 1<br \/>\nRok wydania: 2019<br \/>\nJ\u0119zyk wydania: polski<\/p>\n<p>W ksi\u0105\u017cce om\u00f3wiono \u2013 wynikaj\u0105ce z Konstytucji RP oraz Ordynacji podatkowej \u2013 stopie\u0144 bezpiecze\u0144stwa prawnego podatnika przy okre\u015blaniu ci\u0119\u017caru podatkowego oraz instrumenty jego zapewnienia. Konieczno\u015b\u0107 podj\u0119cia tego zagadnienia wynika z faktu, \u017ce z okre\u015blaniem ci\u0119\u017caru podatkowego wi\u0105\u017ce si\u0119 niemal nieustanna ingerencja w dobra, kt\u00f3re s\u0142u\u017c\u0105 cz\u0142owiekowi do prze\u017cycia i funkcjonowania w spo\u0142ecze\u0144stwie. Rozpatrywanie bezpiecze\u0144stwa prawnego podatnika wymaga zatem uwzgl\u0119dnienia sprzeczno\u015bci pomi\u0119dzy w\u0142adztwem podatkowym pa\u0144stwa a \u2013 cho\u0107by tylko minimalnymi \u2013 standardami bezpiecze\u0144stwa i ochrony jednostki przed w\u0142adz\u0105 absolutn\u0105 pa\u0144stwa. Autor postawi\u0142 sobie za cel wyja\u015bnienie, na co \u2013 na gruncie Konstytucji RP oraz Ordynacji podatkowej \u2013 mo\u017ce liczy\u0107 podatnik w konfrontacji z realizacj\u0105 samoistnego, suwerennego i wy\u0142\u0105cznego prawa pa\u0144stwa do stanowienia podatk\u00f3w i innych danin publicznych.<br \/>\nTomasz Nowak \u2013 doktor nauk prawnych, pracownik Uniwersytetu \u0141\u00f3dzkiego (Katedra Prawa Finansowego na Wydziale Prawa i Administracji U\u0141), autor wielu publikacji z zakresu prawa podatkowego i finansowego.<\/p>\n","protected":false},"excerpt":{"rendered":"<p>Autor: Tomasz Nowak Wydawca: Poltext Oprawa: Mi\u0119kka Format: 16.5&#215;23.5cm Liczba [&hellip;]<\/p>\n","protected":false},"featured_media":11310,"template":"","meta":[],"product_brand":[],"product_cat":[22],"product_tag":[355,1055],"class_list":{"0":"post-11309","1":"product","2":"type-product","3":"status-publish","4":"has-post-thumbnail","6":"product_cat-podatki-i-prawo-podatkowe","7":"product_tag-podatki","8":"product_tag-prawo-podatkowe","10":"first","11":"instock","12":"sale","13":"shipping-taxable","14":"purchasable","15":"product-type-simple"},"_links":{"self":[{"href":"https:\/\/ksiegarnia-akademicka.pl\/index.php\/wp-json\/wp\/v2\/product\/11309","targetHints":{"allow":["GET"]}}],"collection":[{"href":"https:\/\/ksiegarnia-akademicka.pl\/index.php\/wp-json\/wp\/v2\/product"}],"about":[{"href":"https:\/\/ksiegarnia-akademicka.pl\/index.php\/wp-json\/wp\/v2\/types\/product"}],"wp:featuredmedia":[{"embeddable":true,"href":"https:\/\/ksiegarnia-akademicka.pl\/index.php\/wp-json\/wp\/v2\/media\/11310"}],"wp:attachment":[{"href":"https:\/\/ksiegarnia-akademicka.pl\/index.php\/wp-json\/wp\/v2\/media?parent=11309"}],"wp:term":[{"taxonomy":"product_brand","embeddable":true,"href":"https:\/\/ksiegarnia-akademicka.pl\/index.php\/wp-json\/wp\/v2\/product_brand?post=11309"},{"taxonomy":"product_cat","embeddable":true,"href":"https:\/\/ksiegarnia-akademicka.pl\/index.php\/wp-json\/wp\/v2\/product_cat?post=11309"},{"taxonomy":"product_tag","embeddable":true,"href":"https:\/\/ksiegarnia-akademicka.pl\/index.php\/wp-json\/wp\/v2\/product_tag?post=11309"}],"curies":[{"name":"wp","href":"https:\/\/api.w.org\/{rel}","templated":true}]}}