{"id":11295,"date":"2019-05-24T11:23:56","date_gmt":"2019-05-24T09:23:56","guid":{"rendered":"http:\/\/ksiegarnia-akademicka.pl\/?post_type=product&#038;p=11295"},"modified":"2024-12-04T16:00:32","modified_gmt":"2024-12-04T15:00:32","slug":"prawo-ubezpieczen-spolecznych-zasady-finansowanie-organizacja","status":"publish","type":"product","link":"https:\/\/ksiegarnia-akademicka.pl\/index.php\/product\/prawo-ubezpieczen-spolecznych-zasady-finansowanie-organizacja\/","title":{"rendered":"Prawo ubezpiecze\u0144 spo\u0142ecznych. Zasady, finansowanie, organizacja"},"content":{"rendered":"<p>Autor: prof. dr hab Gertruda U\u015bci\u0144ska<br \/>\nSeria: Podr\u0119czniki Prawnicze<br \/>\nRok wydania: 2019<br \/>\nISBN: 978-83-8158-406-7<br \/>\nLiczba stron: 206<br \/>\nOprawa: Mi\u0119kka <\/p>\n<p>Unikatowa na rynku wydawniczym publikacja dotycz\u0105ca prawa ubezpiecze\u0144 spo\u0142ecznych, kt\u00f3ra uwzgl\u0119dnia ostatnie regulacje dotycz\u0105ce zasad poboru i ewidencji sk\u0142adek pobieranych na ubezpieczenia spo\u0142eczne (e-sk\u0142adka) oraz elektronizacji akt pracowniczych (e-akta), wprowadzone w styczniu 2018 r. i styczniu 2019 r.  Opracowanie b\u0119d\u0105ce kompendium wiedzy o ubezpieczeniach spo\u0142ecznych, napisanym prostym i zrozumia\u0142ym j\u0119zykiem.<\/p>\n<p>W tre\u015bci publikacji wykorzystano aktualn\u0105 literatur\u0119 przedmiotu i orzecznictwo s\u0105d\u00f3w polskich, a przede wszystkim wyja\u015bnienia, stanowiska i poradniki Zak\u0142adu Ubezpiecze\u0144 Spo\u0142ecznych jako g\u0142\u00f3wnej instytucji odpowiedzialnej za stosowanie tego prawa. Opracowanie ma bardzo logiczny uk\u0142ad, kt\u00f3ry opiera si\u0119 na analizie ustawodawstwa, szczeg\u00f3lnie ustawy o systemie ubezpiecze\u0144 spo\u0142ecznych. Skomplikowane przepisy prawa ubezpiecze\u0144 spo\u0142ecznych ilustrowane s\u0105 licznymi przyk\u0142adami oraz wyrokami s\u0105d\u00f3w, co pozwala na zrozumienie stosowania tych przepis\u00f3w.<\/p>\n<p>Ksi\u0105\u017cka powsta\u0142a na bazie do\u015bwiadcze\u0144 autorki w prowadzeniu przez wiele lat zaj\u0119\u0107 z prawa zabezpieczenia spo\u0142ecznego i zg\u0142aszanych przez student\u00f3w, doktorant\u00f3w i innych odbiorc\u00f3w zapotrzebowania na takie kompendium wiedzy.<\/p>\n<p>Publikacja przydatna w procesie dydaktycznym dla student\u00f3w, doktorant\u00f3w i s\u0142uchaczy studi\u00f3w podyplomowych r\u00f3\u017cnych kierunk\u00f3w, m.in. prawa, zarz\u0105dzania, polityki spo\u0142ecznej, ekonomii, rachunkowo\u015bci i finans\u00f3w; wsz\u0119dzie tam, gdzie wyk\u0142adane jest prawo ubezpiecze\u0144 spo\u0142ecznych.<\/p>\n","protected":false},"excerpt":{"rendered":"<p>Autor: prof. dr hab Gertruda U\u015bci\u0144ska Seria: Podr\u0119czniki Prawnicze Rok [&hellip;]<\/p>\n","protected":false},"featured_media":11296,"template":"","meta":[],"product_brand":[],"product_cat":[21],"product_tag":[649,701,249,643],"class_list":{"0":"post-11295","1":"product","2":"type-product","3":"status-publish","4":"has-post-thumbnail","6":"product_cat-ubezpieczenia","7":"product_tag-prawo-ubezpieczen-spolecznych","8":"product_tag-seria-podreczniki-prawnicze","9":"product_tag-ubezpieczenia","10":"product_tag-ubezpieczenia-spoleczne","12":"first","13":"instock","14":"sale","15":"shipping-taxable","16":"purchasable","17":"product-type-simple"},"_links":{"self":[{"href":"https:\/\/ksiegarnia-akademicka.pl\/index.php\/wp-json\/wp\/v2\/product\/11295","targetHints":{"allow":["GET"]}}],"collection":[{"href":"https:\/\/ksiegarnia-akademicka.pl\/index.php\/wp-json\/wp\/v2\/product"}],"about":[{"href":"https:\/\/ksiegarnia-akademicka.pl\/index.php\/wp-json\/wp\/v2\/types\/product"}],"wp:featuredmedia":[{"embeddable":true,"href":"https:\/\/ksiegarnia-akademicka.pl\/index.php\/wp-json\/wp\/v2\/media\/11296"}],"wp:attachment":[{"href":"https:\/\/ksiegarnia-akademicka.pl\/index.php\/wp-json\/wp\/v2\/media?parent=11295"}],"wp:term":[{"taxonomy":"product_brand","embeddable":true,"href":"https:\/\/ksiegarnia-akademicka.pl\/index.php\/wp-json\/wp\/v2\/product_brand?post=11295"},{"taxonomy":"product_cat","embeddable":true,"href":"https:\/\/ksiegarnia-akademicka.pl\/index.php\/wp-json\/wp\/v2\/product_cat?post=11295"},{"taxonomy":"product_tag","embeddable":true,"href":"https:\/\/ksiegarnia-akademicka.pl\/index.php\/wp-json\/wp\/v2\/product_tag?post=11295"}],"curies":[{"name":"wp","href":"https:\/\/api.w.org\/{rel}","templated":true}]}}